{"id":36017,"date":"2025-06-17T14:10:18","date_gmt":"2025-06-17T14:10:18","guid":{"rendered":"https:\/\/mps.digital-monkey.in\/product\/eurol-refrigerante-36c-azul\/"},"modified":"2025-11-03T08:01:59","modified_gmt":"2025-11-03T08:01:59","slug":"eurol-refrigerante-36c-azul","status":"publish","type":"product","link":"https:\/\/mps.digital-monkey.in\/es\/producto\/eurol-refrigerante-36c-azul\/","title":{"rendered":"Eurol Refrigerante -36\u00b0C ( AZUL )"},"content":{"rendered":"<p><strong>Refrigerante Eurol -36\u00b0C BS 6580<\/strong><\/p>\n<p>Cumple la norma BS 6580, adecuado para sistemas de refrigeraci\u00f3n abiertos y cerrados.<\/p>\n<p>El Eurol\u00edquido Refrigerante -36 es un medio especialmente desarrollado para sistemas de refrigeraci\u00f3n abiertos y cerrados seg\u00fan los modernos requisitos de los fabricantes europeos de autom\u00f3viles. Este refrigerante tambi\u00e9n es aplicable a sistemas de transferencia de calor e instalaciones de calefacci\u00f3n central. <\/p>\n<p>El refrigerante Eurol -36 evita la molesta formaci\u00f3n de dep\u00f3sitos calc\u00e1reos, la corrosi\u00f3n, la formaci\u00f3n de espuma, los lodos y las fugas. No da\u00f1a el caucho, los pl\u00e1sticos, los metales, el aluminio ni las aleaciones. <\/p>\n<p>El l\u00edquido refrigerante Eurol -36 proporciona una protecci\u00f3n anticongelante permanente garantizada hasta -36 \u00b0C y debe utilizarse sin diluir, por lo que nunca se debe rellenar con agua.<\/p>\n<p>Eurol Coolant -36 no contiene nitritos, aminas ni fosfatos.<\/p>\n<p>\u00a1Adecuado para invernar el motor de tu barco!<\/p>\n","protected":false},"excerpt":{"rendered":"<p>Refrigerante Eurol -36\u00b0C BS 6580 Cumple la norma BS 6580, adecuado para sistemas de refrigeraci\u00f3n abiertos y cerrados. El Eurol\u00edquido Refrigerante -36 es un medio especialmente desarrollado para sistemas de refrigeraci\u00f3n abiertos y cerrados seg\u00fan los modernos requisitos de los fabricantes europeos de autom\u00f3viles. Este refrigerante tambi\u00e9n es aplicable a sistemas de transferencia de calor [&hellip;]<\/p>\n","protected":false},"featured_media":36018,"comment_status":"open","ping_status":"closed","template":"","meta":[],"product_brand":[],"product_cat":[2497,3030],"product_tag":[],"class_list":{"0":"post-36017","1":"product","2":"type-product","3":"status-publish","4":"has-post-thumbnail","6":"product_cat-piezas-de-mantenimiento-del-motor","7":"product_cat-refrigerante","9":"first","10":"onbackorder","11":"taxable","12":"shipping-taxable","13":"purchasable","14":"product-type-variable"},"supplier_id":null,"supplier_sku":"","barcode":null,"atum_controlled":true,"out_stock_date":"2025-11-03 08:01:08","out_stock_threshold":null,"inheritable":true,"inbound_stock":0,"stock_on_hold":0,"sold_today":0,"sales_last_days":0,"reserved_stock":0,"customer_returns":0,"warehouse_damage":0,"lost_in_post":0,"other_logs":0,"out_stock_days":0,"lost_sales":0,"has_location":false,"update_date":"2025-11-03T08:01:10","atum_locations":[],"atum_stock_status":"onbackorder","restock_status":false,"low_stock_amount":"","sales_update_date":"2025-10-07T07:22:35","calc_backorders":null,"_links":{"self":[{"href":"https:\/\/mps.digital-monkey.in\/es\/wp-json\/wp\/v2\/product\/36017","targetHints":{"allow":["GET"]}}],"collection":[{"href":"https:\/\/mps.digital-monkey.in\/es\/wp-json\/wp\/v2\/product"}],"about":[{"href":"https:\/\/mps.digital-monkey.in\/es\/wp-json\/wp\/v2\/types\/product"}],"replies":[{"embeddable":true,"href":"https:\/\/mps.digital-monkey.in\/es\/wp-json\/wp\/v2\/comments?post=36017"}],"wp:featuredmedia":[{"embeddable":true,"href":"https:\/\/mps.digital-monkey.in\/es\/wp-json\/wp\/v2\/media\/36018"}],"wp:attachment":[{"href":"https:\/\/mps.digital-monkey.in\/es\/wp-json\/wp\/v2\/media?parent=36017"}],"wp:term":[{"taxonomy":"product_brand","embeddable":true,"href":"https:\/\/mps.digital-monkey.in\/es\/wp-json\/wp\/v2\/product_brand?post=36017"},{"taxonomy":"product_cat","embeddable":true,"href":"https:\/\/mps.digital-monkey.in\/es\/wp-json\/wp\/v2\/product_cat?post=36017"},{"taxonomy":"product_tag","embeddable":true,"href":"https:\/\/mps.digital-monkey.in\/es\/wp-json\/wp\/v2\/product_tag?post=36017"}],"curies":[{"name":"wp","href":"https:\/\/api.w.org\/{rel}","templated":true}]}}