{"id":36074,"date":"2025-06-17T14:10:20","date_gmt":"2025-06-17T14:10:20","guid":{"rendered":"https:\/\/mps.digital-monkey.in\/product\/eurol-refrigerante-xl-36c-amarillo\/"},"modified":"2026-02-26T10:26:31","modified_gmt":"2026-02-26T10:26:31","slug":"eurol-refrigerante-xl-36c-amarillo","status":"publish","type":"product","link":"https:\/\/mps.digital-monkey.in\/es\/producto\/eurol-refrigerante-xl-36c-amarillo\/","title":{"rendered":"Eurol Coolant XL-36 - Refrigerante marino de larga duraci\u00f3n (-36\u00b0C, homologado Volvo VCS)"},"content":{"rendered":"<p data-start=\"341\" data-end=\"664\">El <strong data-start=\"345\" data-end=\"368\">Eurol Coolant XL-36<\/strong> es un <strong data-start=\"382\" data-end=\"415\">refrigerante y anticongelante marino<\/strong> de primera calidad especialmente desarrollado para <strong data-start=\"440\" data-end=\"469\">motores de embarcaciones refrigerados por agua<\/strong>. Totalmente conforme con la <strong data-start=\"496\" data-end=\"545\">especificaci\u00f3n VCS (Volvo Coolant Specification) de Volvo Penta<\/strong>, proporciona una protecci\u00f3n duradera para <strong data-start=\"587\" data-end=\"643\">motores marinos, intercambiadores de calor y sistemas de refrigeraci\u00f3n<\/strong> en todas las condiciones. <\/p>\n<p data-start=\"666\" data-end=\"931\">Basado en la avanzada <strong data-start=\"684\" data-end=\"717\">tecnolog\u00eda OAT (Tecnolog\u00eda de \u00c1cidos Org\u00e1nicos)<\/strong>, este refrigerante <strong data-start=\"735\" data-end=\"752\">no contiene silicatos<\/strong> y evita <strong data-start=\"766\" data-end=\"822\">la corrosi\u00f3n, la cavitaci\u00f3n, las incrustaciones y la formaci\u00f3n de lodos<\/strong>. Garantiza un funcionamiento fiable y prolonga la vida del <strong data-start=\"878\" data-end=\"928\">aluminio, las aleaciones, las gomas, los pl\u00e1sticos y las juntas<\/strong>. <\/p>\n<h3 data-start=\"933\" data-end=\"951\">Beneficios clave<\/h3>\n<ul data-start=\"952\" data-end=\"1288\">\n<li data-start=\"952\" data-end=\"995\">\n<p data-start=\"954\" data-end=\"995\">Cumple <strong data-start=\"960\" data-end=\"993\">la especificaci\u00f3n Volvo Penta VCS<\/strong><\/p>\n<\/li>\n<li data-start=\"996\" data-end=\"1030\">\n<p data-start=\"998\" data-end=\"1030\"><strong data-start=\"998\" data-end=\"1028\">Protecci\u00f3n contra la congelaci\u00f3n hasta -36\u00b0C<\/strong><\/p>\n<\/li>\n<li data-start=\"1031\" data-end=\"1074\">\n<p data-start=\"1033\" data-end=\"1074\">Protecci\u00f3n de larga duraci\u00f3n: hasta <strong data-start=\"1061\" data-end=\"1072\">5 a\u00f1os<\/strong><\/p>\n<\/li>\n<li data-start=\"1075\" data-end=\"1122\">\n<p data-start=\"1077\" data-end=\"1122\">Evita <strong data-start=\"1086\" data-end=\"1120\">la corrosi\u00f3n, los lodos y la cavitaci\u00f3n<\/strong><\/p>\n<\/li>\n<li data-start=\"1123\" data-end=\"1197\">\n<p data-start=\"1125\" data-end=\"1197\">Compatible con la mayor\u00eda de refrigerantes OEM (mezclable sin riesgo de gel\/lodos)<\/p>\n<\/li>\n<li data-start=\"1198\" data-end=\"1288\">\n<p data-start=\"1200\" data-end=\"1288\">M\u00e1s seguro para el medio ambiente: sin nitritos, aminas, boratos, fosfatos, nitratos ni silicatos<\/p>\n<\/li>\n<\/ul>\n<h3 data-start=\"1290\" data-end=\"1320\">Especificaciones t\u00e9cnicas<\/h3>\n<ul data-start=\"1321\" data-end=\"1497\">\n<li data-start=\"1321\" data-end=\"1354\">\n<p data-start=\"1323\" data-end=\"1354\"><strong data-start=\"1323\" data-end=\"1344\">Contenido (volumen):<\/strong> 1L Y 5L<\/p>\n<\/li>\n<li data-start=\"1355\" data-end=\"1376\">\n<p data-start=\"1357\" data-end=\"1376\"><strong data-start=\"1357\" data-end=\"1367\">Color:<\/strong> Amarillo<\/p>\n<\/li>\n<li data-start=\"1377\" data-end=\"1414\">\n<p data-start=\"1379\" data-end=\"1414\"><strong data-start=\"1379\" data-end=\"1399\">Densidad a 20\u00b0C:<\/strong> 1,0692 g\/cm\u00b3<\/p>\n<\/li>\n<li data-start=\"1415\" data-end=\"1441\">\n<p data-start=\"1417\" data-end=\"1441\"><strong data-start=\"1417\" data-end=\"1432\">Punto de inflamaci\u00f3n:<\/strong> 111 \u00b0C<\/p>\n<\/li>\n<li data-start=\"1442\" data-end=\"1475\">\n<p data-start=\"1444\" data-end=\"1475\"><strong data-start=\"1444\" data-end=\"1466\">Protecci\u00f3n contra la congelaci\u00f3n:<\/strong> -36 \u00b0C<\/p>\n<\/li>\n<li data-start=\"1476\" data-end=\"1497\">\n<p data-start=\"1478\" data-end=\"1497\"><strong data-start=\"1478\" data-end=\"1491\">Valor pH:<\/strong> 8,4<\/p>\n<\/li>\n<\/ul>\n<p data-start=\"1499\" data-end=\"1608\">\u2705 Ideal para <strong data-start=\"1511\" data-end=\"1569\">Volvo Penta, Yanmar, Mercury y otros motores marinos<\/strong> que requieran <strong data-start=\"1580\" data-end=\"1605\">refrigerante VCS de larga duraci\u00f3n<\/strong>.<\/p>\n","protected":false},"excerpt":{"rendered":"<p>El Eurol Coolant XL-36 es un refrigerante y anticongelante marino de primera calidad especialmente desarrollado para motores de embarcaciones refrigerados por agua. Totalmente conforme con la especificaci\u00f3n VCS (Volvo Coolant Specification) de Volvo Penta, proporciona una protecci\u00f3n duradera para motores marinos, intercambiadores de calor y sistemas de refrigeraci\u00f3n en todas las condiciones. Basado en la [&hellip;]<\/p>\n","protected":false},"featured_media":38406,"comment_status":"open","ping_status":"closed","template":"","meta":[],"product_brand":[4240,4241,4229,4235],"product_cat":[2729,2497,4534,4724,4525,3030,4540,4539,4462],"product_tag":[],"class_list":{"0":"post-36074","1":"product","2":"type-product","3":"status-publish","4":"has-post-thumbnail","6":"product_brand-nanni","7":"product_brand-vetus","8":"product_brand-volvo-penta","9":"product_brand-yanmar","10":"product_cat-aceites-y-liquidos","11":"product_cat-piezas-de-mantenimiento-del-motor","12":"product_cat-piezas-de-servicio-yanmar","13":"product_cat-recambios-servicio-volvo-penta-serie-2000","14":"product_cat-recambios-volvo-penta","15":"product_cat-refrigerante","16":"product_cat-repuestos-vetus","17":"product_cat-vetus","18":"product_cat-volvo-penta-serie-2000","19":"pa_condition-nuevo","20":"pa_oem-or-aftermarket-posventa","22":"first","23":"instock","24":"taxable","25":"shipping-taxable","26":"purchasable","27":"product-type-variable"},"supplier_id":null,"supplier_sku":"","barcode":null,"atum_controlled":true,"out_stock_date":null,"out_stock_threshold":null,"inheritable":true,"inbound_stock":0,"stock_on_hold":0,"sold_today":0,"sales_last_days":0,"reserved_stock":0,"customer_returns":0,"warehouse_damage":0,"lost_in_post":0,"other_logs":0,"out_stock_days":0,"lost_sales":0,"has_location":false,"update_date":"2026-02-26T10:26:00","atum_locations":[],"atum_stock_status":"instock","restock_status":false,"low_stock_amount":"","sales_update_date":"2025-08-29T00:00:37","calc_backorders":null,"_links":{"self":[{"href":"https:\/\/mps.digital-monkey.in\/es\/wp-json\/wp\/v2\/product\/36074","targetHints":{"allow":["GET"]}}],"collection":[{"href":"https:\/\/mps.digital-monkey.in\/es\/wp-json\/wp\/v2\/product"}],"about":[{"href":"https:\/\/mps.digital-monkey.in\/es\/wp-json\/wp\/v2\/types\/product"}],"replies":[{"embeddable":true,"href":"https:\/\/mps.digital-monkey.in\/es\/wp-json\/wp\/v2\/comments?post=36074"}],"wp:featuredmedia":[{"embeddable":true,"href":"https:\/\/mps.digital-monkey.in\/es\/wp-json\/wp\/v2\/media\/38406"}],"wp:attachment":[{"href":"https:\/\/mps.digital-monkey.in\/es\/wp-json\/wp\/v2\/media?parent=36074"}],"wp:term":[{"taxonomy":"product_brand","embeddable":true,"href":"https:\/\/mps.digital-monkey.in\/es\/wp-json\/wp\/v2\/product_brand?post=36074"},{"taxonomy":"product_cat","embeddable":true,"href":"https:\/\/mps.digital-monkey.in\/es\/wp-json\/wp\/v2\/product_cat?post=36074"},{"taxonomy":"product_tag","embeddable":true,"href":"https:\/\/mps.digital-monkey.in\/es\/wp-json\/wp\/v2\/product_tag?post=36074"}],"curies":[{"name":"wp","href":"https:\/\/api.w.org\/{rel}","templated":true}]}}