{"id":36104,"date":"2025-09-01T07:33:09","date_gmt":"2025-09-01T07:33:09","guid":{"rendered":"https:\/\/mps.digital-monkey.in\/product\/eje-de-helice-speedi-sleeve-volvo-penta-120-130-150-saildrives\/"},"modified":"2025-12-02T11:08:30","modified_gmt":"2025-12-02T11:08:30","slug":"eje-de-helice-speedi-sleeve-volvo-penta-120-130-150-saildrives","status":"publish","type":"product","link":"https:\/\/mps.digital-monkey.in\/es\/product\/eje-de-helice-speedi-sleeve-volvo-penta-120-130-150-saildrives\/","title":{"rendered":"Eje de h\u00e9lice Speedi-Sleeve &#8211; Volvo Penta 120\/130\/150 Saildrives"},"content":{"rendered":"<p data-start=\"339\" data-end=\"540\">Este <strong data-start=\"357\" data-end=\"374\">manguito Speedi-Sleeve<\/strong> de alta calidad est\u00e1 dise\u00f1ado para restaurar la superficie de sellado de <strong data-start=\"437\" data-end=\"457\">ejes de h\u00e9lice<\/strong>desgastados o ranurados <strong data-start=\"437\" data-end=\"457\">: una<\/strong>soluci\u00f3n rentable cuando no es necesario sustituir o reconstruir el eje.<\/p>\n<p data-start=\"542\" data-end=\"769\">Ideal para superficies de estanquidad que se han desgastado por el contacto prolongado con retenes de eje, este manguito dise\u00f1ado con precisi\u00f3n proporciona una superficie lisa y endurecida que prolonga la vida \u00fatil de tus nuevos retenes de eje y evita las fugas.<\/p>\n<p data-start=\"771\" data-end=\"791\"><strong data-start=\"771\" data-end=\"791\">Compatible con:<\/strong><\/p>\n<ul data-start=\"792\" data-end=\"883\">\n<li data-start=\"792\" data-end=\"843\">\n<p data-start=\"794\" data-end=\"843\">Volvo Penta 120C-D, 120S, 120S-B, 120S-E, S120C<\/p>\n<\/li>\n<li data-start=\"844\" data-end=\"864\">\n<p data-start=\"846\" data-end=\"864\">Volvo Penta 130S<\/p>\n<\/li>\n<li data-start=\"865\" data-end=\"883\">\n<p data-start=\"867\" data-end=\"883\">Volvo Penta 150S<\/p>\n<\/li>\n<\/ul>\n<p data-start=\"885\" data-end=\"1015\"><strong data-start=\"885\" data-end=\"901\">Uso t\u00edpico:<\/strong><br data-start=\"901\" data-end=\"904\">Se utiliza durante las revisiones de saildrive o retenes cuando hay estr\u00edas o picaduras en la superficie de sellado del eje.<\/p>\n<p data-start=\"1017\" data-end=\"1030\"><strong data-start=\"1017\" data-end=\"1030\">Caracter\u00edsticas:<\/strong><\/p>\n<ul data-start=\"1031\" data-end=\"1236\">\n<li data-start=\"1031\" data-end=\"1063\">\n<p data-start=\"1033\" data-end=\"1063\">Construcci\u00f3n de acero inoxidable<\/p>\n<\/li>\n<li data-start=\"1064\" data-end=\"1127\">\n<p data-start=\"1066\" data-end=\"1127\">Instalaci\u00f3n r\u00e1pida y sencilla: no es necesario desmontar el eje<\/p>\n<\/li>\n<li data-start=\"1128\" data-end=\"1192\">\n<p data-start=\"1130\" data-end=\"1192\">Evita las fugas de aceite y agua causadas por el desgaste de las superficies de estanqueidad<\/p>\n<\/li>\n<li data-start=\"1193\" data-end=\"1236\">\n<p data-start=\"1195\" data-end=\"1236\">Ajuste de precisi\u00f3n con un grosor de pared m\u00ednimo<\/p>\n<\/li>\n<\/ul>\n<p data-start=\"1238\" data-end=\"1372\"><strong data-start=\"1238\" data-end=\"1266\">\u00bfPor qu\u00e9 utilizar un manguito Speedi?<\/strong><br data-start=\"1266\" data-end=\"1269\">Evita la costosa sustituci\u00f3n del eje: este manguito restaura la zona de estanquidad al estado de f\u00e1brica en cuesti\u00f3n de minutos.<\/p>\n","protected":false},"excerpt":{"rendered":"<p>Este manguito Speedi-Sleeve de alta calidad est\u00e1 dise\u00f1ado para restaurar la superficie de sellado de ejes de h\u00e9licedesgastados o ranurados : unasoluci\u00f3n rentable cuando no es necesario sustituir o reconstruir el eje. Ideal para superficies de estanquidad que se han desgastado por el contacto prolongado con retenes de eje, este manguito dise\u00f1ado con precisi\u00f3n proporciona [&hellip;]<\/p>\n","protected":false},"featured_media":36105,"comment_status":"open","ping_status":"closed","template":"","meta":[],"product_brand":[4229],"product_cat":[4486,4495,3040,3970,4525,4598,4573],"product_tag":[],"class_list":{"0":"post-36104","1":"product","2":"type-product","3":"status-publish","4":"has-post-thumbnail","6":"product_brand-volvo-penta","7":"product_cat-necesitas-piezas-volvo-penta","8":"product_cat-comprar-recambios-usados-volvo-penta","9":"product_cat-kits-de-mantenimiento-y-reparacion","10":"product_cat-kits-de-reparacion-saildrive","11":"product_cat-recambios-volvo-penta","12":"product_cat-recambios-volvo-penta-120s-saildrive-service","13":"product_cat-recambios-volvo-penta-saildrive-service","14":"pa_condition-nuevo","15":"pa_model-120s","16":"pa_model-130s","17":"pa_model-150s","19":"first","20":"onbackorder","21":"taxable","22":"shipping-taxable","23":"purchasable","24":"product-type-simple"},"supplier_id":null,"supplier_sku":"SKF CR 99125","barcode":null,"atum_controlled":true,"out_stock_date":null,"out_stock_threshold":null,"inheritable":false,"inbound_stock":0,"stock_on_hold":0,"sold_today":0,"sales_last_days":1,"reserved_stock":0,"customer_returns":0,"warehouse_damage":0,"lost_in_post":0,"other_logs":0,"out_stock_days":0,"lost_sales":0,"has_location":false,"update_date":"2025-12-11T11:05:12","atum_locations":[],"atum_stock_status":"onbackorder","restock_status":false,"low_stock_amount":1,"sales_update_date":"2025-12-11T11:05:12","calc_backorders":-1,"_links":{"self":[{"href":"https:\/\/mps.digital-monkey.in\/es\/wp-json\/wp\/v2\/product\/36104","targetHints":{"allow":["GET"]}}],"collection":[{"href":"https:\/\/mps.digital-monkey.in\/es\/wp-json\/wp\/v2\/product"}],"about":[{"href":"https:\/\/mps.digital-monkey.in\/es\/wp-json\/wp\/v2\/types\/product"}],"replies":[{"embeddable":true,"href":"https:\/\/mps.digital-monkey.in\/es\/wp-json\/wp\/v2\/comments?post=36104"}],"wp:featuredmedia":[{"embeddable":true,"href":"https:\/\/mps.digital-monkey.in\/es\/wp-json\/wp\/v2\/media\/36105"}],"wp:attachment":[{"href":"https:\/\/mps.digital-monkey.in\/es\/wp-json\/wp\/v2\/media?parent=36104"}],"wp:term":[{"taxonomy":"product_brand","embeddable":true,"href":"https:\/\/mps.digital-monkey.in\/es\/wp-json\/wp\/v2\/product_brand?post=36104"},{"taxonomy":"product_cat","embeddable":true,"href":"https:\/\/mps.digital-monkey.in\/es\/wp-json\/wp\/v2\/product_cat?post=36104"},{"taxonomy":"product_tag","embeddable":true,"href":"https:\/\/mps.digital-monkey.in\/es\/wp-json\/wp\/v2\/product_tag?post=36104"}],"curies":[{"name":"wp","href":"https:\/\/api.w.org\/{rel}","templated":true}]}}