{"id":36134,"date":"2025-09-01T08:56:37","date_gmt":"2025-09-01T08:56:37","guid":{"rendered":"https:\/\/mps.digital-monkey.in\/product\/junta-de-culata-yanmar-129002-01331-motores-3jh3\/"},"modified":"2025-09-01T09:27:47","modified_gmt":"2025-09-01T09:27:47","slug":"junta-de-culata-yanmar-129002-01331-motores-3jh3","status":"publish","type":"product","link":"https:\/\/mps.digital-monkey.in\/es\/product\/junta-de-culata-yanmar-129002-01331-motores-3jh3\/","title":{"rendered":"Junta de culata Yanmar &#8211; 129002-01331 (Motores 3JH3)"},"content":{"rendered":"<p data-start=\"429\" data-end=\"626\">Esta <strong data-start=\"434\" data-end=\"480\">junta de culata Yanmar (129002-01331)<\/strong> es un recambio de alta calidad equivalente al OEM dise\u00f1ado para los motores diesel marinos de la serie <strong data-start=\"543\" data-end=\"551\">3JH3<\/strong>, incluidas variantes como el <strong data-start=\"610\" data-end=\"625\">3JH3E-YEU-E<\/strong>.<\/p>\n<p data-start=\"628\" data-end=\"827\">Ideal para reconstrucciones de motor, reparaciones o mantenimiento preventivo, esta junta garantiza una compresi\u00f3n adecuada y evita fugas de refrigerante, aceite y gases de combusti\u00f3n entre la culata y el bloque motor.<\/p>\n<p data-start=\"829\" data-end=\"917\">\u2714 <strong data-start=\"829\" data-end=\"851\">Compatible con:<\/strong><br data-start=\"851\" data-end=\"854\">&#8211; Motores diesel marinos Yanmar 3JH3 variantes E-,YEU-E<\/p>\n<p data-start=\"919\" data-end=\"1145\"><strong data-start=\"919\" data-end=\"935\">\ud83d\udd27 Caracter\u00edsticas:<\/strong><br data-start=\"935\" data-end=\"938\">&#8211; Ajuste y fiabilidad OEM<br data-start=\"963\" data-end=\"966\">&#8211; Construcci\u00f3n de material compuesto resistente al calor y a la presi\u00f3n<br data-start=\"1019\" data-end=\"1022\">&#8211; Mantiene el sellado cr\u00edtico en todas las condiciones de funcionamiento marino<br data-start=\"1088\" data-end=\"1091\">&#8211; F\u00e1cil sustituci\u00f3n de juntas desgastadas o da\u00f1adas<\/p>\n<p data-start=\"1147\" data-end=\"1220\"><strong data-start=\"1147\" data-end=\"1166\">\ud83d\udce6 N\u00famero de pieza:<\/strong> 129002-01331<br data-start=\"1179\" data-end=\"1182\"><strong data-start=\"1182\" data-end=\"1196\">Estado:<\/strong> Nuevo (OEM o equivalente)<\/p>\n<hr data-start=\"1222\" data-end=\"1225\">\n<p data-start=\"1227\" data-end=\"1381\"><strong data-start=\"1227\" data-end=\"1255\">En stock &#8211; Listo para enviar<\/strong><br data-start=\"1255\" data-end=\"1258\">\u00bfTienes preguntas sobre el ajuste? <a class=\"decorated-link\" href=\"https:\/\/mps.digital-monkey.in\/es\/contacta-con-nosotros\/?utm_source=chatgpt.com\" target=\"_new\" rel=\"noopener\" data-start=\"1288\" data-end=\"1342\">Ponte en contacto con nosotros<\/a> e ind\u00edcanos tu n\u00famero de motor para que te ayudemos r\u00e1pidamente.<\/p>\n","protected":false},"excerpt":{"rendered":"<p>Esta junta de culata Yanmar (129002-01331) es un recambio de alta calidad equivalente al OEM dise\u00f1ado para los motores diesel marinos de la serie 3JH3, incluidas variantes como el 3JH3E-YEU-E. Ideal para reconstrucciones de motor, reparaciones o mantenimiento preventivo, esta junta garantiza una compresi\u00f3n adecuada y evita fugas de refrigerante, aceite y gases de combusti\u00f3n [&hellip;]<\/p>\n","protected":false},"featured_media":36135,"comment_status":"open","ping_status":"closed","template":"","meta":[],"product_brand":[],"product_cat":[3041,3040,2497],"product_tag":[],"class_list":{"0":"post-36134","1":"product","2":"type-product","3":"status-publish","4":"has-post-thumbnail","6":"product_cat-juntas-de-motor","7":"product_cat-kits-de-mantenimiento-y-reparacion","8":"product_cat-piezas-de-mantenimiento-del-motor","9":"pa_condition-nuevo","10":"pa_model-3jh3","11":"pa_model-3jh3e","12":"pa_oem-or-aftermarket-posventa","14":"first","15":"onbackorder","16":"taxable","17":"shipping-taxable","18":"purchasable","19":"product-type-simple"},"supplier_id":7294,"supplier_sku":"REC129002\u201101331","barcode":null,"atum_controlled":true,"out_stock_date":"2025-09-01 08:56:38","out_stock_threshold":null,"inheritable":false,"inbound_stock":0,"stock_on_hold":0,"sold_today":0,"sales_last_days":0,"reserved_stock":0,"customer_returns":0,"warehouse_damage":0,"lost_in_post":0,"other_logs":0,"out_stock_days":20,"lost_sales":0,"has_location":false,"update_date":"2025-09-22T08:41:10","atum_locations":[],"atum_stock_status":"onbackorder","restock_status":false,"low_stock_amount":1,"sales_update_date":"2025-09-22T08:41:10","calc_backorders":null,"_links":{"self":[{"href":"https:\/\/mps.digital-monkey.in\/es\/wp-json\/wp\/v2\/product\/36134","targetHints":{"allow":["GET"]}}],"collection":[{"href":"https:\/\/mps.digital-monkey.in\/es\/wp-json\/wp\/v2\/product"}],"about":[{"href":"https:\/\/mps.digital-monkey.in\/es\/wp-json\/wp\/v2\/types\/product"}],"replies":[{"embeddable":true,"href":"https:\/\/mps.digital-monkey.in\/es\/wp-json\/wp\/v2\/comments?post=36134"}],"wp:featuredmedia":[{"embeddable":true,"href":"https:\/\/mps.digital-monkey.in\/es\/wp-json\/wp\/v2\/media\/36135"}],"wp:attachment":[{"href":"https:\/\/mps.digital-monkey.in\/es\/wp-json\/wp\/v2\/media?parent=36134"}],"wp:term":[{"taxonomy":"product_brand","embeddable":true,"href":"https:\/\/mps.digital-monkey.in\/es\/wp-json\/wp\/v2\/product_brand?post=36134"},{"taxonomy":"product_cat","embeddable":true,"href":"https:\/\/mps.digital-monkey.in\/es\/wp-json\/wp\/v2\/product_cat?post=36134"},{"taxonomy":"product_tag","embeddable":true,"href":"https:\/\/mps.digital-monkey.in\/es\/wp-json\/wp\/v2\/product_tag?post=36134"}],"curies":[{"name":"wp","href":"https:\/\/api.w.org\/{rel}","templated":true}]}}