{"id":36211,"date":"2025-06-17T14:10:47","date_gmt":"2025-06-17T14:10:47","guid":{"rendered":"https:\/\/mps.digital-monkey.in\/product\/juego-de-juntas-y-toricas-yanmar-sd40-sd50-eje-de-salida\/"},"modified":"2025-11-24T10:22:05","modified_gmt":"2025-11-24T10:22:05","slug":"juego-de-juntas-y-toricas-yanmar-sd40-sd50-eje-de-salida","status":"publish","type":"product","link":"https:\/\/mps.digital-monkey.in\/es\/producto\/juego-de-juntas-y-toricas-yanmar-sd40-sd50-eje-de-salida\/","title":{"rendered":"Juego de juntas y t\u00f3ricas Yanmar SD40, SD50 (Eje de salida)"},"content":{"rendered":"<p><strong>Juego de colecci\u00f3n con 2 juntas y varias juntas t\u00f3ricas para el saildrive Yanmar SD40 y SD50<\/strong><\/p>\n<p>Este juego es para la carcasa inferior del engranaje con el eje de salida.<\/p>\n<p><strong>Es un producto no original Yanmar (AFTERMARKET).<\/strong><\/p>\n<p><strong>\u00a1Pero una pieza de recambio de calidad!<\/strong><\/p>\n<p>&nbsp;<\/p>\n","protected":false},"excerpt":{"rendered":"<p>Juego de colecci\u00f3n con 2 juntas y varias juntas t\u00f3ricas para el saildrive Yanmar SD40 y SD50 Este juego es para la carcasa inferior del engranaje con el eje de salida. Es un producto no original Yanmar (AFTERMARKET). \u00a1Pero una pieza de recambio de calidad! &nbsp;<\/p>\n","protected":false},"featured_media":36212,"comment_status":"open","ping_status":"closed","template":"","meta":[],"product_brand":[4235],"product_cat":[3040,3970,2497,4569,4534],"product_tag":[],"class_list":{"0":"post-36211","1":"product","2":"type-product","3":"status-publish","4":"has-post-thumbnail","6":"product_brand-yanmar","7":"product_cat-kits-de-mantenimiento-y-reparacion","8":"product_cat-kits-de-reparacion-saildrive","9":"product_cat-piezas-de-mantenimiento-del-motor","10":"product_cat-piezas-de-recambio-yanmar-saildrive","11":"product_cat-piezas-de-servicio-yanmar","12":"pa_condition-nuevo","13":"pa_model-sd40","14":"pa_model-sd50","15":"pa_oem-or-aftermarket-posventa","17":"first","18":"onbackorder","19":"taxable","20":"shipping-taxable","21":"purchasable","22":"product-type-simple"},"supplier_id":null,"supplier_sku":"","barcode":null,"atum_controlled":true,"out_stock_date":null,"out_stock_threshold":null,"inheritable":false,"inbound_stock":0,"stock_on_hold":0,"sold_today":0,"sales_last_days":0,"reserved_stock":null,"customer_returns":null,"warehouse_damage":null,"lost_in_post":null,"other_logs":null,"out_stock_days":0,"lost_sales":0,"has_location":null,"update_date":"2026-02-16T10:59:30","atum_locations":[],"atum_stock_status":"onbackorder","restock_status":false,"low_stock_amount":1,"sales_update_date":"2026-02-16T10:59:30","calc_backorders":-1,"_links":{"self":[{"href":"https:\/\/mps.digital-monkey.in\/es\/wp-json\/wp\/v2\/product\/36211","targetHints":{"allow":["GET"]}}],"collection":[{"href":"https:\/\/mps.digital-monkey.in\/es\/wp-json\/wp\/v2\/product"}],"about":[{"href":"https:\/\/mps.digital-monkey.in\/es\/wp-json\/wp\/v2\/types\/product"}],"replies":[{"embeddable":true,"href":"https:\/\/mps.digital-monkey.in\/es\/wp-json\/wp\/v2\/comments?post=36211"}],"wp:featuredmedia":[{"embeddable":true,"href":"https:\/\/mps.digital-monkey.in\/es\/wp-json\/wp\/v2\/media\/36212"}],"wp:attachment":[{"href":"https:\/\/mps.digital-monkey.in\/es\/wp-json\/wp\/v2\/media?parent=36211"}],"wp:term":[{"taxonomy":"product_brand","embeddable":true,"href":"https:\/\/mps.digital-monkey.in\/es\/wp-json\/wp\/v2\/product_brand?post=36211"},{"taxonomy":"product_cat","embeddable":true,"href":"https:\/\/mps.digital-monkey.in\/es\/wp-json\/wp\/v2\/product_cat?post=36211"},{"taxonomy":"product_tag","embeddable":true,"href":"https:\/\/mps.digital-monkey.in\/es\/wp-json\/wp\/v2\/product_tag?post=36211"}],"curies":[{"name":"wp","href":"https:\/\/api.w.org\/{rel}","templated":true}]}}