{"id":36217,"date":"2025-06-17T14:10:47","date_gmt":"2025-06-17T14:10:47","guid":{"rendered":"https:\/\/mps.digital-monkey.in\/product\/juego-de-retenes-y-juntas-toricas-yanmar-sd20-sd25-sd30-eje-de-salida\/"},"modified":"2026-02-26T20:21:48","modified_gmt":"2026-02-26T20:21:48","slug":"juego-de-retenes-y-juntas-toricas-yanmar-sd20-sd25-sd30-eje-de-salida","status":"publish","type":"product","link":"https:\/\/mps.digital-monkey.in\/es\/product\/juego-de-retenes-y-juntas-toricas-yanmar-sd20-sd25-sd30-eje-de-salida\/","title":{"rendered":"Juego de retenes y juntas t\u00f3ricas Yanmar SD20, SD25, SD30 (Eje de salida)"},"content":{"rendered":"<p><strong>Juego de colecci\u00f3n con 2 juntas y varias juntas t\u00f3ricas para el saildrive Yanmar SD20, SD25, SD30 y SD31<\/strong><\/p>\n<p>Este juego es para el c\u00e1rter del engranaje inferior con el eje de salida.<\/p>\n<p>No se trata de un producto original Yanmar (AFTERMARKET), sino de un producto de recambio de buena calidad.<\/p>\n<p>&nbsp;<\/p>\n","protected":false},"excerpt":{"rendered":"<p>Juego de colecci\u00f3n con 2 juntas y varias juntas t\u00f3ricas para el saildrive Yanmar SD20, SD25, SD30 y SD31 Este juego es para el c\u00e1rter del engranaje inferior con el eje de salida. No se trata de un producto original Yanmar (AFTERMARKET), sino de un producto de recambio de buena calidad. &nbsp;<\/p>\n","protected":false},"featured_media":36218,"comment_status":"open","ping_status":"closed","template":"","meta":[],"product_brand":[4235],"product_cat":[3040,3970,2497,4569,4534],"product_tag":[],"class_list":{"0":"post-36217","1":"product","2":"type-product","3":"status-publish","4":"has-post-thumbnail","6":"product_brand-yanmar","7":"product_cat-kits-de-mantenimiento-y-reparacion","8":"product_cat-kits-de-reparacion-saildrive","9":"product_cat-piezas-de-mantenimiento-del-motor","10":"product_cat-piezas-de-recambio-yanmar-saildrive","11":"product_cat-piezas-de-servicio-yanmar","12":"pa_condition-nuevo","13":"pa_model-sd20","14":"pa_model-sd25","15":"pa_model-sd30","16":"pa_oem-or-aftermarket-posventa","18":"first","19":"instock","20":"taxable","21":"shipping-taxable","22":"purchasable","23":"product-type-simple"},"supplier_id":null,"supplier_sku":"","barcode":null,"atum_controlled":true,"out_stock_date":null,"out_stock_threshold":null,"inheritable":false,"inbound_stock":0,"stock_on_hold":2,"sold_today":1,"sales_last_days":1,"reserved_stock":null,"customer_returns":null,"warehouse_damage":null,"lost_in_post":null,"other_logs":null,"out_stock_days":0,"lost_sales":0,"has_location":null,"update_date":"2026-03-10T15:08:24","atum_locations":[],"atum_stock_status":"instock","restock_status":false,"low_stock_amount":1,"sales_update_date":null,"calc_backorders":0,"_links":{"self":[{"href":"https:\/\/mps.digital-monkey.in\/es\/wp-json\/wp\/v2\/product\/36217","targetHints":{"allow":["GET"]}}],"collection":[{"href":"https:\/\/mps.digital-monkey.in\/es\/wp-json\/wp\/v2\/product"}],"about":[{"href":"https:\/\/mps.digital-monkey.in\/es\/wp-json\/wp\/v2\/types\/product"}],"replies":[{"embeddable":true,"href":"https:\/\/mps.digital-monkey.in\/es\/wp-json\/wp\/v2\/comments?post=36217"}],"wp:featuredmedia":[{"embeddable":true,"href":"https:\/\/mps.digital-monkey.in\/es\/wp-json\/wp\/v2\/media\/36218"}],"wp:attachment":[{"href":"https:\/\/mps.digital-monkey.in\/es\/wp-json\/wp\/v2\/media?parent=36217"}],"wp:term":[{"taxonomy":"product_brand","embeddable":true,"href":"https:\/\/mps.digital-monkey.in\/es\/wp-json\/wp\/v2\/product_brand?post=36217"},{"taxonomy":"product_cat","embeddable":true,"href":"https:\/\/mps.digital-monkey.in\/es\/wp-json\/wp\/v2\/product_cat?post=36217"},{"taxonomy":"product_tag","embeddable":true,"href":"https:\/\/mps.digital-monkey.in\/es\/wp-json\/wp\/v2\/product_tag?post=36217"}],"curies":[{"name":"wp","href":"https:\/\/api.w.org\/{rel}","templated":true}]}}