{"id":36247,"date":"2025-06-17T14:10:48","date_gmt":"2025-06-17T14:10:48","guid":{"rendered":"https:\/\/mps.digital-monkey.in\/product\/yanmar-2gm-2gm20-3gm-3gmd-3gm30-serivce-kit\/"},"modified":"2025-11-21T13:12:21","modified_gmt":"2025-11-21T13:12:21","slug":"yanmar-2gm-2gm20-3gm-3gmd-3gm30-serivce-kit","status":"publish","type":"product","link":"https:\/\/mps.digital-monkey.in\/es\/product\/yanmar-2gm-2gm20-3gm-3gmd-3gm30-serivce-kit\/","title":{"rendered":"Yanmar 2GM, 2GM20, 3GM, 3GMD, 3GM30 Serivce-kit"},"content":{"rendered":"<p><strong>Yanmar 2GM, 2GM20, 3GM, 3GMD, 3GM30 Kit de mantenimiento (refrigeraci\u00f3n directa)  <\/strong><\/p>\n<p>&nbsp;<\/p>\n<p><strong>Este kit consta de:<\/strong><\/p>\n<ul>\n<li>Filtro de combustible 104500-55710<\/li>\n<li>Filtro de aceite 119305-35170<\/li>\n<li>Impeller 104211-42071<\/li>\n<li>Junta 104211-42090<\/li>\n<li>Junta t\u00f3rica 24341-000440<\/li>\n<\/ul>\n<p>&nbsp;<\/p>\n<p><strong>  Si es necesario, p\u00eddelo por separado:  <\/strong><\/p>\n<ul>\n<li>Filtro de aire<\/li>\n<li>Correas trapezoidales (bomba de agua y alternador)<\/li>\n<li>\u00c1nodos de zinc<\/li>\n<li>Aceite del motor y aceite de la caja de cambios o la transmisi\u00f3n<\/li>\n<\/ul>\n<p>&nbsp;<\/p>\n<p>NOTA \u00a1No apto para modelos con intercambiador de calor! \u00a1S\u00d3LO CON REFRIGERACI\u00d3N DIRECTA!  <\/p>\n","protected":false},"excerpt":{"rendered":"<p>Yanmar 2GM, 2GM20, 3GM, 3GMD, 3GM30 Kit de mantenimiento (refrigeraci\u00f3n directa) &nbsp; Este kit consta de: Filtro de combustible 104500-55710 Filtro de aceite 119305-35170 Impeller 104211-42071 Junta 104211-42090 Junta t\u00f3rica 24341-000440 &nbsp; Si es necesario, p\u00eddelo por separado: Filtro de aire Correas trapezoidales (bomba de agua y alternador) \u00c1nodos de zinc Aceite del motor y [&hellip;]<\/p>\n","protected":false},"featured_media":36248,"comment_status":"open","ping_status":"closed","template":"","meta":[],"product_brand":[4235],"product_cat":[3201,4535,4450,4451,2497,4534,4448],"product_tag":[],"class_list":{"0":"post-36247","1":"product","2":"type-product","3":"status-publish","4":"has-post-thumbnail","6":"product_brand-yanmar","7":"product_cat-kits-de-servicio","8":"product_cat-kits-de-servicio-yanmar","9":"product_cat-piezas-2gm-2gm20","10":"product_cat-piezas-3gm-3gm30","11":"product_cat-piezas-de-mantenimiento-del-motor","12":"product_cat-piezas-de-servicio-yanmar","13":"product_cat-yanmar","14":"pa_condition-nuevo","15":"pa_model-2gm","16":"pa_model-2gm20","17":"pa_model-3gm","18":"pa_model-3gm30","19":"pa_model-3gmd","20":"pa_oem-or-aftermarket-oem","22":"first","23":"onbackorder","24":"taxable","25":"shipping-taxable","26":"purchasable","27":"product-type-simple"},"supplier_id":null,"supplier_sku":"","barcode":null,"atum_controlled":true,"out_stock_date":"2025-11-21 13:09:17","out_stock_threshold":null,"inheritable":false,"inbound_stock":null,"stock_on_hold":0,"sold_today":0,"sales_last_days":0,"reserved_stock":null,"customer_returns":null,"warehouse_damage":null,"lost_in_post":null,"other_logs":null,"out_stock_days":0,"lost_sales":0,"has_location":null,"update_date":"2025-11-21T13:09:35","atum_locations":[],"atum_stock_status":"onbackorder","restock_status":false,"low_stock_amount":"","sales_update_date":"2025-08-29T00:00:41","calc_backorders":0,"_links":{"self":[{"href":"https:\/\/mps.digital-monkey.in\/es\/wp-json\/wp\/v2\/product\/36247","targetHints":{"allow":["GET"]}}],"collection":[{"href":"https:\/\/mps.digital-monkey.in\/es\/wp-json\/wp\/v2\/product"}],"about":[{"href":"https:\/\/mps.digital-monkey.in\/es\/wp-json\/wp\/v2\/types\/product"}],"replies":[{"embeddable":true,"href":"https:\/\/mps.digital-monkey.in\/es\/wp-json\/wp\/v2\/comments?post=36247"}],"wp:featuredmedia":[{"embeddable":true,"href":"https:\/\/mps.digital-monkey.in\/es\/wp-json\/wp\/v2\/media\/36248"}],"wp:attachment":[{"href":"https:\/\/mps.digital-monkey.in\/es\/wp-json\/wp\/v2\/media?parent=36247"}],"wp:term":[{"taxonomy":"product_brand","embeddable":true,"href":"https:\/\/mps.digital-monkey.in\/es\/wp-json\/wp\/v2\/product_brand?post=36247"},{"taxonomy":"product_cat","embeddable":true,"href":"https:\/\/mps.digital-monkey.in\/es\/wp-json\/wp\/v2\/product_cat?post=36247"},{"taxonomy":"product_tag","embeddable":true,"href":"https:\/\/mps.digital-monkey.in\/es\/wp-json\/wp\/v2\/product_tag?post=36247"}],"curies":[{"name":"wp","href":"https:\/\/api.w.org\/{rel}","templated":true}]}}