{"id":36253,"date":"2025-06-17T14:10:48","date_gmt":"2025-06-17T14:10:48","guid":{"rendered":"https:\/\/mps.digital-monkey.in\/product\/yanmar-1gm-1gm10-1gm10c-service-kit\/"},"modified":"2025-11-21T13:12:36","modified_gmt":"2025-11-21T13:12:36","slug":"yanmar-1gm-1gm10-1gm10c-service-kit","status":"publish","type":"product","link":"https:\/\/mps.digital-monkey.in\/es\/product\/yanmar-1gm-1gm10-1gm10c-service-kit\/","title":{"rendered":"Yanmar 1GM, 1GM10, 1GM10C Service-kit"},"content":{"rendered":"<p><strong>Kit de mantenimiento Yanmar 1GM, 1GM10, 1GM10C  <\/strong><\/p>\n<p>&nbsp;<\/p>\n<p><strong>Este kit consta de:<\/strong><\/p>\n<ul>\n<li>119305-135151<\/li>\n<li>Filtro de aceite 104500-55710<\/li>\n<li>Filtro de combustible 128176-42071<\/li>\n<li>Impeller 128170-42090<\/li>\n<li>Impeller junta 24341-000440<\/li>\n<li>Junta t\u00f3rica del filtro de combustible<\/li>\n<\/ul>\n<p><strong>Si es necesario, p\u00eddelo por separado:<\/strong><\/p>\n<ul>\n<li>Filtro de aire<\/li>\n<li>Correa trapezoidal<\/li>\n<li>\u00c1nodo de zinc<\/li>\n<li>Aceite del motor y aceite de la caja de cambios o del propulsor de la vela<\/li>\n<\/ul>\n","protected":false},"excerpt":{"rendered":"<p>Kit de mantenimiento Yanmar 1GM, 1GM10, 1GM10C &nbsp; Este kit consta de: 119305-135151 Filtro de aceite 104500-55710 Filtro de combustible 128176-42071 Impeller 128170-42090 Impeller junta 24341-000440 Junta t\u00f3rica del filtro de combustible Si es necesario, p\u00eddelo por separado: Filtro de aire Correa trapezoidal \u00c1nodo de zinc Aceite del motor y aceite de la caja de [&hellip;]<\/p>\n","protected":false},"featured_media":36254,"comment_status":"open","ping_status":"closed","template":"","meta":[],"product_brand":[4235],"product_cat":[3201,4535,4449,2497,4534,4448],"product_tag":[],"class_list":{"0":"post-36253","1":"product","2":"type-product","3":"status-publish","4":"has-post-thumbnail","6":"product_brand-yanmar","7":"product_cat-kits-de-servicio","8":"product_cat-kits-de-servicio-yanmar","9":"product_cat-piezas-1gm-1gm10","10":"product_cat-piezas-de-mantenimiento-del-motor","11":"product_cat-piezas-de-servicio-yanmar","12":"product_cat-yanmar","13":"pa_condition-nuevo","14":"pa_model-1gm","15":"pa_model-1gm10","16":"pa_model-1gm10c","17":"pa_oem-or-aftermarket-oem","19":"first","20":"onbackorder","21":"taxable","22":"shipping-taxable","23":"purchasable","24":"product-type-simple"},"supplier_id":null,"supplier_sku":"","barcode":null,"atum_controlled":true,"out_stock_date":"2025-11-21 13:09:13","out_stock_threshold":null,"inheritable":false,"inbound_stock":null,"stock_on_hold":0,"sold_today":0,"sales_last_days":0,"reserved_stock":null,"customer_returns":null,"warehouse_damage":null,"lost_in_post":null,"other_logs":null,"out_stock_days":0,"lost_sales":0,"has_location":null,"update_date":"2025-11-21T13:09:35","atum_locations":[],"atum_stock_status":"onbackorder","restock_status":false,"low_stock_amount":"","sales_update_date":"2025-08-29T00:00:41","calc_backorders":0,"_links":{"self":[{"href":"https:\/\/mps.digital-monkey.in\/es\/wp-json\/wp\/v2\/product\/36253","targetHints":{"allow":["GET"]}}],"collection":[{"href":"https:\/\/mps.digital-monkey.in\/es\/wp-json\/wp\/v2\/product"}],"about":[{"href":"https:\/\/mps.digital-monkey.in\/es\/wp-json\/wp\/v2\/types\/product"}],"replies":[{"embeddable":true,"href":"https:\/\/mps.digital-monkey.in\/es\/wp-json\/wp\/v2\/comments?post=36253"}],"wp:featuredmedia":[{"embeddable":true,"href":"https:\/\/mps.digital-monkey.in\/es\/wp-json\/wp\/v2\/media\/36254"}],"wp:attachment":[{"href":"https:\/\/mps.digital-monkey.in\/es\/wp-json\/wp\/v2\/media?parent=36253"}],"wp:term":[{"taxonomy":"product_brand","embeddable":true,"href":"https:\/\/mps.digital-monkey.in\/es\/wp-json\/wp\/v2\/product_brand?post=36253"},{"taxonomy":"product_cat","embeddable":true,"href":"https:\/\/mps.digital-monkey.in\/es\/wp-json\/wp\/v2\/product_cat?post=36253"},{"taxonomy":"product_tag","embeddable":true,"href":"https:\/\/mps.digital-monkey.in\/es\/wp-json\/wp\/v2\/product_tag?post=36253"}],"curies":[{"name":"wp","href":"https:\/\/api.w.org\/{rel}","templated":true}]}}