{"id":36271,"date":"2025-06-17T14:10:49","date_gmt":"2025-06-17T14:10:49","guid":{"rendered":"https:\/\/mps.digital-monkey.in\/product\/yanmar-ym-serie-en-gm-eu-serivce-kit\/"},"modified":"2025-11-21T13:10:57","modified_gmt":"2025-11-21T13:10:57","slug":"yanmar-ym-serie-en-gm-eu-serivce-kit","status":"publish","type":"product","link":"https:\/\/mps.digital-monkey.in\/es\/producto\/yanmar-ym-serie-en-gm-eu-serivce-kit\/","title":{"rendered":"Yanmar YM-serie (en GM EU) Serivce-kit"},"content":{"rendered":"<p><strong>Este kit incluye:<\/strong><\/p>\n<ul>\n<li>Filtro de aceite<\/li>\n<li>Filtro de combustible<\/li>\n<li>Junta t\u00f3rica del filtro de combustible<\/li>\n<li>Impeller<\/li>\n<li>Junta de la bomba de agua de refrigeraci\u00f3n<\/li>\n<\/ul>\n<p><strong> <\/strong><\/p>\n<p><strong>Elementos opcionales a pedir por separado:<\/strong><\/p>\n<ul>\n<li>Filtro de aire<\/li>\n<li>Correas trapezoidales (bomba de agua y alternador)<\/li>\n<li>\u00c1nodos de zinc (si se enfr\u00edan directamente)<\/li>\n<li>Aceite de motor y aceite de transmisi\u00f3n o saildrive<\/li>\n<\/ul>\n<p><strong> <\/strong><\/p>\n<p><strong>Para:<\/strong><\/p>\n<p>2GM20 EU 18 CV, 2GM20 F EU 18 CV, 3GM30 EU 27 CV, 3GM30 F EU 27 CV, 2YM15 14 CV, 3YM20 21 CV, 3YM30 29 CV, 3YM30AE 29 CV<\/p>\n","protected":false},"excerpt":{"rendered":"<p>Este kit incluye: Filtro de aceite Filtro de combustible Junta t\u00f3rica del filtro de combustible Impeller Junta de la bomba de agua de refrigeraci\u00f3n Elementos opcionales a pedir por separado: Filtro de aire Correas trapezoidales (bomba de agua y alternador) \u00c1nodos de zinc (si se enfr\u00edan directamente) Aceite de motor y aceite de transmisi\u00f3n o [&hellip;]<\/p>\n","protected":false},"featured_media":36272,"comment_status":"open","ping_status":"closed","template":"","meta":[],"product_brand":[4235],"product_cat":[3201,4535,4450,4451,2497,4534,4448],"product_tag":[],"class_list":{"0":"post-36271","1":"product","2":"type-product","3":"status-publish","4":"has-post-thumbnail","6":"product_brand-yanmar","7":"product_cat-kits-de-servicio","8":"product_cat-kits-de-servicio-yanmar","9":"product_cat-piezas-2gm-2gm20","10":"product_cat-piezas-3gm-3gm30","11":"product_cat-piezas-de-mantenimiento-del-motor","12":"product_cat-piezas-de-servicio-yanmar","13":"product_cat-yanmar","14":"pa_condition-nuevo","15":"pa_model-2gm20","16":"pa_model-2gm20-yeu","17":"pa_model-2gm20f","18":"pa_model-2gm20f-yeu","19":"pa_model-2gm20fc-yeu","20":"pa_model-2gm20fv","21":"pa_model-2gm20fve","22":"pa_model-2gm20v","23":"pa_model-2gm20ve","24":"pa_model-2ym15","25":"pa_model-3gm30","26":"pa_model-3gm30-yeu","27":"pa_model-3gm30b","28":"pa_model-3gm30c","29":"pa_model-3gm30c-yeu","30":"pa_model-3gm30f","31":"pa_model-3gm30f-yeu","32":"pa_model-3gm30fc-yeu","33":"pa_model-3gm30fv","34":"pa_model-3gm30fve","35":"pa_model-3gm30v","36":"pa_model-3gm30ve","37":"pa_model-3ym20","38":"pa_model-3ym30","39":"pa_oem-or-aftermarket-oem","41":"first","42":"onbackorder","43":"taxable","44":"shipping-taxable","45":"purchasable","46":"product-type-simple"},"supplier_id":null,"supplier_sku":"","barcode":null,"atum_controlled":true,"out_stock_date":null,"out_stock_threshold":null,"inheritable":false,"inbound_stock":null,"stock_on_hold":0,"sold_today":0,"sales_last_days":0,"reserved_stock":null,"customer_returns":null,"warehouse_damage":null,"lost_in_post":null,"other_logs":null,"out_stock_days":0,"lost_sales":0,"has_location":null,"update_date":"2025-11-21T13:09:35","atum_locations":[],"atum_stock_status":"onbackorder","restock_status":false,"low_stock_amount":"","sales_update_date":"2025-08-29T00:00:41","calc_backorders":-1,"_links":{"self":[{"href":"https:\/\/mps.digital-monkey.in\/es\/wp-json\/wp\/v2\/product\/36271","targetHints":{"allow":["GET"]}}],"collection":[{"href":"https:\/\/mps.digital-monkey.in\/es\/wp-json\/wp\/v2\/product"}],"about":[{"href":"https:\/\/mps.digital-monkey.in\/es\/wp-json\/wp\/v2\/types\/product"}],"replies":[{"embeddable":true,"href":"https:\/\/mps.digital-monkey.in\/es\/wp-json\/wp\/v2\/comments?post=36271"}],"wp:featuredmedia":[{"embeddable":true,"href":"https:\/\/mps.digital-monkey.in\/es\/wp-json\/wp\/v2\/media\/36272"}],"wp:attachment":[{"href":"https:\/\/mps.digital-monkey.in\/es\/wp-json\/wp\/v2\/media?parent=36271"}],"wp:term":[{"taxonomy":"product_brand","embeddable":true,"href":"https:\/\/mps.digital-monkey.in\/es\/wp-json\/wp\/v2\/product_brand?post=36271"},{"taxonomy":"product_cat","embeddable":true,"href":"https:\/\/mps.digital-monkey.in\/es\/wp-json\/wp\/v2\/product_cat?post=36271"},{"taxonomy":"product_tag","embeddable":true,"href":"https:\/\/mps.digital-monkey.in\/es\/wp-json\/wp\/v2\/product_tag?post=36271"}],"curies":[{"name":"wp","href":"https:\/\/api.w.org\/{rel}","templated":true}]}}