{"id":36277,"date":"2025-06-17T14:11:15","date_gmt":"2025-06-17T14:11:15","guid":{"rendered":"https:\/\/mps.digital-monkey.in\/product\/yanmar-4jh3-te-dte-4jh4-te-hte-hte-serivce-kit\/"},"modified":"2025-11-21T13:11:04","modified_gmt":"2025-11-21T13:11:04","slug":"yanmar-4jh3-te-dte-4jh4-te-hte-hte-serivce-kit","status":"publish","type":"product","link":"https:\/\/mps.digital-monkey.in\/es\/producto\/yanmar-4jh3-te-dte-4jh4-te-hte-hte-serivce-kit\/","title":{"rendered":"Yanmar 4JH3-TE\/DTE | 4JH4-te\/HTE\/HTE Serivce-kit"},"content":{"rendered":"<p><strong>Este kit consta de:<\/strong><\/p>\n<ul>\n<li>Filtro de aceite<\/li>\n<li>Filtro de combustible<\/li>\n<li>Junta t\u00f3rica del filtro de combustible<\/li>\n<li>Impeller y junta<\/li>\n<\/ul>\n<p>&nbsp;<\/p>\n<p><strong>Si es necesario, p\u00eddelo por separado:<\/strong><\/p>\n<p>Filtro de aire<\/p>\n<p>Correa m\u00faltiple<\/p>\n<p>Aceite del motor y aceite de la caja de cambios o la transmisi\u00f3n<\/p>\n<p>&nbsp;<\/p>\n<p>4JH E 44PK, 4JH TE 55PK, 4JH HTE 66PK, 4JH DTE 77PK, 4JH2 (B)E 51PK, 4JH2 T(B)E 63,2 PK, 4JH2 HT(B)E 76,1PK, 4JH2 DT(B)E 88,4PK<\/p>\n","protected":false},"excerpt":{"rendered":"<p>Este kit consta de: Filtro de aceite Filtro de combustible Junta t\u00f3rica del filtro de combustible Impeller y junta &nbsp; Si es necesario, p\u00eddelo por separado: Filtro de aire Correa m\u00faltiple Aceite del motor y aceite de la caja de cambios o la transmisi\u00f3n &nbsp; 4JH E 44PK, 4JH TE 55PK, 4JH HTE 66PK, 4JH [&hellip;]<\/p>\n","protected":false},"featured_media":36278,"comment_status":"open","ping_status":"closed","template":"","meta":[],"product_brand":[4235],"product_cat":[3201,4535,2497,4534],"product_tag":[],"class_list":{"0":"post-36277","1":"product","2":"type-product","3":"status-publish","4":"has-post-thumbnail","6":"product_brand-yanmar","7":"product_cat-kits-de-servicio","8":"product_cat-kits-de-servicio-yanmar","9":"product_cat-piezas-de-mantenimiento-del-motor","10":"product_cat-piezas-de-servicio-yanmar","11":"pa_condition-nuevo","12":"pa_model-4jh-dte","13":"pa_model-4jh-e","14":"pa_model-4jh-hte","15":"pa_model-4jh-te","16":"pa_model-4jh2","17":"pa_model-4jh2be","18":"pa_model-4jh2dte","19":"pa_model-4jh2e","20":"pa_model-4jh2hte","21":"pa_model-4jh2tbe","22":"pa_model-4jh2te","23":"pa_oem-or-aftermarket-oem","25":"first","26":"onbackorder","27":"taxable","28":"shipping-taxable","29":"purchasable","30":"product-type-simple"},"supplier_id":null,"supplier_sku":"","barcode":null,"atum_controlled":true,"out_stock_date":"2025-11-21 13:08:54","out_stock_threshold":null,"inheritable":false,"inbound_stock":null,"stock_on_hold":0,"sold_today":0,"sales_last_days":0,"reserved_stock":null,"customer_returns":null,"warehouse_damage":null,"lost_in_post":null,"other_logs":null,"out_stock_days":0,"lost_sales":0,"has_location":null,"update_date":"2025-11-21T13:09:35","atum_locations":[],"atum_stock_status":"onbackorder","restock_status":false,"low_stock_amount":"","sales_update_date":"2025-08-29T00:00:41","calc_backorders":0,"_links":{"self":[{"href":"https:\/\/mps.digital-monkey.in\/es\/wp-json\/wp\/v2\/product\/36277","targetHints":{"allow":["GET"]}}],"collection":[{"href":"https:\/\/mps.digital-monkey.in\/es\/wp-json\/wp\/v2\/product"}],"about":[{"href":"https:\/\/mps.digital-monkey.in\/es\/wp-json\/wp\/v2\/types\/product"}],"replies":[{"embeddable":true,"href":"https:\/\/mps.digital-monkey.in\/es\/wp-json\/wp\/v2\/comments?post=36277"}],"wp:featuredmedia":[{"embeddable":true,"href":"https:\/\/mps.digital-monkey.in\/es\/wp-json\/wp\/v2\/media\/36278"}],"wp:attachment":[{"href":"https:\/\/mps.digital-monkey.in\/es\/wp-json\/wp\/v2\/media?parent=36277"}],"wp:term":[{"taxonomy":"product_brand","embeddable":true,"href":"https:\/\/mps.digital-monkey.in\/es\/wp-json\/wp\/v2\/product_brand?post=36277"},{"taxonomy":"product_cat","embeddable":true,"href":"https:\/\/mps.digital-monkey.in\/es\/wp-json\/wp\/v2\/product_cat?post=36277"},{"taxonomy":"product_tag","embeddable":true,"href":"https:\/\/mps.digital-monkey.in\/es\/wp-json\/wp\/v2\/product_tag?post=36277"}],"curies":[{"name":"wp","href":"https:\/\/api.w.org\/{rel}","templated":true}]}}