{"id":36472,"date":"2025-06-17T14:12:12","date_gmt":"2025-06-17T14:12:12","guid":{"rendered":"https:\/\/mps.digital-monkey.in\/product\/vetus-hydraulische-olie\/"},"modified":"2026-02-27T11:00:45","modified_gmt":"2026-02-27T11:00:45","slug":"vetus-hydraulische-olie","status":"publish","type":"product","link":"https:\/\/mps.digital-monkey.in\/es\/producto\/vetus-hydraulische-olie\/","title":{"rendered":"Vetus hydraulische olie"},"content":{"rendered":"<p>El aceite hidr\u00e1ulico es un aceite para todos los sistemas hidr\u00e1ulicos de potencia. Tiene unas propiedades de resistencia a la EP y a la corrosi\u00f3n especialmente elevadas. <\/p>\n<p>&nbsp;<\/p>\n<p>4 o 20L<\/p>\n","protected":false},"excerpt":{"rendered":"<p>El aceite hidr\u00e1ulico es un aceite para todos los sistemas hidr\u00e1ulicos de potencia. Tiene unas propiedades de resistencia a la EP y a la corrosi\u00f3n especialmente elevadas. &nbsp; 4 o 20L<\/p>\n","protected":false},"featured_media":36473,"comment_status":"open","ping_status":"closed","template":"","meta":[],"product_brand":[4241],"product_cat":[2497,4540,4539],"product_tag":[],"class_list":{"0":"post-36472","1":"product","2":"type-product","3":"status-publish","4":"has-post-thumbnail","6":"product_brand-vetus","7":"product_cat-piezas-de-mantenimiento-del-motor","8":"product_cat-repuestos-vetus","9":"product_cat-vetus","11":"first","12":"onbackorder","13":"taxable","14":"shipping-taxable","15":"purchasable","16":"product-type-variable"},"supplier_id":null,"supplier_sku":"","barcode":null,"atum_controlled":true,"out_stock_date":null,"out_stock_threshold":null,"inheritable":true,"inbound_stock":null,"stock_on_hold":0,"sold_today":0,"sales_last_days":0,"reserved_stock":0,"customer_returns":0,"warehouse_damage":0,"lost_in_post":0,"other_logs":0,"out_stock_days":0,"lost_sales":0,"has_location":false,"update_date":"2025-11-21T13:19:10","atum_locations":[],"atum_stock_status":"onbackorder","restock_status":false,"low_stock_amount":"","sales_update_date":"2025-08-29T00:00:37","calc_backorders":null,"_links":{"self":[{"href":"https:\/\/mps.digital-monkey.in\/es\/wp-json\/wp\/v2\/product\/36472","targetHints":{"allow":["GET"]}}],"collection":[{"href":"https:\/\/mps.digital-monkey.in\/es\/wp-json\/wp\/v2\/product"}],"about":[{"href":"https:\/\/mps.digital-monkey.in\/es\/wp-json\/wp\/v2\/types\/product"}],"replies":[{"embeddable":true,"href":"https:\/\/mps.digital-monkey.in\/es\/wp-json\/wp\/v2\/comments?post=36472"}],"wp:featuredmedia":[{"embeddable":true,"href":"https:\/\/mps.digital-monkey.in\/es\/wp-json\/wp\/v2\/media\/36473"}],"wp:attachment":[{"href":"https:\/\/mps.digital-monkey.in\/es\/wp-json\/wp\/v2\/media?parent=36472"}],"wp:term":[{"taxonomy":"product_brand","embeddable":true,"href":"https:\/\/mps.digital-monkey.in\/es\/wp-json\/wp\/v2\/product_brand?post=36472"},{"taxonomy":"product_cat","embeddable":true,"href":"https:\/\/mps.digital-monkey.in\/es\/wp-json\/wp\/v2\/product_cat?post=36472"},{"taxonomy":"product_tag","embeddable":true,"href":"https:\/\/mps.digital-monkey.in\/es\/wp-json\/wp\/v2\/product_tag?post=36472"}],"curies":[{"name":"wp","href":"https:\/\/api.w.org\/{rel}","templated":true}]}}