{"id":36529,"date":"2025-06-17T14:12:14","date_gmt":"2025-06-17T14:12:14","guid":{"rendered":"https:\/\/mps.digital-monkey.in\/product\/elemento-filtrante-de-recambio-vetus-ws180fe\/"},"modified":"2025-11-29T09:48:19","modified_gmt":"2025-11-29T09:48:19","slug":"elemento-filtrante-de-recambio-vetus-ws180fe","status":"publish","type":"product","link":"https:\/\/mps.digital-monkey.in\/es\/producto\/elemento-filtrante-de-recambio-vetus-ws180fe\/","title":{"rendered":"Elemento filtrante de recambio Vetus WS180FE"},"content":{"rendered":"<p><strong>El WS180FE es un elemento filtrante de recambio para el separador de agua\/filtro grueso WS180 y WS720. Este elemento filtrante debe sustituirse anualmente. <\/strong><\/p>\n<p><strong> <\/strong><\/p>\n<p>Elemento filtrante Vetus WS180FE para separador de agua tipo WS180.<\/p>\n<p>Elemento de recambio para el filtro de combustible\/separador de agua WS 180.<\/p>\n<p>Sustit\u00fayela tras unas 200 horas de uso. Capacidad m\u00e1xima de caudal: 180 litros por hora (40 galones). El filtro WS180 de Vetus es adecuado tanto para gas\u00f3leo como para gasolina. Este filtro cumple los requisitos de la prueba de fuego seg\u00fan ISO 1008 + ISO 7840. El filtro debe colocarse lo m\u00e1s cerca posible del dep\u00f3sito de combustible. El filtro separador de agua para combustible debe instalarse verticalmente.     <\/p>\n<p>&nbsp;<\/p>\n","protected":false},"excerpt":{"rendered":"<p>El WS180FE es un elemento filtrante de recambio para el separador de agua\/filtro grueso WS180 y WS720. Este elemento filtrante debe sustituirse anualmente. Elemento filtrante Vetus WS180FE para separador de agua tipo WS180. Elemento de recambio para el filtro de combustible\/separador de agua WS 180. Sustit\u00fayela tras unas 200 horas de uso. Capacidad m\u00e1xima de [&hellip;]<\/p>\n","protected":false},"featured_media":36530,"comment_status":"open","ping_status":"closed","template":"","meta":[],"product_brand":[4241],"product_cat":[2680,4577,2497,4540,4539],"product_tag":[],"class_list":{"0":"post-36529","1":"product","2":"type-product","3":"status-publish","4":"has-post-thumbnail","6":"product_brand-vetus","7":"product_cat-filtros-de-combustible","8":"product_cat-filtros-de-combustible-vetus","9":"product_cat-piezas-de-mantenimiento-del-motor","10":"product_cat-repuestos-vetus","11":"product_cat-vetus","13":"first","14":"onbackorder","15":"taxable","16":"shipping-taxable","17":"purchasable","18":"product-type-simple"},"supplier_id":null,"supplier_sku":"","barcode":null,"atum_controlled":true,"out_stock_date":"2025-11-29 09:47:17","out_stock_threshold":null,"inheritable":false,"inbound_stock":null,"stock_on_hold":0,"sold_today":0,"sales_last_days":0,"reserved_stock":null,"customer_returns":null,"warehouse_damage":null,"lost_in_post":null,"other_logs":null,"out_stock_days":0,"lost_sales":0,"has_location":null,"update_date":"2025-11-29T09:47:29","atum_locations":[],"atum_stock_status":"onbackorder","restock_status":false,"low_stock_amount":"","sales_update_date":"2025-08-29T00:00:42","calc_backorders":0,"_links":{"self":[{"href":"https:\/\/mps.digital-monkey.in\/es\/wp-json\/wp\/v2\/product\/36529","targetHints":{"allow":["GET"]}}],"collection":[{"href":"https:\/\/mps.digital-monkey.in\/es\/wp-json\/wp\/v2\/product"}],"about":[{"href":"https:\/\/mps.digital-monkey.in\/es\/wp-json\/wp\/v2\/types\/product"}],"replies":[{"embeddable":true,"href":"https:\/\/mps.digital-monkey.in\/es\/wp-json\/wp\/v2\/comments?post=36529"}],"wp:featuredmedia":[{"embeddable":true,"href":"https:\/\/mps.digital-monkey.in\/es\/wp-json\/wp\/v2\/media\/36530"}],"wp:attachment":[{"href":"https:\/\/mps.digital-monkey.in\/es\/wp-json\/wp\/v2\/media?parent=36529"}],"wp:term":[{"taxonomy":"product_brand","embeddable":true,"href":"https:\/\/mps.digital-monkey.in\/es\/wp-json\/wp\/v2\/product_brand?post=36529"},{"taxonomy":"product_cat","embeddable":true,"href":"https:\/\/mps.digital-monkey.in\/es\/wp-json\/wp\/v2\/product_cat?post=36529"},{"taxonomy":"product_tag","embeddable":true,"href":"https:\/\/mps.digital-monkey.in\/es\/wp-json\/wp\/v2\/product_tag?post=36529"}],"curies":[{"name":"wp","href":"https:\/\/api.w.org\/{rel}","templated":true}]}}