{"id":36547,"date":"2025-06-17T14:12:39","date_gmt":"2025-06-17T14:12:39","guid":{"rendered":"https:\/\/mps.digital-monkey.in\/product\/junta-de-eje-flexible-vetus-25mm-zwbh25\/"},"modified":"2025-11-21T13:20:31","modified_gmt":"2025-11-21T13:20:31","slug":"junta-de-eje-flexible-vetus-25mm-zwbh25","status":"publish","type":"product","link":"https:\/\/mps.digital-monkey.in\/es\/producto\/junta-de-eje-flexible-vetus-25mm-zwbh25\/","title":{"rendered":"Junta de eje flexible Vetus 25mm ZWBH25"},"content":{"rendered":"<p>Las juntas ZWBH est\u00e1n dise\u00f1adas para su uso con ejes lubricados por agua. El nuevo dise\u00f1o consta ahora de una sola unidad y funciona de forma similar a la conocida ZWB, pero con la seguridad a\u00f1adida de tres labios en lugar de dos. Estas juntas minimizan la fricci\u00f3n, son resistentes al aceite y la grasa, y disponen de su propio suministro de agua (\u00f8 10 mm) y grasa (\u00f8 6,5 mm).  <\/p>\n<p>VETUS recomienda aplicar grasa de silicona anualmente para mantener la junta en condiciones \u00f3ptimas. Las juntas ZWBH soportan temperaturas de -15\u00b0C a +85\u00b0C y son muy adecuadas para tubos de bronce, acero y poli\u00e9ster. El kit incluye dos abrazaderas de acero inoxidable y grasa para cojinetes.  <\/p>\n<p>&nbsp;<\/p>\n<p><strong>Caracter\u00edsticas:<\/strong><\/p>\n<ul>\n<li><strong>Absorci\u00f3n de golpes y vibraciones:<\/strong> Dise\u00f1o flexible para absorber golpes y vibraciones.<\/li>\n<li><strong>Sello de triple labio:<\/strong> Dise\u00f1o de tres labios para mantener el agua fuera.<\/li>\n<li><strong>Material duradero:<\/strong> Fabricado con caucho NBR de 65-70 shore para prolongar su vida \u00fatil.<\/li>\n<li><strong>Suministro integrado de agua y grasa:<\/strong> Incluye su propio suministro de agua y grasa.<\/li>\n<li><strong>Disponible en 3 tama\u00f1os:<\/strong> Adaptable a diferentes dimensiones de eje.<\/li>\n<\/ul>\n<p><strong> <\/strong><\/p>\n<p><strong>Especificaciones:<\/strong><\/p>\n<ul>\n<li><strong>Tama\u00f1o del eje:<\/strong> 25 mm<\/li>\n<li><strong>Longitud de la junta:<\/strong> 138 mm<\/li>\n<li><strong>Tama\u00f1o del tubo del eje:<\/strong> 43 mm<\/li>\n<\/ul>\n","protected":false},"excerpt":{"rendered":"<p>Las juntas ZWBH est\u00e1n dise\u00f1adas para su uso con ejes lubricados por agua. El nuevo dise\u00f1o consta ahora de una sola unidad y funciona de forma similar a la conocida ZWB, pero con la seguridad a\u00f1adida de tres labios en lugar de dos. Estas juntas minimizan la fricci\u00f3n, son resistentes al aceite y la grasa, [&hellip;]<\/p>\n","protected":false},"featured_media":36548,"comment_status":"open","ping_status":"closed","template":"","meta":[],"product_brand":[4241],"product_cat":[3629,2497,4540,4539],"product_tag":[],"class_list":{"0":"post-36547","1":"product","2":"type-product","3":"status-publish","4":"has-post-thumbnail","6":"product_brand-vetus","7":"product_cat-caja-de-relleno","8":"product_cat-piezas-de-mantenimiento-del-motor","9":"product_cat-repuestos-vetus","10":"product_cat-vetus","12":"first","13":"instock","14":"taxable","15":"shipping-taxable","16":"purchasable","17":"product-type-simple"},"supplier_id":null,"supplier_sku":"","barcode":null,"atum_controlled":true,"out_stock_date":null,"out_stock_threshold":null,"inheritable":false,"inbound_stock":0,"stock_on_hold":0,"sold_today":0,"sales_last_days":0,"reserved_stock":null,"customer_returns":null,"warehouse_damage":null,"lost_in_post":null,"other_logs":null,"out_stock_days":0,"lost_sales":0,"has_location":null,"update_date":"2026-03-13T12:22:11","atum_locations":[],"atum_stock_status":"instock","restock_status":false,"low_stock_amount":"","sales_update_date":null,"calc_backorders":0,"_links":{"self":[{"href":"https:\/\/mps.digital-monkey.in\/es\/wp-json\/wp\/v2\/product\/36547","targetHints":{"allow":["GET"]}}],"collection":[{"href":"https:\/\/mps.digital-monkey.in\/es\/wp-json\/wp\/v2\/product"}],"about":[{"href":"https:\/\/mps.digital-monkey.in\/es\/wp-json\/wp\/v2\/types\/product"}],"replies":[{"embeddable":true,"href":"https:\/\/mps.digital-monkey.in\/es\/wp-json\/wp\/v2\/comments?post=36547"}],"wp:featuredmedia":[{"embeddable":true,"href":"https:\/\/mps.digital-monkey.in\/es\/wp-json\/wp\/v2\/media\/36548"}],"wp:attachment":[{"href":"https:\/\/mps.digital-monkey.in\/es\/wp-json\/wp\/v2\/media?parent=36547"}],"wp:term":[{"taxonomy":"product_brand","embeddable":true,"href":"https:\/\/mps.digital-monkey.in\/es\/wp-json\/wp\/v2\/product_brand?post=36547"},{"taxonomy":"product_cat","embeddable":true,"href":"https:\/\/mps.digital-monkey.in\/es\/wp-json\/wp\/v2\/product_cat?post=36547"},{"taxonomy":"product_tag","embeddable":true,"href":"https:\/\/mps.digital-monkey.in\/es\/wp-json\/wp\/v2\/product_tag?post=36547"}],"curies":[{"name":"wp","href":"https:\/\/api.w.org\/{rel}","templated":true}]}}