{"id":36601,"date":"2025-06-17T14:12:41","date_gmt":"2025-06-17T14:12:41","guid":{"rendered":"https:\/\/mps.digital-monkey.in\/product\/ellebogen-gt-m45\/"},"modified":"2026-01-19T10:11:44","modified_gmt":"2026-01-19T10:11:44","slug":"ellebogen-gt-m45","status":"publish","type":"product","link":"https:\/\/mps.digital-monkey.in\/es\/producto\/ellebogen-gt-m45\/","title":{"rendered":"Ellebogen GT-M45 Volvo Penta 846765"},"content":{"rendered":"<h2 data-start=\"171\" data-end=\"237\"><strong data-start=\"174\" data-end=\"235\">Ellebogen GT-M45 Volvo Penta 846765 - Bancada motor marino<\/strong><\/h2>\n<p data-start=\"239\" data-end=\"515\">El soporte de motor marino <strong data-start=\"243\" data-end=\"263\">Ellebogen GT-M45<\/strong> es un <strong data-start=\"302\" data-end=\"326\">soporte antivibraciones<\/strong> de alta calidad para motores marinos. Es un recambio directo del <strong data-start=\"378\" data-end=\"400\">Volvo Penta 846765<\/strong>, que proporciona una excelente absorci\u00f3n de las vibraciones, estabilidad del motor y una larga durabilidad en entornos marinos.<\/p>\n<hr data-start=\"517\" data-end=\"520\">\n<h3 data-start=\"522\" data-end=\"554\"><strong data-start=\"526\" data-end=\"554\">Especificaciones t\u00e9cnicas<\/strong><\/h3>\n<ul data-start=\"555\" data-end=\"700\">\n<li data-start=\"555\" data-end=\"597\">\n<p data-start=\"557\" data-end=\"597\"><strong data-start=\"557\" data-end=\"578\">N\u00famero de referencia:<\/strong> Ellebogen GT-M45<\/p>\n<\/li>\n<li data-start=\"598\" data-end=\"641\">\n<p data-start=\"600\" data-end=\"641\"><strong data-start=\"600\" data-end=\"620\">Sustituci\u00f3n OEM:<\/strong> Volvo Penta 846765<\/p>\n<\/li>\n<li data-start=\"642\" data-end=\"664\">\n<p data-start=\"644\" data-end=\"664\"><strong data-start=\"644\" data-end=\"657\">Dureza:<\/strong> 45Sh<\/p>\n<\/li>\n<li data-start=\"665\" data-end=\"700\">\n<p data-start=\"667\" data-end=\"700\"><strong data-start=\"667\" data-end=\"691\">Carga est\u00e1tica m\u00e1xima:<\/strong> 120 kg<\/p>\n<\/li>\n<\/ul>\n<hr data-start=\"702\" data-end=\"705\">\n<h3 data-start=\"707\" data-end=\"745\"><strong data-start=\"711\" data-end=\"745\">Motores Volvo Penta compatibles<\/strong><\/h3>\n<ul data-start=\"746\" data-end=\"1032\">\n<li data-start=\"746\" data-end=\"852\">\n<p data-start=\"748\" data-end=\"852\"><strong data-start=\"748\" data-end=\"762\">Serie MD:<\/strong> MD22A, MD22L, MD2040 Saildrive, MD2040B Saildrive, MD2040C Saildrive, MD2040D Saildrive<\/p>\n<\/li>\n<li data-start=\"853\" data-end=\"897\">\n<p data-start=\"855\" data-end=\"897\"><strong data-start=\"855\" data-end=\"870\">Serie TMD:<\/strong> TMD22A, TMD22P-C, TMD30A<\/p>\n<\/li>\n<li data-start=\"898\" data-end=\"960\">\n<p data-start=\"900\" data-end=\"960\"><strong data-start=\"900\" data-end=\"914\">Serie D2:<\/strong> D2-40 Saildrive, D2-50, D2-55, D2-60, D2-75<\/p>\n<\/li>\n<li data-start=\"961\" data-end=\"1032\">\n<p data-start=\"963\" data-end=\"1032\"><strong data-start=\"963\" data-end=\"977\">Serie D3:<\/strong> D3-110I, D3-130I, D3-160I, D3-190 Saildrive, D3-190I<\/p>\n<\/li>\n<\/ul>\n<hr data-start=\"1034\" data-end=\"1037\">\n<h3 data-start=\"1039\" data-end=\"1059\"><strong data-start=\"1043\" data-end=\"1059\">Caracter\u00edsticas principales<\/strong><\/h3>\n<ul data-start=\"1060\" data-end=\"1276\">\n<li data-start=\"1060\" data-end=\"1103\">\n<p data-start=\"1062\" data-end=\"1103\">Recambio OEM para Volvo Penta 846765.<\/p>\n<\/li>\n<li data-start=\"1104\" data-end=\"1164\">\n<p data-start=\"1106\" data-end=\"1164\">Dise\u00f1ado para un funcionamiento antivibraciones y suave del motor.<\/p>\n<\/li>\n<li data-start=\"1165\" data-end=\"1220\">\n<p data-start=\"1167\" data-end=\"1220\">Construcci\u00f3n duradera de caucho y metal de calidad marina.<\/p>\n<\/li>\n<li data-start=\"1221\" data-end=\"1276\">\n<p data-start=\"1223\" data-end=\"1276\">F\u00e1cil de instalar y fabricado para ofrecer un rendimiento fiable.<\/p>\n<\/li>\n<\/ul>\n","protected":false},"excerpt":{"rendered":"<p>Ellebogen GT-M45 Volvo Penta 846765 - Bancada motor marino El soporte de motor marino Ellebogen GT-M45 es un soporte antivibraciones de alta calidad para motores marinos. Es un recambio directo del Volvo Penta 846765, que proporciona una excelente absorci\u00f3n de las vibraciones, estabilidad del motor y una larga durabilidad en entornos marinos. Especificaciones t\u00e9cnicas N\u00famero [&hellip;]<\/p>\n","protected":false},"featured_media":38922,"comment_status":"open","ping_status":"closed","template":"","meta":[],"product_brand":[4232,4229],"product_cat":[2871,2518,4330,4333,4492,4317,4302,4329,4304],"product_tag":[],"class_list":{"0":"post-36601","1":"product","2":"type-product","3":"status-publish","4":"has-post-thumbnail","6":"product_brand-ellebogen","7":"product_brand-volvo-penta","8":"product_cat-bancadas-de-motor","9":"product_cat-piezas-de-motor","10":"product_cat-recambios-volvo-penta-d2-40","11":"product_cat-recambios-volvo-penta-d2-55","12":"product_cat-recambios-volvo-penta-d2-75","13":"product_cat-recambios-volvo-penta-md2040","14":"product_cat-volvo-penta","15":"product_cat-volvo-penta-serie-d2","16":"product_cat-volvo-penta-serie-md","17":"pa_condition-nuevo","18":"pa_model-d1-30","19":"pa_model-d2-40","20":"pa_model-d2-50","21":"pa_model-d2-55","22":"pa_model-d2-60","23":"pa_model-d2-75","24":"pa_model-d3-110","25":"pa_model-d3-130","26":"pa_model-d3-160","27":"pa_model-d3-190","28":"pa_oem-or-aftermarket-posventa","30":"first","31":"instock","32":"taxable","33":"shipping-taxable","34":"purchasable","35":"product-type-simple"},"supplier_id":7297,"supplier_sku":"GT-M45","barcode":null,"atum_controlled":true,"out_stock_date":null,"out_stock_threshold":null,"inheritable":false,"inbound_stock":2,"stock_on_hold":0,"sold_today":0,"sales_last_days":0,"reserved_stock":0,"customer_returns":0,"warehouse_damage":0,"lost_in_post":0,"other_logs":0,"out_stock_days":0,"lost_sales":0,"has_location":false,"update_date":"2026-03-05T15:34:52","atum_locations":[],"atum_stock_status":"instock","restock_status":false,"low_stock_amount":1,"sales_update_date":"2026-03-05T15:34:52","calc_backorders":0,"_links":{"self":[{"href":"https:\/\/mps.digital-monkey.in\/es\/wp-json\/wp\/v2\/product\/36601","targetHints":{"allow":["GET"]}}],"collection":[{"href":"https:\/\/mps.digital-monkey.in\/es\/wp-json\/wp\/v2\/product"}],"about":[{"href":"https:\/\/mps.digital-monkey.in\/es\/wp-json\/wp\/v2\/types\/product"}],"replies":[{"embeddable":true,"href":"https:\/\/mps.digital-monkey.in\/es\/wp-json\/wp\/v2\/comments?post=36601"}],"wp:featuredmedia":[{"embeddable":true,"href":"https:\/\/mps.digital-monkey.in\/es\/wp-json\/wp\/v2\/media\/38922"}],"wp:attachment":[{"href":"https:\/\/mps.digital-monkey.in\/es\/wp-json\/wp\/v2\/media?parent=36601"}],"wp:term":[{"taxonomy":"product_brand","embeddable":true,"href":"https:\/\/mps.digital-monkey.in\/es\/wp-json\/wp\/v2\/product_brand?post=36601"},{"taxonomy":"product_cat","embeddable":true,"href":"https:\/\/mps.digital-monkey.in\/es\/wp-json\/wp\/v2\/product_cat?post=36601"},{"taxonomy":"product_tag","embeddable":true,"href":"https:\/\/mps.digital-monkey.in\/es\/wp-json\/wp\/v2\/product_tag?post=36601"}],"curies":[{"name":"wp","href":"https:\/\/api.w.org\/{rel}","templated":true}]}}