{"id":36616,"date":"2025-06-17T14:13:08","date_gmt":"2025-06-17T14:13:08","guid":{"rendered":"https:\/\/mps.digital-monkey.in\/product\/ellebogen-gt-m65\/"},"modified":"2025-10-28T19:03:57","modified_gmt":"2025-10-28T19:03:57","slug":"ellebogen-gt-m65","status":"publish","type":"product","link":"https:\/\/mps.digital-monkey.in\/es\/product\/ellebogen-gt-m65\/","title":{"rendered":"Ellebogen GT-M65 Volvo Penta 858161"},"content":{"rendered":"<h2 data-start=\"138\" data-end=\"204\"><strong data-start=\"141\" data-end=\"202\">Ellebogen GT-M65 Volvo Penta 858161 &#8211; Bancada motor marino<\/strong><\/h2>\n<p data-start=\"206\" data-end=\"519\">El soporte de motor marino <strong data-start=\"210\" data-end=\"230\">Ellebogen GT-M65<\/strong> es un <strong data-start=\"273\" data-end=\"297\">soporte antivibraciones<\/strong> de alto rendimiento dise\u00f1ado para aplicaciones marinas exigentes. Es un recambio directo del <strong data-start=\"375\" data-end=\"397\">Volvo Penta 858161<\/strong>, que proporciona una amortiguaci\u00f3n fiable de las vibraciones, una gran capacidad de carga y una larga vida \u00fatil en las duras condiciones marinas.<\/p>\n<hr data-start=\"521\" data-end=\"524\">\n<h3 data-start=\"526\" data-end=\"558\"><strong data-start=\"530\" data-end=\"558\">Especificaciones t\u00e9cnicas<\/strong><\/h3>\n<ul data-start=\"559\" data-end=\"704\">\n<li data-start=\"559\" data-end=\"601\">\n<p data-start=\"561\" data-end=\"601\"><strong data-start=\"561\" data-end=\"582\">N\u00famero de referencia:<\/strong> Ellebogen GT-M65<\/p>\n<\/li>\n<li data-start=\"602\" data-end=\"645\">\n<p data-start=\"604\" data-end=\"645\"><strong data-start=\"604\" data-end=\"624\">Sustituci\u00f3n OEM:<\/strong> Volvo Penta 858161<\/p>\n<\/li>\n<li data-start=\"646\" data-end=\"668\">\n<p data-start=\"648\" data-end=\"668\"><strong data-start=\"648\" data-end=\"661\">Dureza:<\/strong> 65Sh<\/p>\n<\/li>\n<li data-start=\"669\" data-end=\"704\">\n<p data-start=\"671\" data-end=\"704\"><strong data-start=\"671\" data-end=\"695\">Carga est\u00e1tica m\u00e1xima:<\/strong> 280 kg<\/p>\n<\/li>\n<\/ul>\n<hr data-start=\"706\" data-end=\"709\">\n<h3 data-start=\"711\" data-end=\"749\"><strong data-start=\"715\" data-end=\"749\">Motores Volvo Penta compatibles<\/strong><\/h3>\n<ul data-start=\"750\" data-end=\"1140\">\n<li data-start=\"750\" data-end=\"947\">\n<p data-start=\"752\" data-end=\"775\"><strong data-start=\"752\" data-end=\"773\">Serie KAD \/ KAMD<\/strong><\/p>\n<ul data-start=\"778\" data-end=\"947\">\n<li data-start=\"778\" data-end=\"790\">\n<p data-start=\"780\" data-end=\"790\">KAD300-A<\/p>\n<\/li>\n<li data-start=\"793\" data-end=\"803\">\n<p data-start=\"795\" data-end=\"803\">KAD32P<\/p>\n<\/li>\n<li data-start=\"806\" data-end=\"818\">\n<p data-start=\"808\" data-end=\"818\">KAD43P-A<\/p>\n<\/li>\n<li data-start=\"821\" data-end=\"853\">\n<p data-start=\"823\" data-end=\"853\">KAD44P \/ KAD44P-B \/ KAD44P-C<\/p>\n<\/li>\n<li data-start=\"856\" data-end=\"869\">\n<p data-start=\"858\" data-end=\"869\">KAMD300-A<\/p>\n<\/li>\n<li data-start=\"872\" data-end=\"907\">\n<p data-start=\"874\" data-end=\"907\">KAMD43P \/ KAMD43P-A \/ KAMD43P-B<\/p>\n<\/li>\n<li data-start=\"910\" data-end=\"947\">\n<p data-start=\"912\" data-end=\"947\">KAMD44P-A \/ KAMD44P-B \/ KAMD44P-C<\/p>\n<\/li>\n<\/ul>\n<\/li>\n<li data-start=\"949\" data-end=\"1084\">\n<p data-start=\"951\" data-end=\"978\"><strong data-start=\"951\" data-end=\"976\">Serie MD \/ Saildrive<\/strong><\/p>\n<ul data-start=\"981\" data-end=\"1084\">\n<li data-start=\"981\" data-end=\"1031\">\n<p data-start=\"983\" data-end=\"1031\">MD2030 Saildrive \/ MD2030B \/ MD2030C \/ MD2030D<\/p>\n<\/li>\n<li data-start=\"1034\" data-end=\"1084\">\n<p data-start=\"1036\" data-end=\"1084\">MD2040 Saildrive \/ MD2040B \/ MD2040C \/ MD2040D<\/p>\n<\/li>\n<\/ul>\n<\/li>\n<li data-start=\"1086\" data-end=\"1140\">\n<p data-start=\"1088\" data-end=\"1112\"><strong data-start=\"1088\" data-end=\"1110\">Otras aplicaciones<\/strong><\/p>\n<ul data-start=\"1115\" data-end=\"1140\">\n<li data-start=\"1115\" data-end=\"1140\">\n<p data-start=\"1117\" data-end=\"1140\">TAMD42WJ-A Eje de gato<\/p>\n<\/li>\n<\/ul>\n<\/li>\n<\/ul>\n<hr data-start=\"1142\" data-end=\"1145\">\n<h3 data-start=\"1147\" data-end=\"1167\"><strong data-start=\"1151\" data-end=\"1167\">Caracter\u00edsticas principales<\/strong><\/h3>\n<ul data-start=\"1168\" data-end=\"1447\">\n<li data-start=\"1168\" data-end=\"1211\">\n<p data-start=\"1170\" data-end=\"1211\">Recambio OEM para Volvo Penta 858161.<\/p>\n<\/li>\n<li data-start=\"1212\" data-end=\"1270\">\n<p data-start=\"1214\" data-end=\"1270\">Gran dureza (65Sh) con capacidad de carga est\u00e1tica de 280 kg.<\/p>\n<\/li>\n<li data-start=\"1271\" data-end=\"1322\">\n<p data-start=\"1273\" data-end=\"1322\">Reduce eficazmente las vibraciones y el ruido del motor.<\/p>\n<\/li>\n<li data-start=\"1323\" data-end=\"1383\">\n<p data-start=\"1325\" data-end=\"1383\">Construido con caucho de calidad marina y acero para mayor durabilidad.<\/p>\n<\/li>\n<li data-start=\"1384\" data-end=\"1447\">\n<p data-start=\"1386\" data-end=\"1447\">Adecuado para motores di\u00e9sel potentes y sistemas Saildrive.<\/p>\n<\/li>\n<\/ul>\n","protected":false},"excerpt":{"rendered":"<p>Ellebogen GT-M65 Volvo Penta 858161 &#8211; Bancada motor marino El soporte de motor marino Ellebogen GT-M65 es un soporte antivibraciones de alto rendimiento dise\u00f1ado para aplicaciones marinas exigentes. Es un recambio directo del Volvo Penta 858161, que proporciona una amortiguaci\u00f3n fiable de las vibraciones, una gran capacidad de carga y una larga vida \u00fatil en [&hellip;]<\/p>\n","protected":false},"featured_media":38956,"comment_status":"open","ping_status":"closed","template":"","meta":[],"product_brand":[4232,4229],"product_cat":[2871,2518,4314,4317,4302,4304],"product_tag":[],"class_list":{"0":"post-36616","1":"product","2":"type-product","3":"status-publish","4":"has-post-thumbnail","6":"product_brand-ellebogen","7":"product_brand-volvo-penta","8":"product_cat-bancadas-de-motor","9":"product_cat-piezas-de-motor","10":"product_cat-recambios-volvo-penta-md2030","11":"product_cat-recambios-volvo-penta-md2040","12":"product_cat-volvo-penta","13":"product_cat-volvo-penta-serie-md","14":"pa_condition-nuevo","15":"pa_model-kad300","16":"pa_model-kad32","17":"pa_model-kad43","18":"pa_model-kad44","19":"pa_model-kamd300","20":"pa_model-kamd43","21":"pa_model-kamd44","22":"pa_model-md2030","23":"pa_model-md2040","24":"pa_oem-or-aftermarket-posventa","26":"first","27":"onbackorder","28":"taxable","29":"shipping-taxable","30":"purchasable","31":"product-type-simple"},"supplier_id":null,"supplier_sku":"","barcode":null,"atum_controlled":true,"out_stock_date":null,"out_stock_threshold":null,"inheritable":false,"inbound_stock":0,"stock_on_hold":2,"sold_today":2,"sales_last_days":2,"reserved_stock":0,"customer_returns":0,"warehouse_damage":0,"lost_in_post":0,"other_logs":0,"out_stock_days":0,"lost_sales":0,"has_location":false,"update_date":"2026-02-16T15:06:21","atum_locations":[],"atum_stock_status":"onbackorder","restock_status":false,"low_stock_amount":1,"sales_update_date":"2026-02-16T15:06:21","calc_backorders":-2,"_links":{"self":[{"href":"https:\/\/mps.digital-monkey.in\/es\/wp-json\/wp\/v2\/product\/36616","targetHints":{"allow":["GET"]}}],"collection":[{"href":"https:\/\/mps.digital-monkey.in\/es\/wp-json\/wp\/v2\/product"}],"about":[{"href":"https:\/\/mps.digital-monkey.in\/es\/wp-json\/wp\/v2\/types\/product"}],"replies":[{"embeddable":true,"href":"https:\/\/mps.digital-monkey.in\/es\/wp-json\/wp\/v2\/comments?post=36616"}],"wp:featuredmedia":[{"embeddable":true,"href":"https:\/\/mps.digital-monkey.in\/es\/wp-json\/wp\/v2\/media\/38956"}],"wp:attachment":[{"href":"https:\/\/mps.digital-monkey.in\/es\/wp-json\/wp\/v2\/media?parent=36616"}],"wp:term":[{"taxonomy":"product_brand","embeddable":true,"href":"https:\/\/mps.digital-monkey.in\/es\/wp-json\/wp\/v2\/product_brand?post=36616"},{"taxonomy":"product_cat","embeddable":true,"href":"https:\/\/mps.digital-monkey.in\/es\/wp-json\/wp\/v2\/product_cat?post=36616"},{"taxonomy":"product_tag","embeddable":true,"href":"https:\/\/mps.digital-monkey.in\/es\/wp-json\/wp\/v2\/product_tag?post=36616"}],"curies":[{"name":"wp","href":"https:\/\/api.w.org\/{rel}","templated":true}]}}