{"id":36628,"date":"2025-06-17T14:13:09","date_gmt":"2025-06-17T14:13:09","guid":{"rendered":"https:\/\/mps.digital-monkey.in\/product\/ellebogen-75\/"},"modified":"2026-02-18T14:47:39","modified_gmt":"2026-02-18T14:47:39","slug":"ellebogen-75","status":"publish","type":"product","link":"https:\/\/mps.digital-monkey.in\/es\/product\/ellebogen-75\/","title":{"rendered":"Bancada motor marino Ellebogen 75 &#8211; 128270-08341"},"content":{"rendered":"<p data-start=\"190\" data-end=\"495\">El <strong data-start=\"194\" data-end=\"230\">soporte de motor marino Ellebogen 75<\/strong> (referencia <strong data-start=\"242\" data-end=\"258\">128270-08341<\/strong>) es un soporte de alta calidad dise\u00f1ado para una amplia gama de motores marinos Yanmar. Dise\u00f1ado para proporcionar una absorci\u00f3n fiable de las vibraciones y un montaje seguro, garantiza un funcionamiento suave y una larga durabilidad en entornos marinos. <\/p>\n<hr data-start=\"497\" data-end=\"500\">\n<h3 data-start=\"502\" data-end=\"528\"><strong data-start=\"506\" data-end=\"528\">Motores compatibles<\/strong><\/h3>\n<p data-start=\"529\" data-end=\"606\">Este soporte es adecuado como<strong data-start=\"557\" data-end=\"578\"> soporte de motor<\/strong> para los siguientes modelos:<\/p>\n<ul data-start=\"608\" data-end=\"794\">\n<li data-start=\"608\" data-end=\"660\">\n<p data-start=\"610\" data-end=\"660\"><strong data-start=\"610\" data-end=\"625\">Serie 2GM:<\/strong> 2GM, 2GM20, 2GM20B, 2GM20F, 2GMF<\/p>\n<\/li>\n<li data-start=\"661\" data-end=\"686\">\n<p data-start=\"663\" data-end=\"686\"><strong data-start=\"663\" data-end=\"678\">Serie 2YM:<\/strong> 2YM15<\/p>\n<\/li>\n<li data-start=\"687\" data-end=\"752\">\n<p data-start=\"689\" data-end=\"752\"><strong data-start=\"689\" data-end=\"704\">Serie 3GM:<\/strong> 3GM, 3GM30, 3GM30B, 3GM30F, 3GMD, 3GMDF, 3GMF<\/p>\n<\/li>\n<li data-start=\"753\" data-end=\"794\">\n<p data-start=\"755\" data-end=\"794\"><strong data-start=\"755\" data-end=\"770\">Serie 3YM:<\/strong> 3YM20, 3YM30, 3YM30AE<\/p>\n<\/li>\n<\/ul>\n<hr data-start=\"796\" data-end=\"799\">\n<h3 data-start=\"801\" data-end=\"833\"><strong data-start=\"805\" data-end=\"833\">Especificaciones t\u00e9cnicas<\/strong><\/h3>\n<ul data-start=\"834\" data-end=\"1028\">\n<li data-start=\"834\" data-end=\"872\">\n<p data-start=\"836\" data-end=\"872\"><strong data-start=\"836\" data-end=\"857\">N\u00famero de referencia:<\/strong> 128270-08341<\/p>\n<\/li>\n<li data-start=\"873\" data-end=\"931\">\n<p data-start=\"875\" data-end=\"931\"><strong data-start=\"875\" data-end=\"902\">Referencias alternativas:<\/strong> 128377-08340, 128377-08341<\/p>\n<\/li>\n<li data-start=\"932\" data-end=\"964\">\n<p data-start=\"934\" data-end=\"964\"><strong data-start=\"934\" data-end=\"959\">Indicaci\u00f3n sobre la goma:<\/strong> 75<\/p>\n<\/li>\n<li data-start=\"965\" data-end=\"999\">\n<p data-start=\"967\" data-end=\"999\"><strong data-start=\"967\" data-end=\"991\">Carga est\u00e1tica m\u00e1xima:<\/strong> 40 kg<\/p>\n<\/li>\n<li data-start=\"1000\" data-end=\"1028\">\n<p data-start=\"1002\" data-end=\"1028\"><strong data-start=\"1002\" data-end=\"1021\">Posici\u00f3n de montaje:<\/strong> Trasera<\/p>\n<\/li>\n<\/ul>\n<hr data-start=\"1030\" data-end=\"1033\">\n<h3 data-start=\"1035\" data-end=\"1055\"><strong data-start=\"1039\" data-end=\"1055\">Caracter\u00edsticas principales<\/strong><\/h3>\n<ul data-start=\"1056\" data-end=\"1294\">\n<li data-start=\"1056\" data-end=\"1137\">\n<p data-start=\"1058\" data-end=\"1137\">Construcci\u00f3n de goma de alta calidad para absorber las vibraciones y reducir el ruido del motor.<\/p>\n<\/li>\n<li data-start=\"1138\" data-end=\"1188\">\n<p data-start=\"1140\" data-end=\"1188\">Sustituci\u00f3n directa de los soportes originales Yanmar.<\/p>\n<\/li>\n<li data-start=\"1189\" data-end=\"1251\">\n<p data-start=\"1191\" data-end=\"1251\">Dise\u00f1o duradero para una larga vida \u00fatil en condiciones marinas.<\/p>\n<\/li>\n<li data-start=\"1252\" data-end=\"1294\">\n<p data-start=\"1254\" data-end=\"1294\">F\u00e1cil de instalar en motores compatibles.<\/p>\n<\/li>\n<\/ul>\n<hr data-start=\"1296\" data-end=\"1299\">\n<p data-start=\"1301\" data-end=\"1454\">Este <strong data-start=\"1306\" data-end=\"1335\">soporte de motor Ellebogen 75<\/strong> es una pieza de recambio esencial para mantener el buen funcionamiento y la estabilidad del motor en tu motor marino Yanmar.<\/p>\n","protected":false},"excerpt":{"rendered":"<p>El soporte de motor marino Ellebogen 75 (referencia 128270-08341) es un soporte de alta calidad dise\u00f1ado para una amplia gama de motores marinos Yanmar. Dise\u00f1ado para proporcionar una absorci\u00f3n fiable de las vibraciones y un montaje seguro, garantiza un funcionamiento suave y una larga durabilidad en entornos marinos. Motores compatibles Este soporte es adecuado como [&hellip;]<\/p>\n","protected":false},"featured_media":38871,"comment_status":"open","ping_status":"closed","template":"","meta":[],"product_brand":[4232,4235],"product_cat":[2871,4567,4450,4451,2518,4448],"product_tag":[],"class_list":{"0":"post-36628","1":"product","2":"type-product","3":"status-publish","4":"has-post-thumbnail","6":"product_brand-ellebogen","7":"product_brand-yanmar","8":"product_cat-bancadas-de-motor","9":"product_cat-bancadas-motor-yanmar","10":"product_cat-piezas-2gm-2gm20","11":"product_cat-piezas-3gm-3gm30","12":"product_cat-piezas-de-motor","13":"product_cat-yanmar","14":"pa_condition-nuevo","15":"pa_model-2gm","16":"pa_model-2gmf","17":"pa_model-2gm20","18":"pa_model-2gm20f","19":"pa_model-2ym15","20":"pa_model-3gm","21":"pa_model-3gm30","22":"pa_model-3gm30b","23":"pa_model-3gm30f","24":"pa_model-3gmd","25":"pa_model-3gmdf","26":"pa_model-3gmf","27":"pa_model-3ym20","28":"pa_model-3ym30","29":"pa_oem-or-aftermarket-posventa","31":"first","32":"instock","33":"taxable","34":"shipping-taxable","35":"purchasable","36":"product-type-simple"},"supplier_id":7297,"supplier_sku":"128270-08341, 128377-08340, 128377-08341","barcode":null,"atum_controlled":true,"out_stock_date":null,"out_stock_threshold":null,"inheritable":false,"inbound_stock":0,"stock_on_hold":2,"sold_today":0,"sales_last_days":0,"reserved_stock":0,"customer_returns":0,"warehouse_damage":0,"lost_in_post":0,"other_logs":0,"out_stock_days":0,"lost_sales":0,"has_location":false,"update_date":"2026-03-20T13:24:52","atum_locations":[],"atum_stock_status":"instock","restock_status":false,"low_stock_amount":1,"sales_update_date":"2026-03-20T13:24:52","calc_backorders":0,"_links":{"self":[{"href":"https:\/\/mps.digital-monkey.in\/es\/wp-json\/wp\/v2\/product\/36628","targetHints":{"allow":["GET"]}}],"collection":[{"href":"https:\/\/mps.digital-monkey.in\/es\/wp-json\/wp\/v2\/product"}],"about":[{"href":"https:\/\/mps.digital-monkey.in\/es\/wp-json\/wp\/v2\/types\/product"}],"replies":[{"embeddable":true,"href":"https:\/\/mps.digital-monkey.in\/es\/wp-json\/wp\/v2\/comments?post=36628"}],"wp:featuredmedia":[{"embeddable":true,"href":"https:\/\/mps.digital-monkey.in\/es\/wp-json\/wp\/v2\/media\/38871"}],"wp:attachment":[{"href":"https:\/\/mps.digital-monkey.in\/es\/wp-json\/wp\/v2\/media?parent=36628"}],"wp:term":[{"taxonomy":"product_brand","embeddable":true,"href":"https:\/\/mps.digital-monkey.in\/es\/wp-json\/wp\/v2\/product_brand?post=36628"},{"taxonomy":"product_cat","embeddable":true,"href":"https:\/\/mps.digital-monkey.in\/es\/wp-json\/wp\/v2\/product_cat?post=36628"},{"taxonomy":"product_tag","embeddable":true,"href":"https:\/\/mps.digital-monkey.in\/es\/wp-json\/wp\/v2\/product_tag?post=36628"}],"curies":[{"name":"wp","href":"https:\/\/api.w.org\/{rel}","templated":true}]}}