{"id":36664,"date":"2025-06-17T14:14:26","date_gmt":"2025-06-17T14:14:26","guid":{"rendered":"https:\/\/mps.digital-monkey.in\/product\/aceite-sintetico-de-transmision-75w-140-22574246-5l\/"},"modified":"2026-02-27T11:00:10","modified_gmt":"2026-02-27T11:00:10","slug":"aceite-sintetico-de-transmision-75w-140-22574246-5l","status":"publish","type":"product","link":"https:\/\/mps.digital-monkey.in\/es\/product\/aceite-sintetico-de-transmision-75w-140-22574246-5l\/","title":{"rendered":"Aceite sint\u00e9tico de transmisi\u00f3n 75W-140 22574246 5L"},"content":{"rendered":"<h3 data-start=\"131\" data-end=\"189\"><strong data-start=\"135\" data-end=\"189\">Aceite sint\u00e9tico para cajas de cambios 75W-140 &#8211; 22574246 (5L)<\/strong><\/h3>\n<p data-start=\"191\" data-end=\"474\">El Aceite Sint\u00e9tico para Transmisiones 75W-140 (n\u00famero de pieza 22574246) es un aceite premium de alto rendimiento dise\u00f1ado para transmisiones y cajas de cambios marinas. Proporciona una excelente protecci\u00f3n contra el desgaste, reduce la fricci\u00f3n y garantiza un funcionamiento suave incluso bajo temperaturas extremas y cargas pesadas. <\/p>\n<p data-start=\"476\" data-end=\"495\"><strong data-start=\"476\" data-end=\"493\">Caracter\u00edsticas principales:<\/strong><\/p>\n<ul data-start=\"496\" data-end=\"670\">\n<li data-start=\"496\" data-end=\"548\">\n<p data-start=\"498\" data-end=\"548\">Grado de viscosidad 75W-140 para una lubricaci\u00f3n superior<\/p>\n<\/li>\n<li data-start=\"549\" data-end=\"609\">\n<p data-start=\"551\" data-end=\"609\">F\u00f3rmula sint\u00e9tica para una mayor durabilidad y protecci\u00f3n<\/p>\n<\/li>\n<li data-start=\"610\" data-end=\"670\">\n<p data-start=\"612\" data-end=\"670\">Ideal para transmisiones y cajas de cambios marinas Volvo Penta<\/p>\n<\/li>\n<\/ul>\n<hr data-start=\"672\" data-end=\"675\">\n<p data-start=\"677\" data-end=\"884\"><strong data-start=\"679\" data-end=\"699\">\u2705 N\u00famero de pieza OEM:<\/strong> 22574246<br data-start=\"708\" data-end=\"711\">\u2699\ufe0f <strong data-start=\"714\" data-end=\"730\">Aplicaci\u00f3n:<\/strong> Transmisiones y cajas de cambios marinas<br data-start=\"765\" data-end=\"768\">???? <strong data-start=\"771\" data-end=\"782\">Volumen:<\/strong> 5 litros<br data-start=\"791\" data-end=\"794\">???? <strong data-start=\"797\" data-end=\"806\">Nota:<\/strong> Confirma siempre la compatibilidad con tu modelo espec\u00edfico de caja de cambios antes de utilizarlo<\/p>\n","protected":false},"excerpt":{"rendered":"<p>Aceite sint\u00e9tico para cajas de cambios 75W-140 &#8211; 22574246 (5L) El Aceite Sint\u00e9tico para Transmisiones 75W-140 (n\u00famero de pieza 22574246) es un aceite premium de alto rendimiento dise\u00f1ado para transmisiones y cajas de cambios marinas. Proporciona una excelente protecci\u00f3n contra el desgaste, reduce la fricci\u00f3n y garantiza un funcionamiento suave incluso bajo temperaturas extremas y [&hellip;]<\/p>\n","protected":false},"featured_media":26788,"comment_status":"open","ping_status":"closed","template":"","meta":[],"product_brand":[4229],"product_cat":[4027,4483,2497,4525],"product_tag":[],"class_list":{"0":"post-36664","1":"product","2":"type-product","3":"status-publish","4":"has-post-thumbnail","6":"product_brand-volvo-penta","7":"product_cat-aceite-de-la-caja-de-cambios","8":"product_cat-aceite-volvo-penta","9":"product_cat-piezas-de-mantenimiento-del-motor","10":"product_cat-recambios-volvo-penta","12":"first","13":"onbackorder","14":"taxable","15":"shipping-taxable","16":"purchasable","17":"product-type-simple"},"supplier_id":null,"supplier_sku":"","barcode":null,"atum_controlled":true,"out_stock_date":"2025-11-21 12:46:58","out_stock_threshold":null,"inheritable":false,"inbound_stock":null,"stock_on_hold":0,"sold_today":0,"sales_last_days":0,"reserved_stock":null,"customer_returns":null,"warehouse_damage":null,"lost_in_post":null,"other_logs":null,"out_stock_days":0,"lost_sales":0,"has_location":null,"update_date":"2025-11-21T12:49:49","atum_locations":[],"atum_stock_status":"onbackorder","restock_status":false,"low_stock_amount":"","sales_update_date":"2025-08-29T00:00:42","calc_backorders":0,"_links":{"self":[{"href":"https:\/\/mps.digital-monkey.in\/es\/wp-json\/wp\/v2\/product\/36664","targetHints":{"allow":["GET"]}}],"collection":[{"href":"https:\/\/mps.digital-monkey.in\/es\/wp-json\/wp\/v2\/product"}],"about":[{"href":"https:\/\/mps.digital-monkey.in\/es\/wp-json\/wp\/v2\/types\/product"}],"replies":[{"embeddable":true,"href":"https:\/\/mps.digital-monkey.in\/es\/wp-json\/wp\/v2\/comments?post=36664"}],"wp:featuredmedia":[{"embeddable":true,"href":"https:\/\/mps.digital-monkey.in\/es\/wp-json\/wp\/v2\/media\/26788"}],"wp:attachment":[{"href":"https:\/\/mps.digital-monkey.in\/es\/wp-json\/wp\/v2\/media?parent=36664"}],"wp:term":[{"taxonomy":"product_brand","embeddable":true,"href":"https:\/\/mps.digital-monkey.in\/es\/wp-json\/wp\/v2\/product_brand?post=36664"},{"taxonomy":"product_cat","embeddable":true,"href":"https:\/\/mps.digital-monkey.in\/es\/wp-json\/wp\/v2\/product_cat?post=36664"},{"taxonomy":"product_tag","embeddable":true,"href":"https:\/\/mps.digital-monkey.in\/es\/wp-json\/wp\/v2\/product_tag?post=36664"}],"curies":[{"name":"wp","href":"https:\/\/api.w.org\/{rel}","templated":true}]}}