{"id":36679,"date":"2025-06-17T14:14:27","date_gmt":"2025-06-17T14:14:27","guid":{"rendered":"https:\/\/mps.digital-monkey.in\/product\/aceite-de-caja-de-cambios-volvo-penta-atf-dexron-iii-23909465-23909464\/"},"modified":"2026-02-27T10:59:44","modified_gmt":"2026-02-27T10:59:44","slug":"aceite-de-caja-de-cambios-volvo-penta-atf-dexron-iii-23909465-23909464","status":"publish","type":"product","link":"https:\/\/mps.digital-monkey.in\/es\/product\/aceite-de-caja-de-cambios-volvo-penta-atf-dexron-iii-23909465-23909464\/","title":{"rendered":"Aceite de caja de cambios Volvo Penta ATF Dexron III | 23909465 &#8211; 23909464"},"content":{"rendered":"<h3 data-start=\"114\" data-end=\"165\"><strong data-start=\"118\" data-end=\"165\">Aceite de caja de cambios Volvo Penta ATF Dexron III<\/strong><\/h3>\n<p data-start=\"167\" data-end=\"447\">El aceite de transmisi\u00f3n Volvo Penta ATF Dexron III es un l\u00edquido de transmisi\u00f3n autom\u00e1tica de alta calidad dise\u00f1ado espec\u00edficamente para las transmisiones marinas Volvo Penta. Garantiza cambios suaves, protege los componentes de la transmisi\u00f3n del desgaste y mantiene un rendimiento \u00f3ptimo en entornos marinos. <\/p>\n<p data-start=\"449\" data-end=\"488\"><strong data-start=\"449\" data-end=\"486\">Tama\u00f1os y referencias disponibles:<\/strong><\/p>\n<ul data-start=\"489\" data-end=\"561\">\n<li data-start=\"489\" data-end=\"524\">\n<p data-start=\"491\" data-end=\"524\">1 litro &#8211; N\u00famero de pieza: 23909464<\/p>\n<\/li>\n<li data-start=\"525\" data-end=\"561\">\n<p data-start=\"527\" data-end=\"561\">5 litros &#8211; N\u00famero de pieza: 23909465<\/p>\n<\/li>\n<\/ul>\n<hr data-start=\"563\" data-end=\"566\">\n<p data-start=\"568\" data-end=\"754\">\u2705 <strong data-start=\"570\" data-end=\"579\">Tipo:<\/strong> Dexron III ATF<br data-start=\"594\" data-end=\"597\">\u2699\ufe0f <strong data-start=\"600\" data-end=\"616\">Aplicaci\u00f3n:<\/strong> Transmisiones y acoplamientos marinos Volvo Penta<br data-start=\"663\" data-end=\"666\">???? <strong data-start=\"669\" data-end=\"678\">Nota:<\/strong> Utiliza s\u00f3lo fluidos originales Volvo Penta para garantizar la compatibilidad y el rendimiento.<\/p>\n","protected":false},"excerpt":{"rendered":"<p>Aceite de caja de cambios Volvo Penta ATF Dexron III El aceite de transmisi\u00f3n Volvo Penta ATF Dexron III es un l\u00edquido de transmisi\u00f3n autom\u00e1tica de alta calidad dise\u00f1ado espec\u00edficamente para las transmisiones marinas Volvo Penta. Garantiza cambios suaves, protege los componentes de la transmisi\u00f3n del desgaste y mantiene un rendimiento \u00f3ptimo en entornos marinos. [&hellip;]<\/p>\n","protected":false},"featured_media":26793,"comment_status":"open","ping_status":"closed","template":"","meta":[],"product_brand":[4229],"product_cat":[4027,4483,2497,4525],"product_tag":[],"class_list":{"0":"post-36679","1":"product","2":"type-product","3":"status-publish","4":"has-post-thumbnail","6":"product_brand-volvo-penta","7":"product_cat-aceite-de-la-caja-de-cambios","8":"product_cat-aceite-volvo-penta","9":"product_cat-piezas-de-mantenimiento-del-motor","10":"product_cat-recambios-volvo-penta","12":"first","13":"onbackorder","14":"taxable","15":"shipping-taxable","16":"purchasable","17":"product-type-variable"},"supplier_id":null,"supplier_sku":"","barcode":null,"atum_controlled":true,"out_stock_date":"2025-11-21 12:46:47","out_stock_threshold":null,"inheritable":false,"inbound_stock":null,"stock_on_hold":0,"sold_today":0,"sales_last_days":0,"reserved_stock":0,"customer_returns":0,"warehouse_damage":0,"lost_in_post":0,"other_logs":0,"out_stock_days":0,"lost_sales":0,"has_location":null,"update_date":"2025-11-21T12:49:49","atum_locations":[],"atum_stock_status":"onbackorder","restock_status":false,"low_stock_amount":"","sales_update_date":"2025-08-29T00:00:37","calc_backorders":0,"_links":{"self":[{"href":"https:\/\/mps.digital-monkey.in\/es\/wp-json\/wp\/v2\/product\/36679","targetHints":{"allow":["GET"]}}],"collection":[{"href":"https:\/\/mps.digital-monkey.in\/es\/wp-json\/wp\/v2\/product"}],"about":[{"href":"https:\/\/mps.digital-monkey.in\/es\/wp-json\/wp\/v2\/types\/product"}],"replies":[{"embeddable":true,"href":"https:\/\/mps.digital-monkey.in\/es\/wp-json\/wp\/v2\/comments?post=36679"}],"wp:featuredmedia":[{"embeddable":true,"href":"https:\/\/mps.digital-monkey.in\/es\/wp-json\/wp\/v2\/media\/26793"}],"wp:attachment":[{"href":"https:\/\/mps.digital-monkey.in\/es\/wp-json\/wp\/v2\/media?parent=36679"}],"wp:term":[{"taxonomy":"product_brand","embeddable":true,"href":"https:\/\/mps.digital-monkey.in\/es\/wp-json\/wp\/v2\/product_brand?post=36679"},{"taxonomy":"product_cat","embeddable":true,"href":"https:\/\/mps.digital-monkey.in\/es\/wp-json\/wp\/v2\/product_cat?post=36679"},{"taxonomy":"product_tag","embeddable":true,"href":"https:\/\/mps.digital-monkey.in\/es\/wp-json\/wp\/v2\/product_tag?post=36679"}],"curies":[{"name":"wp","href":"https:\/\/api.w.org\/{rel}","templated":true}]}}