{"id":36834,"date":"2025-06-17T14:15:32","date_gmt":"2025-06-17T14:15:32","guid":{"rendered":"https:\/\/mps.digital-monkey.in\/product\/impeller-kit-yanmar-119175-42650\/"},"modified":"2025-11-21T14:11:46","modified_gmt":"2025-11-21T14:11:46","slug":"impeller-kit-yanmar-119175-42650","status":"publish","type":"product","link":"https:\/\/mps.digital-monkey.in\/es\/producto\/impeller-kit-yanmar-119175-42650\/","title":{"rendered":"Impeller kit Yanmar 119175-42650"},"content":{"rendered":"<p>Para los tipos 4LH m\u00e1s antiguos, pide la junta t\u00f3rica correcta por separado.<\/p>\n<p>Junta t\u00f3rica para los tipos 4LH m\u00e1s antiguos (4LH-TE\/HTE\/DTE\/STE y 4LHA-HTE\/HTP): n\u00famero de art\u00edculo 24321-000700.<\/p>\n<p>El impulsor individual 120650-42310 ya no est\u00e1 disponible.<\/p>\n<p>Para la serie BY, pide el kit de impulsor 120650-42530.<\/p>\n<ul>\n<li>4LHA DTE 190CV, 4LHA DTP 200CV, 4LHA STE 230CV, 4LHA STP 240CV<\/li>\n<\/ul>\n","protected":false},"excerpt":{"rendered":"<p>Para los tipos 4LH m\u00e1s antiguos, pide la junta t\u00f3rica correcta por separado. Junta t\u00f3rica para los tipos 4LH m\u00e1s antiguos (4LH-TE\/HTE\/DTE\/STE y 4LHA-HTE\/HTP): n\u00famero de art\u00edculo 24321-000700. El impulsor individual 120650-42310 ya no est\u00e1 disponible. Para la serie BY, pide el kit de impulsor 120650-42530. 4LHA DTE 190CV, 4LHA DTP 200CV, 4LHA STE 230CV, [&hellip;]<\/p>\n","protected":false},"featured_media":36835,"comment_status":"open","ping_status":"closed","template":"","meta":[],"product_brand":[4235],"product_cat":[4558,3032,2497,4534],"product_tag":[],"class_list":{"0":"post-36834","1":"product","2":"type-product","3":"status-publish","4":"has-post-thumbnail","6":"product_brand-yanmar","7":"product_cat-impellers-yanmar","8":"product_cat-impulsores","9":"product_cat-piezas-de-mantenimiento-del-motor","10":"product_cat-piezas-de-servicio-yanmar","11":"pa_condition-nuevo","12":"pa_model-4lh","13":"pa_model-4lh-dte","14":"pa_model-4lh-hte","15":"pa_model-4lh-ste","16":"pa_model-4lh-te","17":"pa_model-4lha-dte","18":"pa_model-4lha-dtp","19":"pa_model-4lha-hte","20":"pa_model-4lha-htp","21":"pa_model-4lha-ste","22":"pa_model-4lha-stp","23":"pa_oem-or-aftermarket-oem","25":"first","26":"onbackorder","27":"taxable","28":"shipping-taxable","29":"purchasable","30":"product-type-simple"},"supplier_id":null,"supplier_sku":"","barcode":null,"atum_controlled":true,"out_stock_date":"2025-11-21 14:08:01","out_stock_threshold":null,"inheritable":false,"inbound_stock":null,"stock_on_hold":0,"sold_today":0,"sales_last_days":0,"reserved_stock":null,"customer_returns":null,"warehouse_damage":null,"lost_in_post":null,"other_logs":null,"out_stock_days":0,"lost_sales":0,"has_location":null,"update_date":"2025-11-21T14:08:57","atum_locations":[],"atum_stock_status":"onbackorder","restock_status":false,"low_stock_amount":"","sales_update_date":"2025-08-29T00:00:42","calc_backorders":0,"_links":{"self":[{"href":"https:\/\/mps.digital-monkey.in\/es\/wp-json\/wp\/v2\/product\/36834","targetHints":{"allow":["GET"]}}],"collection":[{"href":"https:\/\/mps.digital-monkey.in\/es\/wp-json\/wp\/v2\/product"}],"about":[{"href":"https:\/\/mps.digital-monkey.in\/es\/wp-json\/wp\/v2\/types\/product"}],"replies":[{"embeddable":true,"href":"https:\/\/mps.digital-monkey.in\/es\/wp-json\/wp\/v2\/comments?post=36834"}],"wp:featuredmedia":[{"embeddable":true,"href":"https:\/\/mps.digital-monkey.in\/es\/wp-json\/wp\/v2\/media\/36835"}],"wp:attachment":[{"href":"https:\/\/mps.digital-monkey.in\/es\/wp-json\/wp\/v2\/media?parent=36834"}],"wp:term":[{"taxonomy":"product_brand","embeddable":true,"href":"https:\/\/mps.digital-monkey.in\/es\/wp-json\/wp\/v2\/product_brand?post=36834"},{"taxonomy":"product_cat","embeddable":true,"href":"https:\/\/mps.digital-monkey.in\/es\/wp-json\/wp\/v2\/product_cat?post=36834"},{"taxonomy":"product_tag","embeddable":true,"href":"https:\/\/mps.digital-monkey.in\/es\/wp-json\/wp\/v2\/product_tag?post=36834"}],"curies":[{"name":"wp","href":"https:\/\/api.w.org\/{rel}","templated":true}]}}