{"id":36928,"date":"2025-06-17T14:16:30","date_gmt":"2025-06-17T14:16:30","guid":{"rendered":"https:\/\/mps.digital-monkey.in\/product\/kit-de-juntas-intercambiador-de-calor-para-volvo-penta-31-41\/"},"modified":"2025-11-21T12:50:26","modified_gmt":"2025-11-21T12:50:26","slug":"kit-de-juntas-intercambiador-de-calor-para-volvo-penta-31-41","status":"publish","type":"product","link":"https:\/\/mps.digital-monkey.in\/es\/product\/kit-de-juntas-intercambiador-de-calor-para-volvo-penta-31-41\/","title":{"rendered":"Kit de juntas Intercambiador de calor para Volvo Penta 31, 41"},"content":{"rendered":"<p>Kit de juntas Intercambiador de calor para Volvo Penta 31, 41<\/p>\n<p>Para los modelos:<\/p>\n<p>AD31A, AD31B, AQAD31A, TAMD31A, TAMD31B, TMD31A, TMD31B<br \/>\nAD41A, AD41B, AQAD41A, D41A, D41B, TAMD41A, TAMD41B<br \/>\nTMD41A, TMD41B<\/p>\n<p>860127 x 3 Tira de sellado<\/p>\n<p>958227 x 1 Junta t\u00f3rica (al \u00e1nodo, tapa final)<\/p>\n<p>925027 x 1 Junta t\u00f3rica (tapa del extremo)<\/p>\n<p>968927 x 4 Junta t\u00f3rica (tubo y tuber\u00eda)<\/p>\n<p>964106 x 1 Junta\/anillo t\u00f3rico (junta al tornillo hexagonal de la tapa del extremo).<\/p>\n<p>11994 x 2 Junta (arandela de cobre).<\/p>\n<p><strong>Producto posventa de alta calidad<\/strong><\/p>\n","protected":false},"excerpt":{"rendered":"<p>Kit de juntas Intercambiador de calor para Volvo Penta 31, 41 Para los modelos: AD31A, AD31B, AQAD31A, TAMD31A, TAMD31B, TMD31A, TMD31B AD41A, AD41B, AQAD41A, D41A, D41B, TAMD41A, TAMD41B TMD41A, TMD41B 860127 x 3 Tira de sellado 958227 x 1 Junta t\u00f3rica (al \u00e1nodo, tapa final) 925027 x 1 Junta t\u00f3rica (tapa del extremo) 968927 x [&hellip;]<\/p>\n","protected":false},"featured_media":36929,"comment_status":"open","ping_status":"closed","template":"","meta":[],"product_brand":[4229],"product_cat":[2497,4525],"product_tag":[],"class_list":{"0":"post-36928","1":"product","2":"type-product","3":"status-publish","4":"has-post-thumbnail","6":"product_brand-volvo-penta","7":"product_cat-piezas-de-mantenimiento-del-motor","8":"product_cat-recambios-volvo-penta","10":"first","11":"instock","12":"taxable","13":"shipping-taxable","14":"purchasable","15":"product-type-simple"},"supplier_id":null,"supplier_sku":"","barcode":null,"atum_controlled":true,"out_stock_date":null,"out_stock_threshold":null,"inheritable":false,"inbound_stock":null,"stock_on_hold":0,"sold_today":0,"sales_last_days":0,"reserved_stock":null,"customer_returns":null,"warehouse_damage":null,"lost_in_post":null,"other_logs":null,"out_stock_days":0,"lost_sales":0,"has_location":null,"update_date":"2025-11-21T12:49:49","atum_locations":[],"atum_stock_status":"instock","restock_status":false,"low_stock_amount":1,"sales_update_date":"2025-08-29T00:00:38","calc_backorders":0,"_links":{"self":[{"href":"https:\/\/mps.digital-monkey.in\/es\/wp-json\/wp\/v2\/product\/36928","targetHints":{"allow":["GET"]}}],"collection":[{"href":"https:\/\/mps.digital-monkey.in\/es\/wp-json\/wp\/v2\/product"}],"about":[{"href":"https:\/\/mps.digital-monkey.in\/es\/wp-json\/wp\/v2\/types\/product"}],"replies":[{"embeddable":true,"href":"https:\/\/mps.digital-monkey.in\/es\/wp-json\/wp\/v2\/comments?post=36928"}],"wp:featuredmedia":[{"embeddable":true,"href":"https:\/\/mps.digital-monkey.in\/es\/wp-json\/wp\/v2\/media\/36929"}],"wp:attachment":[{"href":"https:\/\/mps.digital-monkey.in\/es\/wp-json\/wp\/v2\/media?parent=36928"}],"wp:term":[{"taxonomy":"product_brand","embeddable":true,"href":"https:\/\/mps.digital-monkey.in\/es\/wp-json\/wp\/v2\/product_brand?post=36928"},{"taxonomy":"product_cat","embeddable":true,"href":"https:\/\/mps.digital-monkey.in\/es\/wp-json\/wp\/v2\/product_cat?post=36928"},{"taxonomy":"product_tag","embeddable":true,"href":"https:\/\/mps.digital-monkey.in\/es\/wp-json\/wp\/v2\/product_tag?post=36928"}],"curies":[{"name":"wp","href":"https:\/\/api.w.org\/{rel}","templated":true}]}}