{"id":37048,"date":"2025-06-17T14:17:28","date_gmt":"2025-06-17T14:17:28","guid":{"rendered":"https:\/\/mps.digital-monkey.in\/product\/kit-junta-de-culata-volvo-penta-md17-875572-876380\/"},"modified":"2025-10-29T11:11:28","modified_gmt":"2025-10-29T11:11:28","slug":"kit-junta-de-culata-volvo-penta-md17-875572-876380","status":"publish","type":"product","link":"https:\/\/mps.digital-monkey.in\/es\/product\/kit-junta-de-culata-volvo-penta-md17-875572-876380\/","title":{"rendered":"Kit junta de culata Volvo Penta MD17 &#8211; 875572, 876380"},"content":{"rendered":"<p data-start=\"126\" data-end=\"141\"><strong data-start=\"126\" data-end=\"139\">Incluye:<\/strong><\/p>\n<ul data-start=\"142\" data-end=\"393\" data-is-last-node=\"\">\n<li data-start=\"142\" data-end=\"187\">Junta de culata (833453, 833453)<\/li>\n<li data-start=\"188\" data-end=\"211\">Juntas de la tapa de v\u00e1lvulas<\/li>\n<li data-start=\"212\" data-end=\"232\">Juntas de v\u00e1stago de v\u00e1lvula<\/li>\n<li data-start=\"233\" data-end=\"255\">Juntas de los tubos de refrigeraci\u00f3n<\/li>\n<li data-start=\"256\" data-end=\"284\">Juntas del colector de escape<\/li>\n<li data-start=\"285\" data-end=\"309\">Junta del codo de escape<\/li>\n<li data-start=\"310\" data-end=\"346\">Varias juntas t\u00f3ricas y juntas de goma<\/li>\n<li data-start=\"347\" data-end=\"393\" data-is-last-node=\"\">Juego de juntas para inyectores y filtros de combustible<\/li>\n<\/ul>\n<p>Todo para cambiar las juntas de culata<\/p>\n","protected":false},"excerpt":{"rendered":"<p>Incluye: Junta de culata (833453, 833453) Juntas de la tapa de v\u00e1lvulas Juntas de v\u00e1stago de v\u00e1lvula Juntas de los tubos de refrigeraci\u00f3n Juntas del colector de escape Junta del codo de escape Varias juntas t\u00f3ricas y juntas de goma Juego de juntas para inyectores y filtros de combustible Todo para cambiar las juntas de [&hellip;]<\/p>\n","protected":false},"featured_media":37049,"comment_status":"open","ping_status":"closed","template":"","meta":[],"product_brand":[4229],"product_cat":[2497,4525,4302,4368,4304],"product_tag":[],"class_list":{"0":"post-37048","1":"product","2":"type-product","3":"status-publish","4":"has-post-thumbnail","6":"product_brand-volvo-penta","7":"product_cat-piezas-de-mantenimiento-del-motor","8":"product_cat-recambios-volvo-penta","9":"product_cat-volvo-penta","10":"product_cat-volvo-penta-md17","11":"product_cat-volvo-penta-serie-md","13":"first","14":"instock","15":"taxable","16":"shipping-taxable","17":"purchasable","18":"product-type-simple"},"supplier_id":null,"supplier_sku":"","barcode":null,"atum_controlled":true,"out_stock_date":null,"out_stock_threshold":null,"inheritable":false,"inbound_stock":null,"stock_on_hold":1,"sold_today":1,"sales_last_days":1,"reserved_stock":null,"customer_returns":null,"warehouse_damage":null,"lost_in_post":null,"other_logs":null,"out_stock_days":0,"lost_sales":0,"has_location":null,"update_date":"2026-02-08T16:00:28","atum_locations":[],"atum_stock_status":"instock","restock_status":true,"low_stock_amount":1,"sales_update_date":"2026-02-08T16:00:28","calc_backorders":0,"_links":{"self":[{"href":"https:\/\/mps.digital-monkey.in\/es\/wp-json\/wp\/v2\/product\/37048","targetHints":{"allow":["GET"]}}],"collection":[{"href":"https:\/\/mps.digital-monkey.in\/es\/wp-json\/wp\/v2\/product"}],"about":[{"href":"https:\/\/mps.digital-monkey.in\/es\/wp-json\/wp\/v2\/types\/product"}],"replies":[{"embeddable":true,"href":"https:\/\/mps.digital-monkey.in\/es\/wp-json\/wp\/v2\/comments?post=37048"}],"wp:featuredmedia":[{"embeddable":true,"href":"https:\/\/mps.digital-monkey.in\/es\/wp-json\/wp\/v2\/media\/37049"}],"wp:attachment":[{"href":"https:\/\/mps.digital-monkey.in\/es\/wp-json\/wp\/v2\/media?parent=37048"}],"wp:term":[{"taxonomy":"product_brand","embeddable":true,"href":"https:\/\/mps.digital-monkey.in\/es\/wp-json\/wp\/v2\/product_brand?post=37048"},{"taxonomy":"product_cat","embeddable":true,"href":"https:\/\/mps.digital-monkey.in\/es\/wp-json\/wp\/v2\/product_cat?post=37048"},{"taxonomy":"product_tag","embeddable":true,"href":"https:\/\/mps.digital-monkey.in\/es\/wp-json\/wp\/v2\/product_tag?post=37048"}],"curies":[{"name":"wp","href":"https:\/\/api.w.org\/{rel}","templated":true}]}}