{"id":37060,"date":"2025-06-17T14:17:29","date_gmt":"2025-06-17T14:17:29","guid":{"rendered":"https:\/\/mps.digital-monkey.in\/product\/kit-junta-culata-volvo-penta-2003t-875764-876055-876309-876310\/"},"modified":"2026-04-09T08:56:18","modified_gmt":"2026-04-09T08:56:18","slug":"kit-junta-culata-volvo-penta-2003t-875764-876055-876309-876310","status":"publish","type":"product","link":"https:\/\/mps.digital-monkey.in\/es\/producto\/kit-junta-culata-volvo-penta-2003t-875764-876055-876309-876310\/","title":{"rendered":"Kit junta culata Volvo Penta 2003(t) 875764, 876055, 876309, 876310"},"content":{"rendered":"<ul>\n<li>Junta de culata (859093)<\/li>\n<li>Junta tapa v\u00e1lvulas + gomas<\/li>\n<li>Junta de la bomba de agua<\/li>\n<li>Gomas para tubos de refrigeraci\u00f3n<\/li>\n<li>Juntas de v\u00e1stago de v\u00e1lvula<\/li>\n<li>Junta del colector de escape<\/li>\n<li>Junta del codo de escape<\/li>\n<li>Juntas t\u00f3ricas y juntas de goma<\/li>\n<\/ul>\n<p>Volvo Penta 2003, 2003t<\/p>\n","protected":false},"excerpt":{"rendered":"<p>Junta de culata (859093) Junta tapa v\u00e1lvulas + gomas Junta de la bomba de agua Gomas para tubos de refrigeraci\u00f3n Juntas de v\u00e1stago de v\u00e1lvula Junta del colector de escape Junta del codo de escape Juntas t\u00f3ricas y juntas de goma Volvo Penta 2003, 2003t<\/p>\n","protected":false},"featured_media":37061,"comment_status":"open","ping_status":"closed","template":"","meta":[],"product_brand":[4229],"product_cat":[3041,3040,2497,4525,4472,4475,4302,4462],"product_tag":[],"class_list":{"0":"post-37060","1":"product","2":"type-product","3":"status-publish","4":"has-post-thumbnail","6":"product_brand-volvo-penta","7":"product_cat-juntas-de-motor","8":"product_cat-kits-de-mantenimiento-y-reparacion","9":"product_cat-piezas-de-mantenimiento-del-motor","10":"product_cat-recambios-volvo-penta","11":"product_cat-recambios-volvo-penta-2003","12":"product_cat-recambios-volvo-penta-2003t","13":"product_cat-volvo-penta","14":"product_cat-volvo-penta-serie-2000","15":"pa_condition-nuevo","16":"pa_model-3113","17":"pa_model-2003t","18":"pa_oem-or-aftermarket-posventa","20":"first","21":"instock","22":"featured","23":"taxable","24":"shipping-taxable","25":"purchasable","26":"product-type-simple"},"supplier_id":null,"supplier_sku":"","barcode":null,"atum_controlled":true,"out_stock_date":null,"out_stock_threshold":null,"inheritable":false,"inbound_stock":null,"stock_on_hold":0,"sold_today":0,"sales_last_days":0,"reserved_stock":null,"customer_returns":null,"warehouse_damage":null,"lost_in_post":null,"other_logs":null,"out_stock_days":0,"lost_sales":0,"has_location":null,"update_date":"2026-04-09T08:56:19","atum_locations":[],"atum_stock_status":"instock","restock_status":false,"low_stock_amount":1,"sales_update_date":"2025-08-29T00:00:39","calc_backorders":null,"_links":{"self":[{"href":"https:\/\/mps.digital-monkey.in\/es\/wp-json\/wp\/v2\/product\/37060","targetHints":{"allow":["GET"]}}],"collection":[{"href":"https:\/\/mps.digital-monkey.in\/es\/wp-json\/wp\/v2\/product"}],"about":[{"href":"https:\/\/mps.digital-monkey.in\/es\/wp-json\/wp\/v2\/types\/product"}],"replies":[{"embeddable":true,"href":"https:\/\/mps.digital-monkey.in\/es\/wp-json\/wp\/v2\/comments?post=37060"}],"wp:featuredmedia":[{"embeddable":true,"href":"https:\/\/mps.digital-monkey.in\/es\/wp-json\/wp\/v2\/media\/37061"}],"wp:attachment":[{"href":"https:\/\/mps.digital-monkey.in\/es\/wp-json\/wp\/v2\/media?parent=37060"}],"wp:term":[{"taxonomy":"product_brand","embeddable":true,"href":"https:\/\/mps.digital-monkey.in\/es\/wp-json\/wp\/v2\/product_brand?post=37060"},{"taxonomy":"product_cat","embeddable":true,"href":"https:\/\/mps.digital-monkey.in\/es\/wp-json\/wp\/v2\/product_cat?post=37060"},{"taxonomy":"product_tag","embeddable":true,"href":"https:\/\/mps.digital-monkey.in\/es\/wp-json\/wp\/v2\/product_tag?post=37060"}],"curies":[{"name":"wp","href":"https:\/\/api.w.org\/{rel}","templated":true}]}}