{"id":37136,"date":"2025-06-17T14:18:22","date_gmt":"2025-06-17T14:18:22","guid":{"rendered":"https:\/\/mps.digital-monkey.in\/product\/motor-diesel-marino-vetus-m4-35-33-cv\/"},"modified":"2025-06-17T14:18:22","modified_gmt":"2025-06-17T14:18:22","slug":"motor-diesel-marino-vetus-m4-35-33-cv","status":"publish","type":"product","link":"https:\/\/mps.digital-monkey.in\/es\/producto\/motor-diesel-marino-vetus-m4-35-33-cv\/","title":{"rendered":"Motor diesel marino Vetus M4.35 - 33 CV"},"content":{"rendered":"<h3><strong>Motor diesel marino Vetus M-Line - Potencia, innovaci\u00f3n y fiabilidad<\/strong><\/h3>\n<p>La <strong>nueva serie Vetus M-Line<\/strong> combina <strong>caracter\u00edsticas de vanguardia, dise\u00f1o moderno y prestaciones mejoradas<\/strong> para satisfacer las demandas de los propietarios de embarcaciones actuales y futuros.<\/p>\n<h3><strong>Caracter\u00edsticas principales<\/strong><\/h3>\n<ul>\n<li><strong>Refrigeraci\u00f3n avanzada<\/strong> - La cubierta superior refrigerada por agua reduce la temperatura de la sala de m\u00e1quinas <strong>hasta 15 \u00b0C (20%)<\/strong>.<\/li>\n<li><strong>Funcionamiento ultrasilencioso<\/strong> - La cubierta de aluminio y el filtro de aire optimizado reducen el ruido en <strong>5 dB(A)<\/strong> para que disfrutes de una experiencia suave.<\/li>\n<li><strong>Mantenimiento simplificado<\/strong> - Puntos de servicio de f\u00e1cil acceso para filtros, fusibles, impulsor y mucho m\u00e1s.<\/li>\n<li><strong>Carga r\u00e1pida de la bater\u00eda<\/strong> - Equipado con un <strong>alternador de 110 A<\/strong> para un suministro de energ\u00eda r\u00e1pido y eficaz.<\/li>\n<li><strong>Seguridad y cumplimiento mejorados<\/strong> - Cumple <strong>las normas ISO 8178-1, BSO y SOLAS<\/strong>, con poleas y correas trapezoidales protegidas.<\/li>\n<li><strong>Respetuoso con el medio ambiente<\/strong> - Compatible con <strong>HVO (aceite vegetal tratado con hidr\u00f3geno)<\/strong>, lo que reduce las emisiones hasta <strong>un 90%<\/strong>.<\/li>\n<\/ul>\n<h3><strong>Especificaciones t\u00e9cnicas<\/strong><\/h3>\n<ul>\n<li><strong>Potencia:<\/strong> 33 CV (24,3 kW) | <strong>RPM:<\/strong> 3000 | <strong>Cilindros:<\/strong> 4<\/li>\n<li><strong>Refrigeraci\u00f3n:<\/strong> Indirecta | <strong>Peso:<\/strong> 199 kg | <strong>Alternador:<\/strong> 12V - 110A<\/li>\n<li><strong>Caja de cambios est\u00e1ndar:<\/strong> TMC60P (2\/2,5\/2,94:1) | <strong>Opcional:<\/strong> ZF12M, TMC60A<\/li>\n<li><strong>Garant\u00eda:<\/strong> <strong>5 a\u00f1os<\/strong> (3 a\u00f1os completa + 2 a\u00f1os en piezas esenciales)<\/li>\n<\/ul>\n<p><strong>\u00bfPor qu\u00e9 elegir Vetus?<\/strong><br \/>\nLos motores Vetus M-Line son conocidos por su <strong>eficacia, durabilidad y funcionamiento silencioso<\/strong>, lo que los convierte en la opci\u00f3n preferida de constructores y propietarios de embarcaciones de todo el mundo. Ponte en contacto con nosotros hoy mismo para obtener m\u00e1s informaci\u00f3n. <\/p>\n","protected":false},"excerpt":{"rendered":"<p>Motor diesel marino Vetus M-Line - Potencia, innovaci\u00f3n y fiabilidad La nueva serie Vetus M-Line combina caracter\u00edsticas de vanguardia, dise\u00f1o moderno y prestaciones mejoradas para satisfacer las demandas de los propietarios de embarcaciones actuales y futuros. Caracter\u00edsticas principales Refrigeraci\u00f3n avanzada - La cubierta superior refrigerada por agua reduce la temperatura de la sala de m\u00e1quinas [&hellip;]<\/p>\n","protected":false},"featured_media":32270,"comment_status":"open","ping_status":"closed","template":"","meta":[],"product_brand":[4241],"product_cat":[2493],"product_tag":[4037],"class_list":{"0":"post-37136","1":"product","2":"type-product","3":"status-publish","4":"has-post-thumbnail","6":"product_brand-vetus","7":"product_cat-motores","8":"product_tag-nuevo-2","9":"product_shipping_class-motor-es","10":"pa_condition-nuevo","11":"pa_model-m4-35","12":"pa_vetus-m4-35-vetus-m4-35-con-caja-de-cambios-hidraulica-tm345-a-154-2-2471","13":"pa_vetus-m4-35-vetus-m4-35-con-caja-de-cambios-hidraulica-zd25-zf25a-197-281-o-155-193-229-271","14":"pa_vetus-m4-35-vetus-m4-35-con-caja-de-cambios-tmc40-2-261","15":"pa_vetus-m4-35-vetus-m4-35-con-caja-de-cambios-tmc60-2-2451","16":"pa_vetus-m4-35-vetus-m4-35-con-caja-de-cambios-tmc60a-2-25-31","17":"pa_vetus-m4-35-vetus-m4-35-con-caja-de-cambios-zf12m-214-2631","19":"first","20":"onbackorder","21":"taxable","22":"shipping-taxable","23":"purchasable","24":"product-type-variable"},"supplier_id":null,"supplier_sku":"","barcode":null,"atum_controlled":true,"out_stock_date":"2025-08-27 14:38:06","out_stock_threshold":null,"inheritable":true,"inbound_stock":0,"stock_on_hold":0,"sold_today":0,"sales_last_days":0,"reserved_stock":0,"customer_returns":0,"warehouse_damage":0,"lost_in_post":0,"other_logs":0,"out_stock_days":1,"lost_sales":0,"has_location":false,"update_date":"2025-08-29T00:00:44","atum_locations":[],"atum_stock_status":"onbackorder","restock_status":false,"low_stock_amount":1,"sales_update_date":"2025-08-29T00:00:44","calc_backorders":0,"_links":{"self":[{"href":"https:\/\/mps.digital-monkey.in\/es\/wp-json\/wp\/v2\/product\/37136","targetHints":{"allow":["GET"]}}],"collection":[{"href":"https:\/\/mps.digital-monkey.in\/es\/wp-json\/wp\/v2\/product"}],"about":[{"href":"https:\/\/mps.digital-monkey.in\/es\/wp-json\/wp\/v2\/types\/product"}],"replies":[{"embeddable":true,"href":"https:\/\/mps.digital-monkey.in\/es\/wp-json\/wp\/v2\/comments?post=37136"}],"wp:featuredmedia":[{"embeddable":true,"href":"https:\/\/mps.digital-monkey.in\/es\/wp-json\/wp\/v2\/media\/32270"}],"wp:attachment":[{"href":"https:\/\/mps.digital-monkey.in\/es\/wp-json\/wp\/v2\/media?parent=37136"}],"wp:term":[{"taxonomy":"product_brand","embeddable":true,"href":"https:\/\/mps.digital-monkey.in\/es\/wp-json\/wp\/v2\/product_brand?post=37136"},{"taxonomy":"product_cat","embeddable":true,"href":"https:\/\/mps.digital-monkey.in\/es\/wp-json\/wp\/v2\/product_cat?post=37136"},{"taxonomy":"product_tag","embeddable":true,"href":"https:\/\/mps.digital-monkey.in\/es\/wp-json\/wp\/v2\/product_tag?post=37136"}],"curies":[{"name":"wp","href":"https:\/\/api.w.org\/{rel}","templated":true}]}}