{"id":37183,"date":"2025-06-17T14:19:12","date_gmt":"2025-06-17T14:19:12","guid":{"rendered":"https:\/\/mps.digital-monkey.in\/product\/filtro-de-combustible-diesel-separador-de-agua-cav-delphi-296\/"},"modified":"2025-06-17T14:19:12","modified_gmt":"2025-06-17T14:19:12","slug":"filtro-de-combustible-diesel-separador-de-agua-cav-delphi-296","status":"publish","type":"product","link":"https:\/\/mps.digital-monkey.in\/es\/product\/filtro-de-combustible-diesel-separador-de-agua-cav-delphi-296\/","title":{"rendered":"Filtro de combustible di\u00e9sel separador de agua CAV Delphi 296"},"content":{"rendered":"<p>Filtro de combustible con soporte, separador de agua, equivalente al CAV DELPHI 296, para utilizar con motores di\u00e9sel.<\/p>\n<p>Este filtro tiene una capacidad de caudal de hasta 50 litros por hora. Se recomienda utilizar el filtro en motores de hasta 100 CV, tambi\u00e9n puede utilizarse, por ejemplo, con tractores. <\/p>\n<p>El agua se puede vaciar a trav\u00e9s de la v\u00e1lvula situada en el fondo de la cubeta de pl\u00e1stico. Conexiones roscadas UNF, los conectores CAV no est\u00e1n incluidos. <\/p>\n<p>Medidas: 18,5 x 10 x 10 cm<\/p>\n<p>Prefiltro para motores diesel<\/p>\n","protected":false},"excerpt":{"rendered":"<p>Filtro de combustible con soporte, separador de agua, equivalente al CAV DELPHI 296, para utilizar con motores di\u00e9sel. Este filtro tiene una capacidad de caudal de hasta 50 litros por hora. Se recomienda utilizar el filtro en motores de hasta 100 CV, tambi\u00e9n puede utilizarse, por ejemplo, con tractores. El agua se puede vaciar a [&hellip;]<\/p>\n","protected":false},"featured_media":0,"comment_status":"open","ping_status":"closed","template":"","meta":[],"product_brand":[],"product_cat":[2497],"product_tag":[],"class_list":{"0":"post-37183","1":"product","2":"type-product","3":"status-publish","5":"product_cat-piezas-de-mantenimiento-del-motor","7":"first","8":"onbackorder","9":"taxable","10":"shipping-taxable","11":"purchasable","12":"product-type-simple"},"supplier_id":null,"supplier_sku":"","barcode":null,"atum_controlled":true,"out_stock_date":"2025-08-23 12:29:42","out_stock_threshold":null,"inheritable":false,"inbound_stock":null,"stock_on_hold":0,"sold_today":0,"sales_last_days":0,"reserved_stock":null,"customer_returns":null,"warehouse_damage":null,"lost_in_post":null,"other_logs":null,"out_stock_days":5,"lost_sales":0,"has_location":null,"update_date":"2025-08-29T00:00:42","atum_locations":[],"atum_stock_status":"onbackorder","restock_status":false,"low_stock_amount":1,"sales_update_date":"2025-08-29T00:00:42","calc_backorders":0,"_links":{"self":[{"href":"https:\/\/mps.digital-monkey.in\/es\/wp-json\/wp\/v2\/product\/37183","targetHints":{"allow":["GET"]}}],"collection":[{"href":"https:\/\/mps.digital-monkey.in\/es\/wp-json\/wp\/v2\/product"}],"about":[{"href":"https:\/\/mps.digital-monkey.in\/es\/wp-json\/wp\/v2\/types\/product"}],"replies":[{"embeddable":true,"href":"https:\/\/mps.digital-monkey.in\/es\/wp-json\/wp\/v2\/comments?post=37183"}],"wp:attachment":[{"href":"https:\/\/mps.digital-monkey.in\/es\/wp-json\/wp\/v2\/media?parent=37183"}],"wp:term":[{"taxonomy":"product_brand","embeddable":true,"href":"https:\/\/mps.digital-monkey.in\/es\/wp-json\/wp\/v2\/product_brand?post=37183"},{"taxonomy":"product_cat","embeddable":true,"href":"https:\/\/mps.digital-monkey.in\/es\/wp-json\/wp\/v2\/product_cat?post=37183"},{"taxonomy":"product_tag","embeddable":true,"href":"https:\/\/mps.digital-monkey.in\/es\/wp-json\/wp\/v2\/product_tag?post=37183"}],"curies":[{"name":"wp","href":"https:\/\/api.w.org\/{rel}","templated":true}]}}