{"id":37189,"date":"2025-06-17T14:19:13","date_gmt":"2025-06-17T14:19:13","guid":{"rendered":"https:\/\/mps.digital-monkey.in\/product\/volvo-penta-anodo-110s-accionamientos-zinc-875812\/"},"modified":"2025-11-29T11:03:01","modified_gmt":"2025-11-29T11:03:01","slug":"volvo-penta-anodo-110s-accionamientos-zinc-875812","status":"publish","type":"product","link":"https:\/\/mps.digital-monkey.in\/es\/product\/volvo-penta-anodo-110s-accionamientos-zinc-875812\/","title":{"rendered":"\u00c1nodo de zinc Volvo Penta 110S Saildrive | 875812"},"content":{"rendered":"<p data-start=\"484\" data-end=\"806\">El <strong>\u00e1nodo de zinc Volvo<\/strong> Penta 110S Saildrive <strong>| 875812<\/strong> (n\u00famero de pieza <strong data-start=\"543\" data-end=\"553\">875812<\/strong>) est\u00e1 dise\u00f1ado para proporcionar una protecci\u00f3n eficaz contra la corrosi\u00f3n al motor saildrive Volvo Penta 110S cuando funciona en agua salada. Este \u00e1nodo de zinc de alta calidad ayuda a evitar la corrosi\u00f3n galv\u00e1nica en los componentes subacu\u00e1ticos, prolongando la vida \u00fatil de tu saildrive. <\/p>\n<p data-start=\"808\" data-end=\"859\"><strong data-start=\"808\" data-end=\"828\">Compatible con:<\/strong><br data-start=\"828\" data-end=\"831\">&#8211; Volvo Penta 110S Saildrive<\/p>\n<p data-start=\"861\" data-end=\"914\"><strong data-start=\"861\" data-end=\"874\">Material:<\/strong><br data-start=\"874\" data-end=\"877\">&#8211; Zinc &#8211; apto para uso en agua salada<\/p>\n<p data-start=\"916\" data-end=\"943\"><strong data-start=\"916\" data-end=\"932\">N\u00famero de pieza:<\/strong><br data-start=\"932\" data-end=\"935\">&#8211; 875812<\/p>\n<p data-start=\"945\" data-end=\"1156\"><strong data-start=\"945\" data-end=\"958\">Caracter\u00edsticas:<\/strong><br data-start=\"958\" data-end=\"961\">&#8211; Ajuste correcto para Volvo Penta 110S<br data-start=\"995\" data-end=\"998\">&#8211; Construcci\u00f3n duradera de zinc para protecci\u00f3n en agua salada<br data-start=\"1050\" data-end=\"1053\">&#8211; Ayuda a prevenir la corrosi\u00f3n galv\u00e1nica en tu saildrive<br data-start=\"1105\" data-end=\"1108\">&#8211; F\u00e1cil instalaci\u00f3n con tama\u00f1o equivalente al OEM<\/p>\n<p data-start=\"1158\" data-end=\"1371\">Mantener el \u00e1nodo correcto en tu saildrive es esencial para la protecci\u00f3n y el rendimiento a largo plazo. El \u00e1nodo de cinc 875812 proporciona una resistencia fiable a la corrosi\u00f3n adaptada espec\u00edficamente al Volvo Penta 110S. <\/p>\n","protected":false},"excerpt":{"rendered":"<p>El \u00e1nodo de zinc Volvo Penta 110S Saildrive | 875812 (n\u00famero de pieza 875812) est\u00e1 dise\u00f1ado para proporcionar una protecci\u00f3n eficaz contra la corrosi\u00f3n al motor saildrive Volvo Penta 110S cuando funciona en agua salada. Este \u00e1nodo de zinc de alta calidad ayuda a evitar la corrosi\u00f3n galv\u00e1nica en los componentes subacu\u00e1ticos, prolongando la vida [&hellip;]<\/p>\n","protected":false},"featured_media":37190,"comment_status":"open","ping_status":"closed","template":"","meta":[],"product_brand":[4229],"product_cat":[4486,3182,4522,2497,4525,4302],"product_tag":[],"class_list":{"0":"post-37189","1":"product","2":"type-product","3":"status-publish","4":"has-post-thumbnail","6":"product_brand-volvo-penta","7":"product_cat-necesitas-piezas-volvo-penta","8":"product_cat-anodos","9":"product_cat-anodos-volvo-penta","10":"product_cat-piezas-de-mantenimiento-del-motor","11":"product_cat-recambios-volvo-penta","12":"product_cat-volvo-penta","13":"pa_condition-nuevo","14":"pa_model-110s","15":"pa_oem-or-aftermarket-posventa","17":"first","18":"instock","19":"taxable","20":"shipping-taxable","21":"purchasable","22":"product-type-simple"},"supplier_id":null,"supplier_sku":"00705","barcode":null,"atum_controlled":true,"out_stock_date":null,"out_stock_threshold":null,"inheritable":false,"inbound_stock":0,"stock_on_hold":0,"sold_today":0,"sales_last_days":0,"reserved_stock":0,"customer_returns":0,"warehouse_damage":0,"lost_in_post":0,"other_logs":0,"out_stock_days":0,"lost_sales":0,"has_location":false,"update_date":"2026-01-29T09:11:17","atum_locations":[],"atum_stock_status":"instock","restock_status":false,"low_stock_amount":1,"sales_update_date":"2026-01-29T09:11:17","calc_backorders":null,"_links":{"self":[{"href":"https:\/\/mps.digital-monkey.in\/es\/wp-json\/wp\/v2\/product\/37189","targetHints":{"allow":["GET"]}}],"collection":[{"href":"https:\/\/mps.digital-monkey.in\/es\/wp-json\/wp\/v2\/product"}],"about":[{"href":"https:\/\/mps.digital-monkey.in\/es\/wp-json\/wp\/v2\/types\/product"}],"replies":[{"embeddable":true,"href":"https:\/\/mps.digital-monkey.in\/es\/wp-json\/wp\/v2\/comments?post=37189"}],"wp:featuredmedia":[{"embeddable":true,"href":"https:\/\/mps.digital-monkey.in\/es\/wp-json\/wp\/v2\/media\/37190"}],"wp:attachment":[{"href":"https:\/\/mps.digital-monkey.in\/es\/wp-json\/wp\/v2\/media?parent=37189"}],"wp:term":[{"taxonomy":"product_brand","embeddable":true,"href":"https:\/\/mps.digital-monkey.in\/es\/wp-json\/wp\/v2\/product_brand?post=37189"},{"taxonomy":"product_cat","embeddable":true,"href":"https:\/\/mps.digital-monkey.in\/es\/wp-json\/wp\/v2\/product_cat?post=37189"},{"taxonomy":"product_tag","embeddable":true,"href":"https:\/\/mps.digital-monkey.in\/es\/wp-json\/wp\/v2\/product_tag?post=37189"}],"curies":[{"name":"wp","href":"https:\/\/api.w.org\/{rel}","templated":true}]}}