{"id":37201,"date":"2025-06-17T14:19:13","date_gmt":"2025-06-17T14:19:13","guid":{"rendered":"https:\/\/mps.digital-monkey.in\/product\/anodo-volvo-zinc-aluminio-120s-sb-transmisiones-876286\/"},"modified":"2025-12-02T11:08:07","modified_gmt":"2025-12-02T11:08:07","slug":"anodo-volvo-zinc-aluminio-120s-sb-transmisiones-876286","status":"publish","type":"product","link":"https:\/\/mps.digital-monkey.in\/es\/producto\/anodo-volvo-zinc-aluminio-120s-sb-transmisiones-876286\/","title":{"rendered":"Volvo Penta 120S Saildrive \u00c1nodo de anillo de zinc | 851983 - 876286"},"content":{"rendered":"<p data-start=\"506\" data-end=\"774\">Este <strong data-start=\"511\" data-end=\"557\">\u00c1nodo de Anillo de Zinc Volvo Penta 120S Saildrive<\/strong> est\u00e1 dise\u00f1ado para proporcionar una protecci\u00f3n eficaz contra la corrosi\u00f3n a las unidades saildrive 120S que funcionan en <strong data-start=\"650\" data-end=\"663\">agua salada<\/strong>. Fabricado para ajustarse a las dimensiones de la pieza original, garantiza un ajuste preciso y un rendimiento fiable.<\/p>\n<p data-start=\"776\" data-end=\"798\"><strong data-start=\"776\" data-end=\"796\">Compatible con:<\/strong><\/p>\n<ul data-start=\"799\" data-end=\"827\">\n<li data-start=\"799\" data-end=\"827\">\n<p data-start=\"801\" data-end=\"827\">Volvo Penta 120S Saildrive<\/p>\n<\/li>\n<\/ul>\n<p data-start=\"829\" data-end=\"861\"><strong data-start=\"829\" data-end=\"859\">Sustituye a las referencias OEM:<\/strong><\/p>\n<ul data-start=\"862\" data-end=\"883\">\n<li data-start=\"862\" data-end=\"872\">\n<p data-start=\"864\" data-end=\"872\">851983<\/p>\n<\/li>\n<li data-start=\"873\" data-end=\"883\">\n<p data-start=\"875\" data-end=\"883\">876286<\/p>\n<\/li>\n<\/ul>\n<p data-start=\"885\" data-end=\"900\"><strong data-start=\"885\" data-end=\"898\">Material:<\/strong><\/p>\n<ul data-start=\"901\" data-end=\"939\">\n<li data-start=\"901\" data-end=\"939\">\n<p data-start=\"903\" data-end=\"939\">Zinc (recomendado para uso en agua salada)<\/p>\n<\/li>\n<\/ul>\n<p data-start=\"941\" data-end=\"956\"><strong data-start=\"941\" data-end=\"954\">Caracter\u00edsticas:<\/strong><\/p>\n<ul data-start=\"957\" data-end=\"1157\">\n<li data-start=\"957\" data-end=\"1024\">\n<p data-start=\"959\" data-end=\"1024\">Sustituci\u00f3n directa del \u00e1nodo original del saildrive Volvo Penta<\/p>\n<\/li>\n<li data-start=\"1025\" data-end=\"1077\">\n<p data-start=\"1027\" data-end=\"1077\">Protege tu variador 120S de la corrosi\u00f3n galv\u00e1nica<\/p>\n<\/li>\n<li data-start=\"1078\" data-end=\"1114\">\n<p data-start=\"1080\" data-end=\"1114\">Aleaci\u00f3n de zinc duradera<\/p>\n<\/li>\n<li data-start=\"1115\" data-end=\"1157\">\n<p data-start=\"1117\" data-end=\"1157\">F\u00e1cil instalaci\u00f3n con ajuste correcto<\/p>\n<\/li>\n<\/ul>\n<p data-start=\"1159\" data-end=\"1279\">Mantener tu saildrive con el \u00e1nodo correcto es esencial para evitar da\u00f1os y garantizar la fiabilidad a largo plazo.<\/p>\n","protected":false},"excerpt":{"rendered":"<p>Este \u00c1nodo de Anillo de Zinc Volvo Penta 120S Saildrive est\u00e1 dise\u00f1ado para proporcionar una protecci\u00f3n eficaz contra la corrosi\u00f3n a las unidades saildrive 120S que funcionan en agua salada. Fabricado para ajustarse a las dimensiones de la pieza original, garantiza un ajuste preciso y un rendimiento fiable. Compatible con: Volvo Penta 120S Saildrive Sustituye [&hellip;]<\/p>\n","protected":false},"featured_media":37202,"comment_status":"open","ping_status":"closed","template":"","meta":[],"product_brand":[4229],"product_cat":[3182,4522,2497,4525,4598,4573,4302],"product_tag":[],"class_list":{"0":"post-37201","1":"product","2":"type-product","3":"status-publish","4":"has-post-thumbnail","6":"product_brand-volvo-penta","7":"product_cat-anodos","8":"product_cat-anodos-volvo-penta","9":"product_cat-piezas-de-mantenimiento-del-motor","10":"product_cat-recambios-volvo-penta","11":"product_cat-recambios-volvo-penta-120s-saildrive-service","12":"product_cat-recambios-volvo-penta-saildrive-service","13":"product_cat-volvo-penta","14":"pa_condition-nuevo","15":"pa_model-120s","16":"pa_oem-or-aftermarket-posventa","18":"first","19":"instock","20":"taxable","21":"shipping-taxable","22":"purchasable","23":"product-type-simple"},"supplier_id":null,"supplier_sku":"00706","barcode":null,"atum_controlled":true,"out_stock_date":null,"out_stock_threshold":null,"inheritable":false,"inbound_stock":0,"stock_on_hold":0,"sold_today":0,"sales_last_days":0,"reserved_stock":0,"customer_returns":0,"warehouse_damage":0,"lost_in_post":0,"other_logs":0,"out_stock_days":0,"lost_sales":0,"has_location":false,"update_date":"2026-01-29T09:10:44","atum_locations":[],"atum_stock_status":"instock","restock_status":false,"low_stock_amount":0,"sales_update_date":"2026-01-29T09:10:44","calc_backorders":null,"_links":{"self":[{"href":"https:\/\/mps.digital-monkey.in\/es\/wp-json\/wp\/v2\/product\/37201","targetHints":{"allow":["GET"]}}],"collection":[{"href":"https:\/\/mps.digital-monkey.in\/es\/wp-json\/wp\/v2\/product"}],"about":[{"href":"https:\/\/mps.digital-monkey.in\/es\/wp-json\/wp\/v2\/types\/product"}],"replies":[{"embeddable":true,"href":"https:\/\/mps.digital-monkey.in\/es\/wp-json\/wp\/v2\/comments?post=37201"}],"wp:featuredmedia":[{"embeddable":true,"href":"https:\/\/mps.digital-monkey.in\/es\/wp-json\/wp\/v2\/media\/37202"}],"wp:attachment":[{"href":"https:\/\/mps.digital-monkey.in\/es\/wp-json\/wp\/v2\/media?parent=37201"}],"wp:term":[{"taxonomy":"product_brand","embeddable":true,"href":"https:\/\/mps.digital-monkey.in\/es\/wp-json\/wp\/v2\/product_brand?post=37201"},{"taxonomy":"product_cat","embeddable":true,"href":"https:\/\/mps.digital-monkey.in\/es\/wp-json\/wp\/v2\/product_cat?post=37201"},{"taxonomy":"product_tag","embeddable":true,"href":"https:\/\/mps.digital-monkey.in\/es\/wp-json\/wp\/v2\/product_tag?post=37201"}],"curies":[{"name":"wp","href":"https:\/\/api.w.org\/{rel}","templated":true}]}}