{"id":37222,"date":"2025-06-17T14:19:14","date_gmt":"2025-06-17T14:19:14","guid":{"rendered":"https:\/\/mps.digital-monkey.in\/product\/anodo-zinc-volvo-penta-130-150-22651246-3883728-3888305\/"},"modified":"2025-12-02T11:08:02","modified_gmt":"2025-12-02T11:08:02","slug":"anodo-zinc-volvo-penta-130-150-22651246-3883728-3888305","status":"publish","type":"product","link":"https:\/\/mps.digital-monkey.in\/es\/producto\/anodo-zinc-volvo-penta-130-150-22651246-3883728-3888305\/","title":{"rendered":"\u00c1nodo Zinc Volvo Penta 130\/150 (22651246, 3883728, 3888305)"},"content":{"rendered":"<ul>\n<li data-start=\"27\" data-end=\"72\"><strong data-start=\"29\" data-end=\"49\">N\u00famero original:<\/strong> Sustituye a Volvo Penta 23615636<\/li>\n<li data-start=\"73\" data-end=\"95\"><strong data-start=\"75\" data-end=\"88\">Material:<\/strong> Zinc<\/li>\n<li data-start=\"96\" data-end=\"190\"><strong data-start=\"98\" data-end=\"114\">Aplicaci\u00f3n:<\/strong> Dise\u00f1ado para su uso en agua salada; es posible su uso ocasional en agua salobre.<\/li>\n<li data-start=\"191\" data-end=\"256\"><strong data-start=\"193\" data-end=\"230\">Compatibilidad (modelos Saildrive):<\/strong> 120S, 130S, 150S, MS25S<\/li>\n<li data-start=\"257\" data-end=\"326\"><strong data-start=\"259\" data-end=\"287\">N\u00fameros de pieza equivalentes:<\/strong> 22651246, 23615636, 3586963, 3888305<\/li>\n<\/ul>\n","protected":false},"excerpt":{"rendered":"<p>N\u00famero original: Sustituye a Volvo Penta 23615636 Material: Zinc Aplicaci\u00f3n: Dise\u00f1ado para su uso en agua salada; es posible su uso ocasional en agua salobre. Compatibilidad (modelos Saildrive): 120S, 130S, 150S, MS25S N\u00fameros de pieza equivalentes: 22651246, 23615636, 3586963, 3888305<\/p>\n","protected":false},"featured_media":37223,"comment_status":"open","ping_status":"closed","template":"","meta":[],"product_brand":[4229],"product_cat":[3182,4522,2497,4525,4598,4573,4302],"product_tag":[],"class_list":{"0":"post-37222","1":"product","2":"type-product","3":"status-publish","4":"has-post-thumbnail","6":"product_brand-volvo-penta","7":"product_cat-anodos","8":"product_cat-anodos-volvo-penta","9":"product_cat-piezas-de-mantenimiento-del-motor","10":"product_cat-recambios-volvo-penta","11":"product_cat-recambios-volvo-penta-120s-saildrive-service","12":"product_cat-recambios-volvo-penta-saildrive-service","13":"product_cat-volvo-penta","14":"pa_condition-nuevo","15":"pa_model-120s","16":"pa_model-130s","17":"pa_model-150s","18":"pa_model-ms25","19":"pa_oem-or-aftermarket-posventa","21":"first","22":"instock","23":"taxable","24":"shipping-taxable","25":"purchasable","26":"product-type-simple"},"supplier_id":null,"supplier_sku":"","barcode":null,"atum_controlled":true,"out_stock_date":null,"out_stock_threshold":null,"inheritable":false,"inbound_stock":0,"stock_on_hold":0,"sold_today":0,"sales_last_days":0,"reserved_stock":0,"customer_returns":0,"warehouse_damage":0,"lost_in_post":0,"other_logs":0,"out_stock_days":0,"lost_sales":0,"has_location":false,"update_date":"2026-03-20T13:24:52","atum_locations":[],"atum_stock_status":"instock","restock_status":false,"low_stock_amount":1,"sales_update_date":"2026-03-20T13:24:52","calc_backorders":0,"_links":{"self":[{"href":"https:\/\/mps.digital-monkey.in\/es\/wp-json\/wp\/v2\/product\/37222","targetHints":{"allow":["GET"]}}],"collection":[{"href":"https:\/\/mps.digital-monkey.in\/es\/wp-json\/wp\/v2\/product"}],"about":[{"href":"https:\/\/mps.digital-monkey.in\/es\/wp-json\/wp\/v2\/types\/product"}],"replies":[{"embeddable":true,"href":"https:\/\/mps.digital-monkey.in\/es\/wp-json\/wp\/v2\/comments?post=37222"}],"wp:featuredmedia":[{"embeddable":true,"href":"https:\/\/mps.digital-monkey.in\/es\/wp-json\/wp\/v2\/media\/37223"}],"wp:attachment":[{"href":"https:\/\/mps.digital-monkey.in\/es\/wp-json\/wp\/v2\/media?parent=37222"}],"wp:term":[{"taxonomy":"product_brand","embeddable":true,"href":"https:\/\/mps.digital-monkey.in\/es\/wp-json\/wp\/v2\/product_brand?post=37222"},{"taxonomy":"product_cat","embeddable":true,"href":"https:\/\/mps.digital-monkey.in\/es\/wp-json\/wp\/v2\/product_cat?post=37222"},{"taxonomy":"product_tag","embeddable":true,"href":"https:\/\/mps.digital-monkey.in\/es\/wp-json\/wp\/v2\/product_tag?post=37222"}],"curies":[{"name":"wp","href":"https:\/\/api.w.org\/{rel}","templated":true}]}}