{"id":37232,"date":"2025-06-17T14:19:14","date_gmt":"2025-06-17T14:19:14","guid":{"rendered":"https:\/\/mps.digital-monkey.in\/product\/anodo-de-zinc-volvo-penta-838929\/"},"modified":"2025-12-16T12:54:30","modified_gmt":"2025-12-16T12:54:30","slug":"anodo-de-zinc-volvo-penta-838929","status":"publish","type":"product","link":"https:\/\/mps.digital-monkey.in\/es\/product\/anodo-de-zinc-volvo-penta-838929\/","title":{"rendered":"\u00c1nodo de zinc Volvo Penta 838929"},"content":{"rendered":"<p data-start=\"494\" data-end=\"808\">El <strong>\u00e1nodo<\/strong> de <strong>zinc Volvo Penta 838929<\/strong> est\u00e1 dise\u00f1ado para proporcionar una protecci\u00f3n fiable contra <strong data-start=\"585\" data-end=\"633\">la corrosi\u00f3n galv\u00e1nica en entornos de agua salada<\/strong>. Fabricado con zinc marino de alta calidad, este \u00e1nodo de sacrificio protege los componentes met\u00e1licos del motor y del sistema de refrigeraci\u00f3n corroy\u00e9ndose antes de que las piezas cr\u00edticas se vean afectadas. <\/p>\n<p data-start=\"810\" data-end=\"1072\">Este \u00e1nodo de zinc se fabrica con unas dimensiones precisas para garantizar un ajuste correcto y un contacto el\u00e9ctrico fiable. Sirve como recambio directo de la <strong data-start=\"957\" data-end=\"991\">pieza Volvo<\/strong> Penta <strong data-start=\"957\" data-end=\"991\">n\u00famero 838929<\/strong> y es adecuado para una amplia gama de motores Volvo Penta y aplicaciones marinas. <\/p>\n<p data-start=\"1074\" data-end=\"1174\"><strong data-start=\"1077\" data-end=\"1093\">Nota:<\/strong> Este \u00e1nodo se suministra <strong data-start=\"1117\" data-end=\"1143\">sin tuerca de montaje<\/strong>. P\u00eddela por separado si la necesitas. <\/p>\n<h3 data-start=\"1176\" data-end=\"1192\"><strong data-start=\"1180\" data-end=\"1192\">Material<\/strong><\/h3>\n<ul data-start=\"1193\" data-end=\"1231\">\n<li data-start=\"1193\" data-end=\"1231\">\n<p data-start=\"1195\" data-end=\"1231\">Zinc (recomendado para uso en agua salada)<\/p>\n<\/li>\n<\/ul>\n<h3 data-start=\"1233\" data-end=\"1252\"><strong data-start=\"1237\" data-end=\"1252\">N\u00famero de pieza<\/strong><\/h3>\n<ul data-start=\"1253\" data-end=\"1286\">\n<li data-start=\"1253\" data-end=\"1286\">\n<p data-start=\"1255\" data-end=\"1286\">Sustituye a Volvo Penta <strong data-start=\"1276\" data-end=\"1286\">838929<\/strong><\/p>\n<\/li>\n<\/ul>\n<h3 data-start=\"1288\" data-end=\"1306\"><strong data-start=\"1292\" data-end=\"1306\">Dimensiones<\/strong><\/h3>\n<ul data-start=\"1307\" data-end=\"1410\">\n<li data-start=\"1307\" data-end=\"1332\">\n<p data-start=\"1309\" data-end=\"1332\">Di\u00e1metro (\u00d8) 15,0 mm<\/p>\n<\/li>\n<li data-start=\"1333\" data-end=\"1356\">\n<p data-start=\"1335\" data-end=\"1356\">Longitud (L): 30,0 mm<\/p>\n<\/li>\n<li data-start=\"1357\" data-end=\"1382\">\n<p data-start=\"1359\" data-end=\"1382\">Rosca (B): 7\/16\u2033 UNC<\/p>\n<\/li>\n<li data-start=\"1383\" data-end=\"1410\">\n<p data-start=\"1385\" data-end=\"1410\">Rosca de montaje (M): M8<\/p>\n<\/li>\n<\/ul>\n<h3 data-start=\"1412\" data-end=\"1432\"><strong data-start=\"1416\" data-end=\"1432\">Caracter\u00edsticas principales<\/strong><\/h3>\n<ul data-start=\"1433\" data-end=\"1702\">\n<li data-start=\"1433\" data-end=\"1484\">\n<p data-start=\"1435\" data-end=\"1484\">\u00c1nodo de sacrificio de zinc para protecci\u00f3n contra la corrosi\u00f3n<\/p>\n<\/li>\n<li data-start=\"1485\" data-end=\"1524\">\n<p data-start=\"1487\" data-end=\"1524\">Adecuado para entornos de agua salada<\/p>\n<\/li>\n<li data-start=\"1525\" data-end=\"1579\">\n<p data-start=\"1527\" data-end=\"1579\">Fabricados con precisi\u00f3n para un ajuste y contacto correctos<\/p>\n<\/li>\n<li data-start=\"1580\" data-end=\"1625\">\n<p data-start=\"1582\" data-end=\"1625\">Recambio directo para Volvo Penta 838929<\/p>\n<\/li>\n<li data-start=\"1626\" data-end=\"1668\">\n<p data-start=\"1628\" data-end=\"1668\">Construcci\u00f3n duradera de zinc de calidad marina<\/p>\n<\/li>\n<li data-start=\"1669\" data-end=\"1702\">\n<p data-start=\"1671\" data-end=\"1702\">Se suministra sin tuerca de montaje<\/p>\n<\/li>\n<\/ul>\n<h3 data-start=\"1704\" data-end=\"1727\"><strong data-start=\"1708\" data-end=\"1727\">Compatible con<\/strong><\/h3>\n<p data-start=\"1728\" data-end=\"1808\">Adecuado para una amplia gama de motores y sistemas Volvo Penta que utilizan el \u00e1nodo 838929.<\/p>\n","protected":false},"excerpt":{"rendered":"<p>El \u00e1nodo de zinc Volvo Penta 838929 est\u00e1 dise\u00f1ado para proporcionar una protecci\u00f3n fiable contra la corrosi\u00f3n galv\u00e1nica en entornos de agua salada. Fabricado con zinc marino de alta calidad, este \u00e1nodo de sacrificio protege los componentes met\u00e1licos del motor y del sistema de refrigeraci\u00f3n corroy\u00e9ndose antes de que las piezas cr\u00edticas se vean afectadas. [&hellip;]<\/p>\n","protected":false},"featured_media":45462,"comment_status":"open","ping_status":"closed","template":"","meta":[],"product_brand":[4229],"product_cat":[3182,4522,2497,4302],"product_tag":[],"class_list":{"0":"post-37232","1":"product","2":"type-product","3":"status-publish","4":"has-post-thumbnail","6":"product_brand-volvo-penta","7":"product_cat-anodos","8":"product_cat-anodos-volvo-penta","9":"product_cat-piezas-de-mantenimiento-del-motor","10":"product_cat-volvo-penta","11":"pa_condition-nuevo","12":"pa_oem-or-aftermarket-posventa","14":"first","15":"instock","16":"sale","17":"taxable","18":"shipping-taxable","19":"purchasable","20":"product-type-simple"},"supplier_id":null,"supplier_sku":"","barcode":null,"atum_controlled":true,"out_stock_date":null,"out_stock_threshold":null,"inheritable":false,"inbound_stock":0,"stock_on_hold":1,"sold_today":0,"sales_last_days":0,"reserved_stock":0,"customer_returns":0,"warehouse_damage":0,"lost_in_post":0,"other_logs":0,"out_stock_days":0,"lost_sales":0,"has_location":false,"update_date":"2026-03-05T15:34:52","atum_locations":[],"atum_stock_status":"instock","restock_status":false,"low_stock_amount":1,"sales_update_date":"2026-03-05T15:34:52","calc_backorders":0,"_links":{"self":[{"href":"https:\/\/mps.digital-monkey.in\/es\/wp-json\/wp\/v2\/product\/37232","targetHints":{"allow":["GET"]}}],"collection":[{"href":"https:\/\/mps.digital-monkey.in\/es\/wp-json\/wp\/v2\/product"}],"about":[{"href":"https:\/\/mps.digital-monkey.in\/es\/wp-json\/wp\/v2\/types\/product"}],"replies":[{"embeddable":true,"href":"https:\/\/mps.digital-monkey.in\/es\/wp-json\/wp\/v2\/comments?post=37232"}],"wp:featuredmedia":[{"embeddable":true,"href":"https:\/\/mps.digital-monkey.in\/es\/wp-json\/wp\/v2\/media\/45462"}],"wp:attachment":[{"href":"https:\/\/mps.digital-monkey.in\/es\/wp-json\/wp\/v2\/media?parent=37232"}],"wp:term":[{"taxonomy":"product_brand","embeddable":true,"href":"https:\/\/mps.digital-monkey.in\/es\/wp-json\/wp\/v2\/product_brand?post=37232"},{"taxonomy":"product_cat","embeddable":true,"href":"https:\/\/mps.digital-monkey.in\/es\/wp-json\/wp\/v2\/product_cat?post=37232"},{"taxonomy":"product_tag","embeddable":true,"href":"https:\/\/mps.digital-monkey.in\/es\/wp-json\/wp\/v2\/product_tag?post=37232"}],"curies":[{"name":"wp","href":"https:\/\/api.w.org\/{rel}","templated":true}]}}