{"id":37608,"date":"2025-09-02T08:44:58","date_gmt":"2025-09-02T08:44:58","guid":{"rendered":"https:\/\/mps.digital-monkey.in\/product\/junta-de-culata-yanmar-3gm-3gmd-3gmf-128370-01332\/"},"modified":"2025-10-30T12:18:31","modified_gmt":"2025-10-30T12:18:31","slug":"junta-de-culata-yanmar-3gm-3gmd-3gmf-128370-01332","status":"publish","type":"product","link":"https:\/\/mps.digital-monkey.in\/es\/product\/junta-de-culata-yanmar-3gm-3gmd-3gmf-128370-01332\/","title":{"rendered":"Junta de culata Yanmar 3GM \/ 3GMD \/ 3GMF &#8211; 128370-01332"},"content":{"rendered":"<p data-start=\"175\" data-end=\"556\">Mant\u00e9n el m\u00e1ximo rendimiento de tu motor Yanmar 3GM, 3GMD o 3GMF con esta junta de culata Yanmar, n\u00famero de pieza <strong data-start=\"320\" data-end=\"336\">128370-01332<\/strong> (sustituye a la pieza original Yanmar <strong data-start=\"368\" data-end=\"384\">128370-01332<\/strong>). Dise\u00f1ado con precisi\u00f3n seg\u00fan las especificaciones de los fabricantes de equipos originales, garantiza un sellado perfecto entre la culata y el bloque del motor, evitando fugas y manteniendo una compresi\u00f3n \u00f3ptima.<\/p>\n<p data-start=\"558\" data-end=\"592\"><strong data-start=\"558\" data-end=\"590\">Motores \/ Modelos compatibles:<\/strong><\/p>\n<ul data-start=\"593\" data-end=\"639\">\n<li data-start=\"593\" data-end=\"607\">\n<p data-start=\"595\" data-end=\"607\">Yanmar 3GM<\/p>\n<\/li>\n<li data-start=\"608\" data-end=\"623\">\n<p data-start=\"610\" data-end=\"623\">Yanmar 3GMD<\/p>\n<\/li>\n<li data-start=\"624\" data-end=\"639\">\n<p data-start=\"626\" data-end=\"639\">Yanmar 3GMF<\/p>\n<\/li>\n<\/ul>\n<p data-start=\"641\" data-end=\"660\"><strong data-start=\"641\" data-end=\"658\">Caracter\u00edsticas principales:<\/strong><\/p>\n<ul data-start=\"661\" data-end=\"844\">\n<li data-start=\"661\" data-end=\"698\">\n<p data-start=\"663\" data-end=\"698\">Junta de recambio original Yanmar<\/p>\n<\/li>\n<li data-start=\"699\" data-end=\"750\">\n<p data-start=\"701\" data-end=\"750\">Junta a prueba de fugas para un rendimiento fiable del motor<\/p>\n<\/li>\n<li data-start=\"751\" data-end=\"789\">\n<p data-start=\"753\" data-end=\"789\">Construcci\u00f3n duradera y de alta calidad<\/p>\n<\/li>\n<li data-start=\"790\" data-end=\"844\">\n<p data-start=\"792\" data-end=\"844\">Ideal para mantenimiento, reparaciones o reconstrucciones de motores<\/p>\n<\/li>\n<\/ul>\n<p data-start=\"846\" data-end=\"948\">Mant\u00e9n tu motor marino Yanmar funcionando sin problemas con esta fiable junta de culata de calidad OEM.<\/p>\n<p data-start=\"955\" data-end=\"1146\">\n","protected":false},"excerpt":{"rendered":"<p>Mant\u00e9n el m\u00e1ximo rendimiento de tu motor Yanmar 3GM, 3GMD o 3GMF con esta junta de culata Yanmar, n\u00famero de pieza 128370-01332 (sustituye a la pieza original Yanmar 128370-01332). Dise\u00f1ado con precisi\u00f3n seg\u00fan las especificaciones de los fabricantes de equipos originales, garantiza un sellado perfecto entre la culata y el bloque del motor, evitando fugas [&hellip;]<\/p>\n","protected":false},"featured_media":37609,"comment_status":"open","ping_status":"closed","template":"","meta":[],"product_brand":[4235],"product_cat":[3041,3040,4451,2497,4448],"product_tag":[],"class_list":{"0":"post-37608","1":"product","2":"type-product","3":"status-publish","4":"has-post-thumbnail","6":"product_brand-yanmar","7":"product_cat-juntas-de-motor","8":"product_cat-kits-de-mantenimiento-y-reparacion","9":"product_cat-piezas-3gm-3gm30","10":"product_cat-piezas-de-mantenimiento-del-motor","11":"product_cat-yanmar","12":"pa_condition-nuevo","13":"pa_model-3gm","14":"pa_model-3gmd","15":"pa_model-3gmf","16":"pa_oem-or-aftermarket-posventa","18":"first","19":"onbackorder","20":"sale","21":"taxable","22":"shipping-taxable","23":"purchasable","24":"product-type-simple"},"supplier_id":null,"supplier_sku":"","barcode":null,"atum_controlled":true,"out_stock_date":"2025-11-21 13:02:52","out_stock_threshold":null,"inheritable":false,"inbound_stock":0,"stock_on_hold":0,"sold_today":0,"sales_last_days":0,"reserved_stock":0,"customer_returns":0,"warehouse_damage":0,"lost_in_post":0,"other_logs":0,"out_stock_days":19,"lost_sales":0,"has_location":false,"update_date":"2025-11-21T13:02:52","atum_locations":[],"atum_stock_status":"onbackorder","restock_status":false,"low_stock_amount":1,"sales_update_date":"2025-09-22T08:41:04","calc_backorders":null,"_links":{"self":[{"href":"https:\/\/mps.digital-monkey.in\/es\/wp-json\/wp\/v2\/product\/37608","targetHints":{"allow":["GET"]}}],"collection":[{"href":"https:\/\/mps.digital-monkey.in\/es\/wp-json\/wp\/v2\/product"}],"about":[{"href":"https:\/\/mps.digital-monkey.in\/es\/wp-json\/wp\/v2\/types\/product"}],"replies":[{"embeddable":true,"href":"https:\/\/mps.digital-monkey.in\/es\/wp-json\/wp\/v2\/comments?post=37608"}],"wp:featuredmedia":[{"embeddable":true,"href":"https:\/\/mps.digital-monkey.in\/es\/wp-json\/wp\/v2\/media\/37609"}],"wp:attachment":[{"href":"https:\/\/mps.digital-monkey.in\/es\/wp-json\/wp\/v2\/media?parent=37608"}],"wp:term":[{"taxonomy":"product_brand","embeddable":true,"href":"https:\/\/mps.digital-monkey.in\/es\/wp-json\/wp\/v2\/product_brand?post=37608"},{"taxonomy":"product_cat","embeddable":true,"href":"https:\/\/mps.digital-monkey.in\/es\/wp-json\/wp\/v2\/product_cat?post=37608"},{"taxonomy":"product_tag","embeddable":true,"href":"https:\/\/mps.digital-monkey.in\/es\/wp-json\/wp\/v2\/product_tag?post=37608"}],"curies":[{"name":"wp","href":"https:\/\/api.w.org\/{rel}","templated":true}]}}