{"id":37624,"date":"2025-09-02T09:01:43","date_gmt":"2025-09-02T09:01:43","guid":{"rendered":"https:\/\/mps.digital-monkey.in\/product\/juego-completo-de-juntas-de-motor-yanmar-3gm30-3gm30f-728374-92605\/"},"modified":"2025-10-30T12:18:23","modified_gmt":"2025-10-30T12:18:23","slug":"juego-completo-de-juntas-de-motor-yanmar-3gm30-3gm30f-728374-92605","status":"publish","type":"product","link":"https:\/\/mps.digital-monkey.in\/es\/product\/juego-completo-de-juntas-de-motor-yanmar-3gm30-3gm30f-728374-92605\/","title":{"rendered":"Juego completo de juntas de motor Yanmar 3GM30 \/ 3GM30F &#8211; 728374-92605"},"content":{"rendered":"<p data-start=\"192\" data-end=\"548\">Realiza una reconstrucci\u00f3n completa del motor o el mantenimiento de tu Yanmar 3GM30 o 3GM30F con este <strong data-start=\"305\" data-end=\"334\">juego completo de juntas de motor<\/strong> (n\u00famero de pieza <strong data-start=\"348\" data-end=\"364\">728374-92605<\/strong>). Dise\u00f1ado para cumplir las especificaciones OEM, este juego proporciona todas las juntas y retenes esenciales necesarios para un sellado perfecto del motor, garantizando un rendimiento sin fugas y un funcionamiento fiable.<\/p>\n<p data-start=\"550\" data-end=\"572\"><strong data-start=\"550\" data-end=\"570\">Qu\u00e9 incluye:<\/strong><\/p>\n<ul data-start=\"573\" data-end=\"844\">\n<li data-start=\"573\" data-end=\"597\">\n<p data-start=\"575\" data-end=\"597\">Junta de culata<\/p>\n<\/li>\n<li data-start=\"598\" data-end=\"620\">\n<p data-start=\"600\" data-end=\"620\">Junta de la tapa de v\u00e1lvulas<\/p>\n<\/li>\n<li data-start=\"621\" data-end=\"648\">\n<p data-start=\"623\" data-end=\"648\">Junta del colector de escape<\/p>\n<\/li>\n<li data-start=\"649\" data-end=\"673\">\n<p data-start=\"651\" data-end=\"673\">Junta del codo de escape<\/p>\n<\/li>\n<li data-start=\"674\" data-end=\"700\">\n<p data-start=\"676\" data-end=\"700\">Junta del colector de admisi\u00f3n<\/p>\n<\/li>\n<li data-start=\"701\" data-end=\"730\">\n<p data-start=\"703\" data-end=\"730\">Junta del alojamiento del termostato<\/p>\n<\/li>\n<li data-start=\"731\" data-end=\"755\">\n<p data-start=\"733\" data-end=\"755\">Juntas de goma diversas<\/p>\n<\/li>\n<li data-start=\"756\" data-end=\"774\">\n<p data-start=\"758\" data-end=\"774\">Arandelas de cobre<\/p>\n<\/li>\n<li data-start=\"775\" data-end=\"798\">\n<p data-start=\"777\" data-end=\"798\">Junta de la tapa de la distribuci\u00f3n<\/p>\n<\/li>\n<li data-start=\"799\" data-end=\"817\">\n<p data-start=\"801\" data-end=\"817\">Junta del c\u00e1rter<\/p>\n<\/li>\n<li data-start=\"818\" data-end=\"844\">\n<p data-start=\"820\" data-end=\"844\">Juntas del intercambiador de calor<\/p>\n<\/li>\n<\/ul>\n<p data-start=\"846\" data-end=\"865\"><strong data-start=\"846\" data-end=\"863\">Caracter\u00edsticas principales:<\/strong><\/p>\n<ul data-start=\"866\" data-end=\"1110\">\n<li data-start=\"866\" data-end=\"935\">\n<p data-start=\"868\" data-end=\"935\">Juego completo de juntas de calidad OEM para motores Yanmar 3GM30 \/ 3GM30F<\/p>\n<\/li>\n<li data-start=\"936\" data-end=\"981\">\n<p data-start=\"938\" data-end=\"981\">Garantiza un sellado correcto y evita las fugas<\/p>\n<\/li>\n<li data-start=\"982\" data-end=\"1041\">\n<p data-start=\"984\" data-end=\"1041\">Ideal para mantenimiento, reparaciones o reconstrucciones completas del motor<\/p>\n<\/li>\n<li data-start=\"1042\" data-end=\"1110\">\n<p data-start=\"1044\" data-end=\"1110\">Componentes duraderos y de alta calidad en los que conf\u00edan los profesionales n\u00e1uticos<\/p>\n<\/li>\n<\/ul>\n<p data-start=\"1112\" data-end=\"1219\">Mant\u00e9n tu motor Yanmar 3GM30 o 3GM30F funcionando suave y eficientemente con este juego de juntas todo en uno.<\/p>\n","protected":false},"excerpt":{"rendered":"<p>Realiza una reconstrucci\u00f3n completa del motor o el mantenimiento de tu Yanmar 3GM30 o 3GM30F con este juego completo de juntas de motor (n\u00famero de pieza 728374-92605). Dise\u00f1ado para cumplir las especificaciones OEM, este juego proporciona todas las juntas y retenes esenciales necesarios para un sellado perfecto del motor, garantizando un rendimiento sin fugas y [&hellip;]<\/p>\n","protected":false},"featured_media":37625,"comment_status":"open","ping_status":"closed","template":"","meta":[],"product_brand":[4235],"product_cat":[3041,3040,4451,2497,4448],"product_tag":[],"class_list":{"0":"post-37624","1":"product","2":"type-product","3":"status-publish","4":"has-post-thumbnail","6":"product_brand-yanmar","7":"product_cat-juntas-de-motor","8":"product_cat-kits-de-mantenimiento-y-reparacion","9":"product_cat-piezas-3gm-3gm30","10":"product_cat-piezas-de-mantenimiento-del-motor","11":"product_cat-yanmar","12":"pa_condition-nuevo","13":"pa_model-3gm30","14":"pa_model-3gm30-yeu","15":"pa_model-3gm30f","16":"pa_model-3gm30f-yeu","17":"pa_oem-or-aftermarket-posventa","19":"first","20":"instock","21":"sale","22":"taxable","23":"shipping-taxable","24":"purchasable","25":"product-type-simple"},"supplier_id":7294,"supplier_sku":"REC728374-92605","barcode":null,"atum_controlled":true,"out_stock_date":null,"out_stock_threshold":null,"inheritable":false,"inbound_stock":0,"stock_on_hold":0,"sold_today":0,"sales_last_days":0,"reserved_stock":0,"customer_returns":0,"warehouse_damage":0,"lost_in_post":0,"other_logs":0,"out_stock_days":0,"lost_sales":0,"has_location":false,"update_date":"2025-10-30T10:27:32","atum_locations":[],"atum_stock_status":"instock","restock_status":false,"low_stock_amount":1,"sales_update_date":"2025-10-22T14:30:40","calc_backorders":null,"_links":{"self":[{"href":"https:\/\/mps.digital-monkey.in\/es\/wp-json\/wp\/v2\/product\/37624","targetHints":{"allow":["GET"]}}],"collection":[{"href":"https:\/\/mps.digital-monkey.in\/es\/wp-json\/wp\/v2\/product"}],"about":[{"href":"https:\/\/mps.digital-monkey.in\/es\/wp-json\/wp\/v2\/types\/product"}],"replies":[{"embeddable":true,"href":"https:\/\/mps.digital-monkey.in\/es\/wp-json\/wp\/v2\/comments?post=37624"}],"wp:featuredmedia":[{"embeddable":true,"href":"https:\/\/mps.digital-monkey.in\/es\/wp-json\/wp\/v2\/media\/37625"}],"wp:attachment":[{"href":"https:\/\/mps.digital-monkey.in\/es\/wp-json\/wp\/v2\/media?parent=37624"}],"wp:term":[{"taxonomy":"product_brand","embeddable":true,"href":"https:\/\/mps.digital-monkey.in\/es\/wp-json\/wp\/v2\/product_brand?post=37624"},{"taxonomy":"product_cat","embeddable":true,"href":"https:\/\/mps.digital-monkey.in\/es\/wp-json\/wp\/v2\/product_cat?post=37624"},{"taxonomy":"product_tag","embeddable":true,"href":"https:\/\/mps.digital-monkey.in\/es\/wp-json\/wp\/v2\/product_tag?post=37624"}],"curies":[{"name":"wp","href":"https:\/\/api.w.org\/{rel}","templated":true}]}}