{"id":37681,"date":"2025-09-02T13:13:38","date_gmt":"2025-09-02T13:13:38","guid":{"rendered":"https:\/\/mps.digital-monkey.in\/product\/juego-de-juntas-del-intercambiador-de-calor-volvo-penta-aqd29-aqd32a-md29-md32a\/"},"modified":"2025-11-02T18:27:44","modified_gmt":"2025-11-02T18:27:44","slug":"juego-de-juntas-del-intercambiador-de-calor-volvo-penta-aqd29-aqd32a-md29-md32a","status":"publish","type":"product","link":"https:\/\/mps.digital-monkey.in\/es\/producto\/juego-de-juntas-del-intercambiador-de-calor-volvo-penta-aqd29-aqd32a-md29-md32a\/","title":{"rendered":"Juego de juntas del intercambiador de calor Volvo Penta AQD29 AQD32A MD29 MD32A"},"content":{"rendered":"<div class=\"relative basis-auto flex-col -mb-(--composer-overlap-px) [--composer-overlap-px:28px] grow flex overflow-hidden\">\n<div class=\"relative h-full\">\n<div class=\"flex h-full flex-col overflow-y-auto [scrollbar-gutter:stable_both-edges] @[84rem]\/thread:pt-(--header-height)\">\n<div class=\"@thread-xl\/thread:pt-header-height flex flex-col text-sm pb-25\">\n<article class=\"text-token-text-primary w-full focus:outline-none scroll-mt-[calc(var(--header-height)+min(200px,max(70px,20svh)))]\" dir=\"auto\" tabindex=\"-1\" data-turn-id=\"request-WEB:e67dfed6-edcd-452e-aead-e95c6d0affee-1\" data-testid=\"conversation-turn-4\" data-scroll-anchor=\"true\" data-turn=\"assistant\">\n<div class=\"text-base my-auto mx-auto pb-10 [--thread-content-margin:--spacing(4)] @[37rem]:[--thread-content-margin:--spacing(6)] @[72rem]:[--thread-content-margin:--spacing(16)] px-(--thread-content-margin)\">\n<div class=\"[--thread-content-max-width:32rem] @[34rem]:[--thread-content-max-width:40rem] @[64rem]:[--thread-content-max-width:48rem] mx-auto max-w-(--thread-content-max-width) flex-1 group\/turn-messages focus-visible:outline-hidden relative flex w-full min-w-0 flex-col agent-turn\" tabindex=\"-1\">\n<div class=\"flex max-w-full flex-col grow\">\n<div class=\"min-h-8 text-message relative flex w-full flex-col items-end gap-2 text-start break-words whitespace-normal [.text-message+&amp;]:mt-5\" dir=\"auto\" data-message-author-role=\"assistant\" data-message-id=\"4c6f8c95-1e74-4537-a526-d5d0c581f44f\" data-message-model-slug=\"gpt-5\">\n<div class=\"flex w-full flex-col gap-1 empty:hidden first:pt-[3px]\">\n<div class=\"markdown prose dark:prose-invert w-full break-words dark markdown-new-styling\">\n<p data-start=\"106\" data-end=\"178\"><strong data-start=\"106\" data-end=\"176\">Juego de juntas del intercambiador de calor Volvo Penta - AQD29, AQD32A, MD29, MD32A<\/strong><\/p>\n<p data-start=\"180\" data-end=\"579\">Mant\u00e9n tu motor marino Volvo Penta funcionando sin problemas con este <strong data-start=\"243\" data-end=\"272\">juego de juntas del intercambiador de<\/strong> calor. Dise\u00f1ado para un ajuste perfecto y fiable, este juego de juntas garantiza un sellado seguro, evitando fugas de refrigerante y agua en el sistema de refrigeraci\u00f3n de tu motor. Est\u00e1 fabricado con materiales de alta calidad para cumplir o superar las normas OEM, lo que lo convierte en una soluci\u00f3n duradera y rentable para el mantenimiento o la reparaci\u00f3n.<\/p>\n<p data-start=\"581\" data-end=\"626\"><strong data-start=\"581\" data-end=\"624\">Se adapta a los siguientes motores Volvo Penta:<\/strong><\/p>\n<ul data-start=\"627\" data-end=\"720\">\n<li data-start=\"627\" data-end=\"651\">\n<p data-start=\"629\" data-end=\"651\">Volvo Penta AQD29, A<\/p>\n<\/li>\n<li data-start=\"652\" data-end=\"674\">\n<p data-start=\"654\" data-end=\"674\">Volvo Penta AQD32A<\/p>\n<\/li>\n<li data-start=\"675\" data-end=\"698\">\n<p data-start=\"677\" data-end=\"698\">Volvo Penta MD29, A<\/p>\n<\/li>\n<li data-start=\"699\" data-end=\"720\">\n<p data-start=\"701\" data-end=\"720\">Volvo Penta MD32A<\/p>\n<\/li>\n<\/ul>\n<p data-start=\"722\" data-end=\"835\">\u2705 Recambio de calidad OEM<br data-start=\"747\" data-end=\"750\">\u2705 Evita las fugas y el sobrecalentamiento<br data-start=\"782\" data-end=\"785\">\u2705 F\u00e1cil instalaci\u00f3n para un rendimiento duradero<\/p>\n<p data-start=\"837\" data-end=\"989\">Este <strong data-start=\"842\" data-end=\"868\">kit de juntas Volvo Penta<\/strong> es la elecci\u00f3n ideal para propietarios de embarcaciones y mec\u00e1nicos marinos que buscan restaurar la eficacia de la refrigeraci\u00f3n y prolongar la vida \u00fatil del motor.<\/p>\n<\/div>\n<\/div>\n<\/div>\n<\/div>\n<\/div>\n<\/div>\n<\/article>\n<\/div>\n<\/div>\n<\/div>\n<\/div>\n","protected":false},"excerpt":{"rendered":"<p>Juego de juntas del intercambiador de calor Volvo Penta - AQD29, AQD32A, MD29, MD32A Mant\u00e9n tu motor marino Volvo Penta funcionando sin problemas con este juego de juntas del intercambiador de calor. Dise\u00f1ado para un ajuste perfecto y fiable, este juego de juntas garantiza un sellado seguro, evitando fugas de refrigerante y agua en el [&hellip;]<\/p>\n","protected":false},"featured_media":37682,"comment_status":"open","ping_status":"closed","template":"","meta":[],"product_brand":[4229],"product_cat":[3041,4486,3040,2497],"product_tag":[],"class_list":{"0":"post-37681","1":"product","2":"type-product","3":"status-publish","4":"has-post-thumbnail","6":"product_brand-volvo-penta","7":"product_cat-juntas-de-motor","8":"product_cat-necesitas-piezas-volvo-penta","9":"product_cat-kits-de-mantenimiento-y-reparacion","10":"product_cat-piezas-de-mantenimiento-del-motor","11":"pa_condition-nuevo","12":"pa_model-aqd29","13":"pa_model-aqd32","14":"pa_model-md29","15":"pa_model-md32","16":"pa_oem-or-aftermarket-posventa","18":"first","19":"instock","20":"taxable","21":"shipping-taxable","22":"purchasable","23":"product-type-simple"},"supplier_id":7294,"supplier_sku":"REC22022","barcode":null,"atum_controlled":true,"out_stock_date":null,"out_stock_threshold":null,"inheritable":false,"inbound_stock":0,"stock_on_hold":0,"sold_today":0,"sales_last_days":0,"reserved_stock":0,"customer_returns":0,"warehouse_damage":0,"lost_in_post":0,"other_logs":0,"out_stock_days":0,"lost_sales":0,"has_location":false,"update_date":"2026-01-29T09:10:25","atum_locations":[],"atum_stock_status":"instock","restock_status":false,"low_stock_amount":1,"sales_update_date":"2026-01-29T09:10:25","calc_backorders":null,"_links":{"self":[{"href":"https:\/\/mps.digital-monkey.in\/es\/wp-json\/wp\/v2\/product\/37681","targetHints":{"allow":["GET"]}}],"collection":[{"href":"https:\/\/mps.digital-monkey.in\/es\/wp-json\/wp\/v2\/product"}],"about":[{"href":"https:\/\/mps.digital-monkey.in\/es\/wp-json\/wp\/v2\/types\/product"}],"replies":[{"embeddable":true,"href":"https:\/\/mps.digital-monkey.in\/es\/wp-json\/wp\/v2\/comments?post=37681"}],"wp:featuredmedia":[{"embeddable":true,"href":"https:\/\/mps.digital-monkey.in\/es\/wp-json\/wp\/v2\/media\/37682"}],"wp:attachment":[{"href":"https:\/\/mps.digital-monkey.in\/es\/wp-json\/wp\/v2\/media?parent=37681"}],"wp:term":[{"taxonomy":"product_brand","embeddable":true,"href":"https:\/\/mps.digital-monkey.in\/es\/wp-json\/wp\/v2\/product_brand?post=37681"},{"taxonomy":"product_cat","embeddable":true,"href":"https:\/\/mps.digital-monkey.in\/es\/wp-json\/wp\/v2\/product_cat?post=37681"},{"taxonomy":"product_tag","embeddable":true,"href":"https:\/\/mps.digital-monkey.in\/es\/wp-json\/wp\/v2\/product_tag?post=37681"}],"curies":[{"name":"wp","href":"https:\/\/api.w.org\/{rel}","templated":true}]}}