{"id":37728,"date":"2025-09-02T13:41:19","date_gmt":"2025-09-02T13:41:19","guid":{"rendered":"https:\/\/mps.digital-monkey.in\/product\/juego-de-juntas-del-intercambiador-de-calor-volvo-penta-md22a-md22l-a\/"},"modified":"2025-11-02T18:27:45","modified_gmt":"2025-11-02T18:27:45","slug":"juego-de-juntas-del-intercambiador-de-calor-volvo-penta-md22a-md22l-a","status":"publish","type":"product","link":"https:\/\/mps.digital-monkey.in\/es\/producto\/juego-de-juntas-del-intercambiador-de-calor-volvo-penta-md22a-md22l-a\/","title":{"rendered":"Juego de juntas del intercambiador de calor Volvo Penta MD22A MD22L-A"},"content":{"rendered":"<p data-start=\"483\" data-end=\"543\"><strong data-start=\"483\" data-end=\"541\">Juego de juntas del intercambiador de calor Volvo Penta - MD22A, MD22L-A<\/strong><\/p>\n<p data-start=\"545\" data-end=\"842\">Mant\u00e9n tu <strong data-start=\"555\" data-end=\"589\">motor Volvo Penta serie MD22<\/strong> en las mejores condiciones con este <strong data-start=\"625\" data-end=\"654\">juego de juntas de intercambiador de<\/strong> calor de primera calidad. Dise\u00f1ado para un ajuste preciso, este kit de juntas garantiza un sellado seguro para evitar fugas de refrigerante y agua de mar, ayudando a mantener un rendimiento de refrigeraci\u00f3n \u00f3ptimo y evitando el sobrecalentamiento del motor.<\/p>\n<p data-start=\"844\" data-end=\"886\"><strong data-start=\"844\" data-end=\"884\">Compatible con motores Volvo Penta:<\/strong><\/p>\n<ul data-start=\"887\" data-end=\"908\">\n<li data-start=\"887\" data-end=\"896\">\n<p data-start=\"889\" data-end=\"896\">MD22A<\/p>\n<\/li>\n<li data-start=\"897\" data-end=\"908\">\n<p data-start=\"899\" data-end=\"908\">MD22L-A<\/p>\n<\/li>\n<\/ul>\n<p data-start=\"910\" data-end=\"929\"><strong data-start=\"910\" data-end=\"927\">Beneficios clave:<\/strong><\/p>\n<ul data-start=\"930\" data-end=\"1136\">\n<li data-start=\"930\" data-end=\"968\">\n<p data-start=\"932\" data-end=\"968\">Juego de juntas de recambio de calidad OEM<\/p>\n<\/li>\n<li data-start=\"969\" data-end=\"1009\">\n<p data-start=\"971\" data-end=\"1009\">Evita fugas en el sistema de refrigeraci\u00f3n<\/p>\n<\/li>\n<li data-start=\"1010\" data-end=\"1060\">\n<p data-start=\"1012\" data-end=\"1060\">Materiales duraderos para una fiabilidad duradera<\/p>\n<\/li>\n<li data-start=\"1061\" data-end=\"1136\">\n<p data-start=\"1063\" data-end=\"1136\">F\u00e1cil instalaci\u00f3n - apto tanto para profesionales como para propietarios de embarcaciones de bricolaje<\/p>\n<\/li>\n<\/ul>\n<p data-start=\"1138\" data-end=\"1303\">Este <strong data-start=\"1143\" data-end=\"1174\">kit de juntas Volvo Penta MD22<\/strong> es la soluci\u00f3n perfecta para el mantenimiento o la reparaci\u00f3n, ya que garantiza que el sistema de refrigeraci\u00f3n de tu motor marino funcione de forma eficaz y fiable.<\/p>\n","protected":false},"excerpt":{"rendered":"<p>Juego de juntas del intercambiador de calor Volvo Penta - MD22A, MD22L-A Mant\u00e9n tu motor Volvo Penta serie MD22 en las mejores condiciones con este juego de juntas de intercambiador de calor de primera calidad. Dise\u00f1ado para un ajuste preciso, este kit de juntas garantiza un sellado seguro para evitar fugas de refrigerante y agua [&hellip;]<\/p>\n","protected":false},"featured_media":37729,"comment_status":"open","ping_status":"closed","template":"","meta":[],"product_brand":[4229],"product_cat":[3041,4486,3040,2497],"product_tag":[],"class_list":{"0":"post-37728","1":"product","2":"type-product","3":"status-publish","4":"has-post-thumbnail","6":"product_brand-volvo-penta","7":"product_cat-juntas-de-motor","8":"product_cat-necesitas-piezas-volvo-penta","9":"product_cat-kits-de-mantenimiento-y-reparacion","10":"product_cat-piezas-de-mantenimiento-del-motor","11":"pa_condition-nuevo","12":"pa_model-md22","13":"pa_oem-or-aftermarket-posventa","15":"first","16":"instock","17":"taxable","18":"shipping-taxable","19":"purchasable","20":"product-type-simple"},"supplier_id":7294,"supplier_sku":"REC22155","barcode":null,"atum_controlled":true,"out_stock_date":null,"out_stock_threshold":null,"inheritable":false,"inbound_stock":0,"stock_on_hold":0,"sold_today":0,"sales_last_days":0,"reserved_stock":0,"customer_returns":0,"warehouse_damage":0,"lost_in_post":0,"other_logs":0,"out_stock_days":0,"lost_sales":0,"has_location":false,"update_date":"2026-01-29T09:10:57","atum_locations":[],"atum_stock_status":"instock","restock_status":false,"low_stock_amount":1,"sales_update_date":"2026-01-29T09:10:57","calc_backorders":null,"_links":{"self":[{"href":"https:\/\/mps.digital-monkey.in\/es\/wp-json\/wp\/v2\/product\/37728","targetHints":{"allow":["GET"]}}],"collection":[{"href":"https:\/\/mps.digital-monkey.in\/es\/wp-json\/wp\/v2\/product"}],"about":[{"href":"https:\/\/mps.digital-monkey.in\/es\/wp-json\/wp\/v2\/types\/product"}],"replies":[{"embeddable":true,"href":"https:\/\/mps.digital-monkey.in\/es\/wp-json\/wp\/v2\/comments?post=37728"}],"wp:featuredmedia":[{"embeddable":true,"href":"https:\/\/mps.digital-monkey.in\/es\/wp-json\/wp\/v2\/media\/37729"}],"wp:attachment":[{"href":"https:\/\/mps.digital-monkey.in\/es\/wp-json\/wp\/v2\/media?parent=37728"}],"wp:term":[{"taxonomy":"product_brand","embeddable":true,"href":"https:\/\/mps.digital-monkey.in\/es\/wp-json\/wp\/v2\/product_brand?post=37728"},{"taxonomy":"product_cat","embeddable":true,"href":"https:\/\/mps.digital-monkey.in\/es\/wp-json\/wp\/v2\/product_cat?post=37728"},{"taxonomy":"product_tag","embeddable":true,"href":"https:\/\/mps.digital-monkey.in\/es\/wp-json\/wp\/v2\/product_tag?post=37728"}],"curies":[{"name":"wp","href":"https:\/\/api.w.org\/{rel}","templated":true}]}}