{"id":37758,"date":"2025-09-02T13:52:55","date_gmt":"2025-09-02T13:52:55","guid":{"rendered":"https:\/\/mps.digital-monkey.in\/product\/juego-de-juntas-del-intercambiador-de-calor-volvo-penta-md22l-b-md22p-b-2\/"},"modified":"2025-11-02T18:27:49","modified_gmt":"2025-11-02T18:27:49","slug":"juego-de-juntas-del-intercambiador-de-calor-volvo-penta-md22l-b-md22p-b-2","status":"publish","type":"product","link":"https:\/\/mps.digital-monkey.in\/es\/producto\/juego-de-juntas-del-intercambiador-de-calor-volvo-penta-md22l-b-md22p-b-2\/","title":{"rendered":"Juego de juntas del intercambiador de calor Volvo Penta MD22L-B MD22P-B"},"content":{"rendered":"<p data-start=\"503\" data-end=\"579\"><strong data-start=\"503\" data-end=\"577\">Juego de juntas del intercambiador de calor Volvo Penta - MD22L-B, MD22P-B (Aftermarket)<\/strong><\/p>\n<p data-start=\"581\" data-end=\"838\">Este <strong data-start=\"599\" data-end=\"625\">juego de juntas de recambio<\/strong> de alta calidad est\u00e1 dise\u00f1ado para el intercambiador de calor de los motores marinos Volvo Penta de la serie MD22. Proporciona todas las juntas y juntas t\u00f3ricas esenciales necesarias para mantener un sistema de refrigeraci\u00f3n sin fugas, garantizando un rendimiento fiable del motor.<\/p>\n<p data-start=\"840\" data-end=\"882\"><strong data-start=\"840\" data-end=\"880\">Compatible con motores Volvo Penta:<\/strong><\/p>\n<ul data-start=\"883\" data-end=\"906\">\n<li data-start=\"883\" data-end=\"894\">\n<p data-start=\"885\" data-end=\"894\">MD22L-B<\/p>\n<\/li>\n<li data-start=\"895\" data-end=\"906\">\n<p data-start=\"897\" data-end=\"906\">MD22P-B<\/p>\n<\/li>\n<\/ul>\n<p data-start=\"908\" data-end=\"927\"><strong data-start=\"908\" data-end=\"925\">El juego incluye:<\/strong><\/p>\n<ul data-start=\"928\" data-end=\"1097\">\n<li data-start=\"928\" data-end=\"968\">\n<p data-start=\"930\" data-end=\"968\">1 x Junta del colector de escape - 859785<\/p>\n<\/li>\n<li data-start=\"969\" data-end=\"1006\">\n<p data-start=\"971\" data-end=\"1006\">1 x Junta de codo de escape - 859834<\/p>\n<\/li>\n<li data-start=\"1007\" data-end=\"1073\">\n<p data-start=\"1009\" data-end=\"1073\">6 x juntas t\u00f3ricas - 3580818 (4 para el intercambiador de calor, 2 para el enfriador de aceite)<\/p>\n<\/li>\n<li data-start=\"1074\" data-end=\"1097\">\n<p data-start=\"1076\" data-end=\"1097\">1 x Junta - 859835<\/p>\n<\/li>\n<\/ul>\n<p data-start=\"1099\" data-end=\"1118\"><strong data-start=\"1099\" data-end=\"1116\">Beneficios clave:<\/strong><\/p>\n<ul data-start=\"1119\" data-end=\"1327\">\n<li data-start=\"1119\" data-end=\"1163\">\n<p data-start=\"1121\" data-end=\"1163\">Kit de repuesto de alta calidad<\/p>\n<\/li>\n<li data-start=\"1164\" data-end=\"1225\">\n<p data-start=\"1166\" data-end=\"1225\">Evita fugas de refrigerante y agua de mar en el sistema de refrigeraci\u00f3n<\/p>\n<\/li>\n<li data-start=\"1226\" data-end=\"1278\">\n<p data-start=\"1228\" data-end=\"1278\">Dise\u00f1ado para ofrecer durabilidad y un rendimiento fiable<\/p>\n<\/li>\n<li data-start=\"1279\" data-end=\"1327\">\n<p data-start=\"1281\" data-end=\"1327\">Juego completo para una instalaci\u00f3n r\u00e1pida y sencilla<\/p>\n<\/li>\n<\/ul>\n<p data-start=\"1329\" data-end=\"1570\">Este <strong data-start=\"1334\" data-end=\"1365\">kit de juntas Volvo Penta MD22<\/strong> es una soluci\u00f3n econ\u00f3mica para mantener el sistema de refrigeraci\u00f3n de tu motor marino en las mejores condiciones. Perfecto para propietarios de embarcaciones y mec\u00e1nicos navales que buscan una alternativa fiable a las piezas originales.<\/p>\n","protected":false},"excerpt":{"rendered":"<p>Juego de juntas del intercambiador de calor Volvo Penta - MD22L-B, MD22P-B (Aftermarket) Este juego de juntas de recambio de alta calidad est\u00e1 dise\u00f1ado para el intercambiador de calor de los motores marinos Volvo Penta de la serie MD22. Proporciona todas las juntas y juntas t\u00f3ricas esenciales necesarias para mantener un sistema de refrigeraci\u00f3n sin [&hellip;]<\/p>\n","protected":false},"featured_media":37759,"comment_status":"open","ping_status":"closed","template":"","meta":[],"product_brand":[4229],"product_cat":[3041,4486,3040,2497],"product_tag":[],"class_list":{"0":"post-37758","1":"product","2":"type-product","3":"status-publish","4":"has-post-thumbnail","6":"product_brand-volvo-penta","7":"product_cat-juntas-de-motor","8":"product_cat-necesitas-piezas-volvo-penta","9":"product_cat-kits-de-mantenimiento-y-reparacion","10":"product_cat-piezas-de-mantenimiento-del-motor","11":"pa_condition-nuevo","12":"pa_model-md22","13":"pa_oem-or-aftermarket-posventa","15":"first","16":"instock","17":"taxable","18":"shipping-taxable","19":"purchasable","20":"product-type-simple"},"supplier_id":7294,"supplier_sku":"REC22077","barcode":null,"atum_controlled":true,"out_stock_date":null,"out_stock_threshold":null,"inheritable":false,"inbound_stock":0,"stock_on_hold":0,"sold_today":0,"sales_last_days":0,"reserved_stock":0,"customer_returns":0,"warehouse_damage":0,"lost_in_post":0,"other_logs":0,"out_stock_days":0,"lost_sales":0,"has_location":false,"update_date":"2025-11-02T17:31:21","atum_locations":[],"atum_stock_status":"instock","restock_status":false,"low_stock_amount":0,"sales_update_date":"2025-10-22T14:30:39","calc_backorders":null,"_links":{"self":[{"href":"https:\/\/mps.digital-monkey.in\/es\/wp-json\/wp\/v2\/product\/37758","targetHints":{"allow":["GET"]}}],"collection":[{"href":"https:\/\/mps.digital-monkey.in\/es\/wp-json\/wp\/v2\/product"}],"about":[{"href":"https:\/\/mps.digital-monkey.in\/es\/wp-json\/wp\/v2\/types\/product"}],"replies":[{"embeddable":true,"href":"https:\/\/mps.digital-monkey.in\/es\/wp-json\/wp\/v2\/comments?post=37758"}],"wp:featuredmedia":[{"embeddable":true,"href":"https:\/\/mps.digital-monkey.in\/es\/wp-json\/wp\/v2\/media\/37759"}],"wp:attachment":[{"href":"https:\/\/mps.digital-monkey.in\/es\/wp-json\/wp\/v2\/media?parent=37758"}],"wp:term":[{"taxonomy":"product_brand","embeddable":true,"href":"https:\/\/mps.digital-monkey.in\/es\/wp-json\/wp\/v2\/product_brand?post=37758"},{"taxonomy":"product_cat","embeddable":true,"href":"https:\/\/mps.digital-monkey.in\/es\/wp-json\/wp\/v2\/product_cat?post=37758"},{"taxonomy":"product_tag","embeddable":true,"href":"https:\/\/mps.digital-monkey.in\/es\/wp-json\/wp\/v2\/product_tag?post=37758"}],"curies":[{"name":"wp","href":"https:\/\/api.w.org\/{rel}","templated":true}]}}