{"id":37802,"date":"2025-09-02T14:17:21","date_gmt":"2025-09-02T14:17:21","guid":{"rendered":"https:\/\/mps.digital-monkey.in\/product\/kit-de-juntas-del-intercambiador-de-calor-yanmar-3gmf-3gm30f-121450-13251-128297-44030-128695-44070\/"},"modified":"2025-10-30T12:18:33","modified_gmt":"2025-10-30T12:18:33","slug":"kit-de-juntas-del-intercambiador-de-calor-yanmar-3gmf-3gm30f-121450-13251-128297-44030-128695-44070","status":"publish","type":"product","link":"https:\/\/mps.digital-monkey.in\/es\/producto\/kit-de-juntas-del-intercambiador-de-calor-yanmar-3gmf-3gm30f-121450-13251-128297-44030-128695-44070\/","title":{"rendered":"Kit de juntas del intercambiador de calor Yanmar 3GMF 3GM30F - 121450-13251, 128297-44030, 128695-44070"},"content":{"rendered":"<p data-start=\"513\" data-end=\"596\"><strong data-start=\"513\" data-end=\"594\">Kit de juntas del intercambiador de calor Yanmar 3GM - 121450-13251, 128297-44030, 128695-44070<\/strong><\/p>\n<p data-start=\"598\" data-end=\"855\">Este <strong data-start=\"616\" data-end=\"628\">kit de juntas de<\/strong> alta calidad est\u00e1 dise\u00f1ado para el <strong data-start=\"649\" data-end=\"696\">intercambiador de calor de los motores marinos Yanmar 3GM<\/strong>. Incluye todas las juntas y retenes esenciales necesarios para mantener un sistema de refrigeraci\u00f3n sin fugas, garantizando un funcionamiento fiable y un rendimiento duradero del motor.<\/p>\n<p data-start=\"857\" data-end=\"893\"><strong data-start=\"857\" data-end=\"891\">Compatible con motor Yanmar:<\/strong><\/p>\n<ul data-start=\"894\" data-end=\"901\">\n<li data-start=\"894\" data-end=\"901\">\n<p data-start=\"896\" data-end=\"901\">3GMF<\/p>\n<\/li>\n<li data-start=\"894\" data-end=\"901\">3GM30F<\/li>\n<\/ul>\n<p data-start=\"903\" data-end=\"922\"><strong data-start=\"903\" data-end=\"920\">El kit contiene:<\/strong><\/p>\n<ul data-start=\"923\" data-end=\"1021\">\n<li data-start=\"923\" data-end=\"955\">\n<p data-start=\"925\" data-end=\"955\">Sello \/ Junta - 121450-13251<\/p>\n<\/li>\n<li data-start=\"956\" data-end=\"988\">\n<p data-start=\"958\" data-end=\"988\">Sello \/ Junta - 128297-44030<\/p>\n<\/li>\n<li data-start=\"989\" data-end=\"1021\">\n<p data-start=\"991\" data-end=\"1021\">Sello \/ Junta - 128695-44070<\/p>\n<\/li>\n<\/ul>\n<p data-start=\"1023\" data-end=\"1042\"><strong data-start=\"1023\" data-end=\"1040\">Beneficios clave:<\/strong><\/p>\n<ul data-start=\"1043\" data-end=\"1275\">\n<li data-start=\"1043\" data-end=\"1091\">\n<p data-start=\"1045\" data-end=\"1091\">Recambios de calidad OEM para Yanmar 3GM<\/p>\n<\/li>\n<li data-start=\"1092\" data-end=\"1131\">\n<p data-start=\"1094\" data-end=\"1131\">Evita fugas de refrigerante y agua de mar<\/p>\n<\/li>\n<li data-start=\"1132\" data-end=\"1187\">\n<p data-start=\"1134\" data-end=\"1187\">Ayuda a mantener la correcta refrigeraci\u00f3n y eficacia del motor<\/p>\n<\/li>\n<li data-start=\"1188\" data-end=\"1236\">\n<p data-start=\"1190\" data-end=\"1236\">Materiales duraderos, resistentes al calor y al agua<\/p>\n<\/li>\n<li data-start=\"1237\" data-end=\"1275\">\n<p data-start=\"1239\" data-end=\"1275\">Kit completo de f\u00e1cil instalaci\u00f3n<\/p>\n<\/li>\n<\/ul>\n<p data-start=\"1277\" data-end=\"1455\">Este <strong data-start=\"1282\" data-end=\"1331\">kit de juntas y sellos del intercambiador de calor Yanmar 3GM<\/strong> es la soluci\u00f3n perfecta para los propietarios de embarcaciones y mec\u00e1nicos marinos que buscan mantener su sistema de refrigeraci\u00f3n en excelentes condiciones.<\/p>\n","protected":false},"excerpt":{"rendered":"<p>Kit de juntas del intercambiador de calor Yanmar 3GM - 121450-13251, 128297-44030, 128695-44070 Este kit de juntas de alta calidad est\u00e1 dise\u00f1ado para el intercambiador de calor de los motores marinos Yanmar 3GM. Incluye todas las juntas y retenes esenciales necesarios para mantener un sistema de refrigeraci\u00f3n sin fugas, garantizando un funcionamiento fiable y un [&hellip;]<\/p>\n","protected":false},"featured_media":37803,"comment_status":"open","ping_status":"closed","template":"","meta":[],"product_brand":[4235],"product_cat":[3040,3041,4451,2497,4448],"product_tag":[],"class_list":{"0":"post-37802","1":"product","2":"type-product","3":"status-publish","4":"has-post-thumbnail","6":"product_brand-yanmar","7":"product_cat-kits-de-mantenimiento-y-reparacion","8":"product_cat-juntas-de-motor","9":"product_cat-piezas-3gm-3gm30","10":"product_cat-piezas-de-mantenimiento-del-motor","11":"product_cat-yanmar","12":"pa_condition-nuevo","13":"pa_model-3gm30f","14":"pa_model-3gmf","15":"pa_oem-or-aftermarket-posventa","17":"first","18":"instock","19":"taxable","20":"shipping-taxable","21":"purchasable","22":"product-type-simple"},"supplier_id":7294,"supplier_sku":"REC3GMWC","barcode":null,"atum_controlled":true,"out_stock_date":null,"out_stock_threshold":null,"inheritable":false,"inbound_stock":0,"stock_on_hold":0,"sold_today":0,"sales_last_days":0,"reserved_stock":0,"customer_returns":0,"warehouse_damage":0,"lost_in_post":0,"other_logs":0,"out_stock_days":0,"lost_sales":0,"has_location":false,"update_date":"2026-01-29T09:10:25","atum_locations":[],"atum_stock_status":"instock","restock_status":false,"low_stock_amount":0,"sales_update_date":"2026-01-29T09:10:25","calc_backorders":null,"_links":{"self":[{"href":"https:\/\/mps.digital-monkey.in\/es\/wp-json\/wp\/v2\/product\/37802","targetHints":{"allow":["GET"]}}],"collection":[{"href":"https:\/\/mps.digital-monkey.in\/es\/wp-json\/wp\/v2\/product"}],"about":[{"href":"https:\/\/mps.digital-monkey.in\/es\/wp-json\/wp\/v2\/types\/product"}],"replies":[{"embeddable":true,"href":"https:\/\/mps.digital-monkey.in\/es\/wp-json\/wp\/v2\/comments?post=37802"}],"wp:featuredmedia":[{"embeddable":true,"href":"https:\/\/mps.digital-monkey.in\/es\/wp-json\/wp\/v2\/media\/37803"}],"wp:attachment":[{"href":"https:\/\/mps.digital-monkey.in\/es\/wp-json\/wp\/v2\/media?parent=37802"}],"wp:term":[{"taxonomy":"product_brand","embeddable":true,"href":"https:\/\/mps.digital-monkey.in\/es\/wp-json\/wp\/v2\/product_brand?post=37802"},{"taxonomy":"product_cat","embeddable":true,"href":"https:\/\/mps.digital-monkey.in\/es\/wp-json\/wp\/v2\/product_cat?post=37802"},{"taxonomy":"product_tag","embeddable":true,"href":"https:\/\/mps.digital-monkey.in\/es\/wp-json\/wp\/v2\/product_tag?post=37802"}],"curies":[{"name":"wp","href":"https:\/\/api.w.org\/{rel}","templated":true}]}}