{"id":37887,"date":"2025-09-03T08:50:38","date_gmt":"2025-09-03T08:50:38","guid":{"rendered":"https:\/\/mps.digital-monkey.in\/product\/junta-de-culata-yanmar-serie-3jh-129171-01330\/"},"modified":"2025-09-03T08:50:38","modified_gmt":"2025-09-03T08:50:38","slug":"junta-de-culata-yanmar-serie-3jh-129171-01330","status":"publish","type":"product","link":"https:\/\/mps.digital-monkey.in\/es\/producto\/junta-de-culata-yanmar-serie-3jh-129171-01330\/","title":{"rendered":"Junta de culata Yanmar Serie 3JH - 129171-01330"},"content":{"rendered":"<p data-start=\"430\" data-end=\"480\"><strong data-start=\"430\" data-end=\"478\">Junta de culata Yanmar Serie 3JH - 129171-01330<\/strong><\/p>\n<p data-start=\"482\" data-end=\"759\">Esta <strong data-start=\"500\" data-end=\"537\">junta de culata Yanmar<\/strong> de alta calidad <strong data-start=\"500\" data-end=\"537\">(129171-01330)<\/strong> est\u00e1 dise\u00f1ada para los <strong data-start=\"558\" data-end=\"587\">motores marinos de la serie 3JH<\/strong>. Proporciona un sellado preciso entre la culata y el bloque del motor, evitando fugas de refrigerante y combusti\u00f3n al tiempo que garantiza la m\u00e1xima compresi\u00f3n y eficiencia del motor. <\/p>\n<p data-start=\"761\" data-end=\"798\"><strong data-start=\"761\" data-end=\"796\">Compatible con motores Yanmar:<\/strong><\/p>\n<ul data-start=\"799\" data-end=\"845\">\n<li data-start=\"799\" data-end=\"808\">\n<p data-start=\"801\" data-end=\"808\">3JH25<\/p>\n<\/li>\n<li data-start=\"809\" data-end=\"818\">\n<p data-start=\"811\" data-end=\"818\">3JH30<\/p>\n<\/li>\n<li data-start=\"819\" data-end=\"831\">\n<p data-start=\"821\" data-end=\"831\">3JH2(B)E<\/p>\n<\/li>\n<li data-start=\"832\" data-end=\"845\">\n<p data-start=\"834\" data-end=\"845\">3JH2T(B)E<\/p>\n<\/li>\n<\/ul>\n<p data-start=\"847\" data-end=\"866\"><strong data-start=\"847\" data-end=\"864\">Beneficios clave:<\/strong><\/p>\n<ul data-start=\"867\" data-end=\"1089\">\n<li data-start=\"867\" data-end=\"899\">\n<p data-start=\"869\" data-end=\"899\">Pieza de recambio de calidad OEM<\/p>\n<\/li>\n<li data-start=\"900\" data-end=\"947\">\n<p data-start=\"902\" data-end=\"947\">Evita las fugas de refrigerante y gases de combusti\u00f3n<\/p>\n<\/li>\n<li data-start=\"948\" data-end=\"996\">\n<p data-start=\"950\" data-end=\"996\">Mantiene el rendimiento y la fiabilidad del motor<\/p>\n<\/li>\n<li data-start=\"997\" data-end=\"1043\">\n<p data-start=\"999\" data-end=\"1043\">Construcci\u00f3n duradera para una larga vida \u00fatil<\/p>\n<\/li>\n<li data-start=\"1044\" data-end=\"1089\">\n<p data-start=\"1046\" data-end=\"1089\">Ideal para revisiones, reconstrucciones o reparaciones<\/p>\n<\/li>\n<\/ul>\n<p data-start=\"1091\" data-end=\"1235\">Esta <strong data-start=\"1096\" data-end=\"1122\">junta de culata Yanmar 3JH<\/strong> es la soluci\u00f3n perfecta para el mantenimiento del motor marino, ya que ofrece un rendimiento fiable y una durabilidad duradera.<\/p>\n","protected":false},"excerpt":{"rendered":"<p>Junta de culata Yanmar Serie 3JH - 129171-01330 Esta junta de culata Yanmar de alta calidad (129171-01330) est\u00e1 dise\u00f1ada para los motores marinos de la serie 3JH. Proporciona un sellado preciso entre la culata y el bloque del motor, evitando fugas de refrigerante y combusti\u00f3n al tiempo que garantiza la m\u00e1xima compresi\u00f3n y eficiencia del [&hellip;]<\/p>\n","protected":false},"featured_media":37888,"comment_status":"open","ping_status":"closed","template":"","meta":[],"product_brand":[4235],"product_cat":[3041,3040,2497],"product_tag":[],"class_list":{"0":"post-37887","1":"product","2":"type-product","3":"status-publish","4":"has-post-thumbnail","6":"product_brand-yanmar","7":"product_cat-juntas-de-motor","8":"product_cat-kits-de-mantenimiento-y-reparacion","9":"product_cat-piezas-de-mantenimiento-del-motor","10":"pa_condition-nuevo","11":"pa_model-3jh2","12":"pa_model-3jh25","13":"pa_model-3jh2be","14":"pa_model-3jh2e","15":"pa_model-3jh2t","16":"pa_model-3jh2tbe","17":"pa_model-3jh2te","18":"pa_model-3jh30","19":"pa_oem-or-aftermarket-posventa","21":"first","22":"instock","23":"taxable","24":"shipping-taxable","25":"purchasable","26":"product-type-simple"},"supplier_id":7294,"supplier_sku":"REC129171-01330","barcode":null,"atum_controlled":true,"out_stock_date":null,"out_stock_threshold":null,"inheritable":false,"inbound_stock":0,"stock_on_hold":0,"sold_today":0,"sales_last_days":0,"reserved_stock":0,"customer_returns":0,"warehouse_damage":0,"lost_in_post":0,"other_logs":0,"out_stock_days":0,"lost_sales":0,"has_location":false,"update_date":"2025-10-22T14:30:25","atum_locations":[],"atum_stock_status":"instock","restock_status":false,"low_stock_amount":1,"sales_update_date":"2025-10-22T14:30:25","calc_backorders":null,"_links":{"self":[{"href":"https:\/\/mps.digital-monkey.in\/es\/wp-json\/wp\/v2\/product\/37887","targetHints":{"allow":["GET"]}}],"collection":[{"href":"https:\/\/mps.digital-monkey.in\/es\/wp-json\/wp\/v2\/product"}],"about":[{"href":"https:\/\/mps.digital-monkey.in\/es\/wp-json\/wp\/v2\/types\/product"}],"replies":[{"embeddable":true,"href":"https:\/\/mps.digital-monkey.in\/es\/wp-json\/wp\/v2\/comments?post=37887"}],"wp:featuredmedia":[{"embeddable":true,"href":"https:\/\/mps.digital-monkey.in\/es\/wp-json\/wp\/v2\/media\/37888"}],"wp:attachment":[{"href":"https:\/\/mps.digital-monkey.in\/es\/wp-json\/wp\/v2\/media?parent=37887"}],"wp:term":[{"taxonomy":"product_brand","embeddable":true,"href":"https:\/\/mps.digital-monkey.in\/es\/wp-json\/wp\/v2\/product_brand?post=37887"},{"taxonomy":"product_cat","embeddable":true,"href":"https:\/\/mps.digital-monkey.in\/es\/wp-json\/wp\/v2\/product_cat?post=37887"},{"taxonomy":"product_tag","embeddable":true,"href":"https:\/\/mps.digital-monkey.in\/es\/wp-json\/wp\/v2\/product_tag?post=37887"}],"curies":[{"name":"wp","href":"https:\/\/api.w.org\/{rel}","templated":true}]}}