{"id":37896,"date":"2025-09-03T08:57:47","date_gmt":"2025-09-03T08:57:47","guid":{"rendered":"https:\/\/mps.digital-monkey.in\/product\/junta-de-culata-yanmar-4jh4e-ae-4jh5e-129407-01340\/"},"modified":"2025-09-03T08:57:47","modified_gmt":"2025-09-03T08:57:47","slug":"junta-de-culata-yanmar-4jh4e-ae-4jh5e-129407-01340","status":"publish","type":"product","link":"https:\/\/mps.digital-monkey.in\/es\/producto\/junta-de-culata-yanmar-4jh4e-ae-4jh5e-129407-01340\/","title":{"rendered":"Junta de culata Yanmar 4JH4E\/AE, 4JH5E - 129407-01340"},"content":{"rendered":"<p data-start=\"423\" data-end=\"478\"><strong data-start=\"423\" data-end=\"476\">Junta de culata Yanmar 4JH4E\/AE, 4JH5E - 129407-01340<\/strong><\/p>\n<p data-start=\"480\" data-end=\"794\">Esta <strong data-start=\"498\" data-end=\"535\">junta de culata Yanmar<\/strong> de alta calidad <strong data-start=\"498\" data-end=\"535\">(129407-01340)<\/strong> est\u00e1 dise\u00f1ada para los <strong data-start=\"556\" data-end=\"599\">motores marinos 4JH4E, 4JH4AE y 4JH5E<\/strong>. Proporciona un sellado preciso y duradero entre la culata y el bloque del motor, evitando fugas de refrigerante y combusti\u00f3n al tiempo que garantiza la m\u00e1xima compresi\u00f3n y un rendimiento eficiente del motor. <\/p>\n<p data-start=\"796\" data-end=\"833\"><strong data-start=\"796\" data-end=\"831\">Compatible con motores Yanmar:<\/strong><\/p>\n<ul data-start=\"834\" data-end=\"864\">\n<li data-start=\"834\" data-end=\"843\">\n<p data-start=\"836\" data-end=\"843\">4JH4E<\/p>\n<\/li>\n<li data-start=\"844\" data-end=\"854\">\n<p data-start=\"846\" data-end=\"854\">4JH4AE<\/p>\n<\/li>\n<li data-start=\"855\" data-end=\"864\">\n<p data-start=\"857\" data-end=\"864\">4JH5E<\/p>\n<\/li>\n<\/ul>\n<p data-start=\"866\" data-end=\"885\"><strong data-start=\"866\" data-end=\"883\">Beneficios clave:<\/strong><\/p>\n<ul data-start=\"886\" data-end=\"1113\">\n<li data-start=\"886\" data-end=\"925\">\n<p data-start=\"888\" data-end=\"925\">Junta de culata de recambio de calidad OEM<\/p>\n<\/li>\n<li data-start=\"926\" data-end=\"962\">\n<p data-start=\"928\" data-end=\"962\">Evita fugas de refrigerante y gas<\/p>\n<\/li>\n<li data-start=\"963\" data-end=\"1011\">\n<p data-start=\"965\" data-end=\"1011\">Mantiene la eficacia de la compresi\u00f3n y la refrigeraci\u00f3n<\/p>\n<\/li>\n<li data-start=\"1012\" data-end=\"1052\">\n<p data-start=\"1014\" data-end=\"1052\">Construcci\u00f3n duradera y resistente al calor<\/p>\n<\/li>\n<li data-start=\"1053\" data-end=\"1113\">\n<p data-start=\"1055\" data-end=\"1113\">Ideal para revisiones, reconstrucciones o reparaciones de motores de gama alta<\/p>\n<\/li>\n<\/ul>\n<p data-start=\"1115\" data-end=\"1268\">Esta <strong data-start=\"1120\" data-end=\"1146\">junta de culata Yanmar 4JH<\/strong> es la elecci\u00f3n fiable para el mantenimiento de motores marinos, ofreciendo un rendimiento duradero y tranquilidad en el agua.<\/p>\n","protected":false},"excerpt":{"rendered":"<p>Junta de culata Yanmar 4JH4E\/AE, 4JH5E - 129407-01340 Esta junta de culata Yanmar de alta calidad (129407-01340) est\u00e1 dise\u00f1ada para los motores marinos 4JH4E, 4JH4AE y 4JH5E. Proporciona un sellado preciso y duradero entre la culata y el bloque del motor, evitando fugas de refrigerante y combusti\u00f3n al tiempo que garantiza la m\u00e1xima compresi\u00f3n y [&hellip;]<\/p>\n","protected":false},"featured_media":37897,"comment_status":"open","ping_status":"closed","template":"","meta":[],"product_brand":[4235],"product_cat":[2497,3041,3040],"product_tag":[],"class_list":{"0":"post-37896","1":"product","2":"type-product","3":"status-publish","4":"has-post-thumbnail","6":"product_brand-yanmar","7":"product_cat-piezas-de-mantenimiento-del-motor","8":"product_cat-juntas-de-motor","9":"product_cat-kits-de-mantenimiento-y-reparacion","10":"pa_condition-nuevo","11":"pa_model-4jh4","12":"pa_model-4jh4-ae","13":"pa_model-4jh4-e","14":"pa_model-4jh5-e","15":"pa_oem-or-aftermarket-posventa","17":"first","18":"onbackorder","19":"taxable","20":"shipping-taxable","21":"purchasable","22":"product-type-simple"},"supplier_id":7294,"supplier_sku":"REC129407-01340","barcode":null,"atum_controlled":true,"out_stock_date":"2025-11-21 13:02:27","out_stock_threshold":null,"inheritable":false,"inbound_stock":0,"stock_on_hold":0,"sold_today":0,"sales_last_days":0,"reserved_stock":0,"customer_returns":0,"warehouse_damage":0,"lost_in_post":0,"other_logs":0,"out_stock_days":18,"lost_sales":0,"has_location":false,"update_date":"2025-11-21T13:02:27","atum_locations":[],"atum_stock_status":"onbackorder","restock_status":false,"low_stock_amount":1,"sales_update_date":"2025-09-22T08:41:04","calc_backorders":null,"_links":{"self":[{"href":"https:\/\/mps.digital-monkey.in\/es\/wp-json\/wp\/v2\/product\/37896","targetHints":{"allow":["GET"]}}],"collection":[{"href":"https:\/\/mps.digital-monkey.in\/es\/wp-json\/wp\/v2\/product"}],"about":[{"href":"https:\/\/mps.digital-monkey.in\/es\/wp-json\/wp\/v2\/types\/product"}],"replies":[{"embeddable":true,"href":"https:\/\/mps.digital-monkey.in\/es\/wp-json\/wp\/v2\/comments?post=37896"}],"wp:featuredmedia":[{"embeddable":true,"href":"https:\/\/mps.digital-monkey.in\/es\/wp-json\/wp\/v2\/media\/37897"}],"wp:attachment":[{"href":"https:\/\/mps.digital-monkey.in\/es\/wp-json\/wp\/v2\/media?parent=37896"}],"wp:term":[{"taxonomy":"product_brand","embeddable":true,"href":"https:\/\/mps.digital-monkey.in\/es\/wp-json\/wp\/v2\/product_brand?post=37896"},{"taxonomy":"product_cat","embeddable":true,"href":"https:\/\/mps.digital-monkey.in\/es\/wp-json\/wp\/v2\/product_cat?post=37896"},{"taxonomy":"product_tag","embeddable":true,"href":"https:\/\/mps.digital-monkey.in\/es\/wp-json\/wp\/v2\/product_tag?post=37896"}],"curies":[{"name":"wp","href":"https:\/\/api.w.org\/{rel}","templated":true}]}}