{"id":37932,"date":"2025-09-03T09:52:35","date_gmt":"2025-09-03T09:52:35","guid":{"rendered":"https:\/\/mps.digital-monkey.in\/product\/junta-de-culata-yanmar-serie-4jh3-129408-01330\/"},"modified":"2025-09-03T09:52:35","modified_gmt":"2025-09-03T09:52:35","slug":"junta-de-culata-yanmar-serie-4jh3-129408-01330","status":"publish","type":"product","link":"https:\/\/mps.digital-monkey.in\/es\/product\/junta-de-culata-yanmar-serie-4jh3-129408-01330\/","title":{"rendered":"Junta de culata Yanmar Serie 4JH3 &#8211; 129408-01330"},"content":{"rendered":"<p data-start=\"465\" data-end=\"516\"><strong data-start=\"465\" data-end=\"514\">Junta de culata Yanmar Serie 4JH3 &#8211; 129408-01330<\/strong><\/p>\n<p data-start=\"518\" data-end=\"840\">Esta <strong data-start=\"536\" data-end=\"582\">junta de culata Yanmar<\/strong> de alta calidad <strong data-start=\"536\" data-end=\"582\">(129408-01330)<\/strong> est\u00e1 dise\u00f1ada para los <strong data-start=\"603\" data-end=\"633\">motores marinos de la serie 4JH3<\/strong>. Fabricada seg\u00fan las especificaciones OEM, proporciona un sellado preciso entre la culata y el bloque motor, evitando fugas de refrigerante y combusti\u00f3n, al tiempo que garantiza una compresi\u00f3n adecuada y una fiabilidad duradera. <\/p>\n<p data-start=\"842\" data-end=\"879\"><strong data-start=\"842\" data-end=\"877\">Compatible con motores Yanmar:<\/strong><\/p>\n<ul data-start=\"880\" data-end=\"945\">\n<li data-start=\"880\" data-end=\"888\">\n<p data-start=\"882\" data-end=\"888\">4JH3<\/p>\n<\/li>\n<li data-start=\"889\" data-end=\"898\">\n<p data-start=\"891\" data-end=\"898\">4JH3E<\/p>\n<\/li>\n<li data-start=\"899\" data-end=\"909\">\n<p data-start=\"901\" data-end=\"909\">4JH3CE<\/p>\n<\/li>\n<li data-start=\"910\" data-end=\"920\">\n<p data-start=\"912\" data-end=\"920\">4JH3ZA<\/p>\n<\/li>\n<li data-start=\"921\" data-end=\"933\">\n<p data-start=\"923\" data-end=\"933\">4JH3-TCE<\/p>\n<\/li>\n<li data-start=\"934\" data-end=\"945\">\n<p data-start=\"936\" data-end=\"945\">4JH3-TE<\/p>\n<\/li>\n<\/ul>\n<p data-start=\"947\" data-end=\"966\"><strong data-start=\"947\" data-end=\"964\">Beneficios clave:<\/strong><\/p>\n<ul data-start=\"967\" data-end=\"1206\">\n<li data-start=\"967\" data-end=\"1006\">\n<p data-start=\"969\" data-end=\"1006\">Junta de culata de recambio de calidad OEM<\/p>\n<\/li>\n<li data-start=\"1007\" data-end=\"1052\">\n<p data-start=\"1009\" data-end=\"1052\">Evita fugas de refrigerante y gases de combusti\u00f3n<\/p>\n<\/li>\n<li data-start=\"1053\" data-end=\"1100\">\n<p data-start=\"1055\" data-end=\"1100\">Mantiene la compresi\u00f3n y la eficacia del motor<\/p>\n<\/li>\n<li data-start=\"1101\" data-end=\"1146\">\n<p data-start=\"1103\" data-end=\"1146\">Construcci\u00f3n resistente al calor y a la presi\u00f3n<\/p>\n<\/li>\n<li data-start=\"1147\" data-end=\"1206\">\n<p data-start=\"1149\" data-end=\"1206\">Ideal para revisiones, reconstrucciones o reparaciones de culatas<\/p>\n<\/li>\n<\/ul>\n<p data-start=\"1208\" data-end=\"1399\">Esta <strong data-start=\"1213\" data-end=\"1240\">junta de culata Yanmar 4JH3<\/strong> es la soluci\u00f3n perfecta para mantener o reparar tu motor marino, ya que ofrece durabilidad y un sellado fiable para un funcionamiento sin problemas en el mar.<\/p>\n","protected":false},"excerpt":{"rendered":"<p>Junta de culata Yanmar Serie 4JH3 &#8211; 129408-01330 Esta junta de culata Yanmar de alta calidad (129408-01330) est\u00e1 dise\u00f1ada para los motores marinos de la serie 4JH3. Fabricada seg\u00fan las especificaciones OEM, proporciona un sellado preciso entre la culata y el bloque motor, evitando fugas de refrigerante y combusti\u00f3n, al tiempo que garantiza una compresi\u00f3n [&hellip;]<\/p>\n","protected":false},"featured_media":37933,"comment_status":"open","ping_status":"closed","template":"","meta":[],"product_brand":[4235],"product_cat":[3041,3040,2497],"product_tag":[],"class_list":{"0":"post-37932","1":"product","2":"type-product","3":"status-publish","4":"has-post-thumbnail","6":"product_brand-yanmar","7":"product_cat-juntas-de-motor","8":"product_cat-kits-de-mantenimiento-y-reparacion","9":"product_cat-piezas-de-mantenimiento-del-motor","10":"pa_condition-nuevo","11":"pa_model-4jh3","12":"pa_model-4jh3-e","13":"pa_model-4jh3-te","14":"pa_oem-or-aftermarket-posventa","16":"first","17":"onbackorder","18":"taxable","19":"shipping-taxable","20":"purchasable","21":"product-type-simple"},"supplier_id":7294,"supplier_sku":"REC129408-01330","barcode":null,"atum_controlled":true,"out_stock_date":"2025-11-21 13:02:11","out_stock_threshold":null,"inheritable":false,"inbound_stock":0,"stock_on_hold":0,"sold_today":0,"sales_last_days":0,"reserved_stock":0,"customer_returns":0,"warehouse_damage":0,"lost_in_post":0,"other_logs":0,"out_stock_days":18,"lost_sales":0,"has_location":false,"update_date":"2025-11-21T13:02:11","atum_locations":[],"atum_stock_status":"onbackorder","restock_status":false,"low_stock_amount":1,"sales_update_date":"2025-09-22T08:41:04","calc_backorders":null,"_links":{"self":[{"href":"https:\/\/mps.digital-monkey.in\/es\/wp-json\/wp\/v2\/product\/37932","targetHints":{"allow":["GET"]}}],"collection":[{"href":"https:\/\/mps.digital-monkey.in\/es\/wp-json\/wp\/v2\/product"}],"about":[{"href":"https:\/\/mps.digital-monkey.in\/es\/wp-json\/wp\/v2\/types\/product"}],"replies":[{"embeddable":true,"href":"https:\/\/mps.digital-monkey.in\/es\/wp-json\/wp\/v2\/comments?post=37932"}],"wp:featuredmedia":[{"embeddable":true,"href":"https:\/\/mps.digital-monkey.in\/es\/wp-json\/wp\/v2\/media\/37933"}],"wp:attachment":[{"href":"https:\/\/mps.digital-monkey.in\/es\/wp-json\/wp\/v2\/media?parent=37932"}],"wp:term":[{"taxonomy":"product_brand","embeddable":true,"href":"https:\/\/mps.digital-monkey.in\/es\/wp-json\/wp\/v2\/product_brand?post=37932"},{"taxonomy":"product_cat","embeddable":true,"href":"https:\/\/mps.digital-monkey.in\/es\/wp-json\/wp\/v2\/product_cat?post=37932"},{"taxonomy":"product_tag","embeddable":true,"href":"https:\/\/mps.digital-monkey.in\/es\/wp-json\/wp\/v2\/product_tag?post=37932"}],"curies":[{"name":"wp","href":"https:\/\/api.w.org\/{rel}","templated":true}]}}