{"id":37941,"date":"2025-09-03T10:11:47","date_gmt":"2025-09-03T10:11:47","guid":{"rendered":"https:\/\/mps.digital-monkey.in\/product\/junta-de-culata-yanmar-serie-4jh-4jh2-129553-01350\/"},"modified":"2025-09-03T10:11:47","modified_gmt":"2025-09-03T10:11:47","slug":"junta-de-culata-yanmar-serie-4jh-4jh2-129553-01350","status":"publish","type":"product","link":"https:\/\/mps.digital-monkey.in\/es\/product\/junta-de-culata-yanmar-serie-4jh-4jh2-129553-01350\/","title":{"rendered":"Junta de culata Yanmar Serie 4JH \/ 4JH2 &#8211; 129553-01350"},"content":{"rendered":"<p data-start=\"503\" data-end=\"560\"><strong data-start=\"503\" data-end=\"558\">Junta de culata Yanmar Serie 4JH \/ 4JH2 &#8211; 129553-01350<\/strong><\/p>\n<p data-start=\"562\" data-end=\"874\">Esta <strong data-start=\"580\" data-end=\"626\">junta de culata Yanmar<\/strong> de alta calidad <strong data-start=\"580\" data-end=\"626\">(129553-01350)<\/strong> est\u00e1 dise\u00f1ada para los <strong data-start=\"647\" data-end=\"685\">motores marinos de las series 4JH y 4JH2<\/strong>. Fabricada conforme a las especificaciones OEM, garantiza un sellado perfecto entre la culata y el bloque, evitando fugas de refrigerante y combusti\u00f3n, al tiempo que mantiene una compresi\u00f3n y un rendimiento adecuados. <\/p>\n<p data-start=\"876\" data-end=\"946\">\u26a0\ufe0f <strong data-start=\"879\" data-end=\"888\">Nota:<\/strong> Esta junta <strong data-start=\"906\" data-end=\"913\">no<\/strong> sirve para los motores Yanmar 4JH2UT(B)E.<\/p>\n<p data-start=\"948\" data-end=\"985\"><strong data-start=\"948\" data-end=\"983\">Compatible con motores Yanmar:<\/strong><\/p>\n<ul data-start=\"986\" data-end=\"1091\">\n<li data-start=\"986\" data-end=\"995\">\n<p data-start=\"988\" data-end=\"995\">4JH E<\/p>\n<\/li>\n<li data-start=\"996\" data-end=\"1006\">\n<p data-start=\"998\" data-end=\"1006\">4JH TE<\/p>\n<\/li>\n<li data-start=\"1007\" data-end=\"1018\">\n<p data-start=\"1009\" data-end=\"1018\">4JH HTE<\/p>\n<\/li>\n<li data-start=\"1019\" data-end=\"1030\">\n<p data-start=\"1021\" data-end=\"1030\">4JH DTE<\/p>\n<\/li>\n<li data-start=\"1031\" data-end=\"1044\">\n<p data-start=\"1033\" data-end=\"1044\">4JH2 (B)E<\/p>\n<\/li>\n<li data-start=\"1045\" data-end=\"1059\">\n<p data-start=\"1047\" data-end=\"1059\">4JH2 T(B)E<\/p>\n<\/li>\n<li data-start=\"1060\" data-end=\"1075\">\n<p data-start=\"1062\" data-end=\"1075\">4JH2 HT(B)E<\/p>\n<\/li>\n<li data-start=\"1076\" data-end=\"1091\">\n<p data-start=\"1078\" data-end=\"1091\">4JH2 DT(B)E<\/p>\n<\/li>\n<\/ul>\n<p data-start=\"1093\" data-end=\"1112\"><strong data-start=\"1093\" data-end=\"1110\">Beneficios clave:<\/strong><\/p>\n<ul data-start=\"1113\" data-end=\"1361\">\n<li data-start=\"1113\" data-end=\"1159\">\n<p data-start=\"1115\" data-end=\"1159\">Junta de culata de recambio Yanmar de calidad OEM<\/p>\n<\/li>\n<li data-start=\"1160\" data-end=\"1207\">\n<p data-start=\"1162\" data-end=\"1207\">Evita las fugas de refrigerante y gases de combusti\u00f3n<\/p>\n<\/li>\n<li data-start=\"1208\" data-end=\"1256\">\n<p data-start=\"1210\" data-end=\"1256\">Mantiene la eficacia de la compresi\u00f3n y la refrigeraci\u00f3n<\/p>\n<\/li>\n<li data-start=\"1257\" data-end=\"1304\">\n<p data-start=\"1259\" data-end=\"1304\">Dise\u00f1o fuerte, resistente al calor y a la presi\u00f3n<\/p>\n<\/li>\n<li data-start=\"1305\" data-end=\"1361\">\n<p data-start=\"1307\" data-end=\"1361\">Ideal para reconstrucciones de alta gama y reparaciones de motores marinos<\/p>\n<\/li>\n<\/ul>\n<p data-start=\"1363\" data-end=\"1540\">Esta <strong data-start=\"1368\" data-end=\"1401\">junta de culata Yanmar 4JH \/ 4JH2<\/strong> es la elecci\u00f3n fiable para propietarios de embarcaciones y mec\u00e1nicos marinos, ya que ofrece un rendimiento de sellado duradero y una protecci\u00f3n fiable del motor.<\/p>\n","protected":false},"excerpt":{"rendered":"<p>Junta de culata Yanmar Serie 4JH \/ 4JH2 &#8211; 129553-01350 Esta junta de culata Yanmar de alta calidad (129553-01350) est\u00e1 dise\u00f1ada para los motores marinos de las series 4JH y 4JH2. Fabricada conforme a las especificaciones OEM, garantiza un sellado perfecto entre la culata y el bloque, evitando fugas de refrigerante y combusti\u00f3n, al tiempo [&hellip;]<\/p>\n","protected":false},"featured_media":37942,"comment_status":"open","ping_status":"closed","template":"","meta":[],"product_brand":[4235],"product_cat":[3041,3040,2497],"product_tag":[],"class_list":{"0":"post-37941","1":"product","2":"type-product","3":"status-publish","4":"has-post-thumbnail","6":"product_brand-yanmar","7":"product_cat-juntas-de-motor","8":"product_cat-kits-de-mantenimiento-y-reparacion","9":"product_cat-piezas-de-mantenimiento-del-motor","10":"pa_condition-nuevo","11":"pa_model-4jh","12":"pa_model-4jh-dte","13":"pa_model-4jh-e","14":"pa_model-4jh-hte","15":"pa_model-4jh2","16":"pa_model-4jh2be","17":"pa_model-4jh2dte","18":"pa_model-4jh2e","19":"pa_model-4jh2hte","20":"pa_model-4jh2tbe","21":"pa_model-4jh2te","22":"pa_oem-or-aftermarket-posventa","24":"first","25":"instock","26":"taxable","27":"shipping-taxable","28":"purchasable","29":"product-type-simple"},"supplier_id":7294,"supplier_sku":"REC129553-01350","barcode":null,"atum_controlled":true,"out_stock_date":null,"out_stock_threshold":null,"inheritable":false,"inbound_stock":0,"stock_on_hold":0,"sold_today":0,"sales_last_days":0,"reserved_stock":0,"customer_returns":0,"warehouse_damage":0,"lost_in_post":0,"other_logs":0,"out_stock_days":0,"lost_sales":0,"has_location":false,"update_date":"2025-10-22T14:30:24","atum_locations":[],"atum_stock_status":"instock","restock_status":false,"low_stock_amount":1,"sales_update_date":"2025-10-22T14:30:24","calc_backorders":null,"_links":{"self":[{"href":"https:\/\/mps.digital-monkey.in\/es\/wp-json\/wp\/v2\/product\/37941","targetHints":{"allow":["GET"]}}],"collection":[{"href":"https:\/\/mps.digital-monkey.in\/es\/wp-json\/wp\/v2\/product"}],"about":[{"href":"https:\/\/mps.digital-monkey.in\/es\/wp-json\/wp\/v2\/types\/product"}],"replies":[{"embeddable":true,"href":"https:\/\/mps.digital-monkey.in\/es\/wp-json\/wp\/v2\/comments?post=37941"}],"wp:featuredmedia":[{"embeddable":true,"href":"https:\/\/mps.digital-monkey.in\/es\/wp-json\/wp\/v2\/media\/37942"}],"wp:attachment":[{"href":"https:\/\/mps.digital-monkey.in\/es\/wp-json\/wp\/v2\/media?parent=37941"}],"wp:term":[{"taxonomy":"product_brand","embeddable":true,"href":"https:\/\/mps.digital-monkey.in\/es\/wp-json\/wp\/v2\/product_brand?post=37941"},{"taxonomy":"product_cat","embeddable":true,"href":"https:\/\/mps.digital-monkey.in\/es\/wp-json\/wp\/v2\/product_cat?post=37941"},{"taxonomy":"product_tag","embeddable":true,"href":"https:\/\/mps.digital-monkey.in\/es\/wp-json\/wp\/v2\/product_tag?post=37941"}],"curies":[{"name":"wp","href":"https:\/\/api.w.org\/{rel}","templated":true}]}}