{"id":37950,"date":"2025-09-03T10:24:14","date_gmt":"2025-09-03T10:24:14","guid":{"rendered":"https:\/\/mps.digital-monkey.in\/product\/junta-de-culata-yanmar-serie-4lh-4lha-119174-01340\/"},"modified":"2025-09-03T10:24:14","modified_gmt":"2025-09-03T10:24:14","slug":"junta-de-culata-yanmar-serie-4lh-4lha-119174-01340","status":"publish","type":"product","link":"https:\/\/mps.digital-monkey.in\/es\/producto\/junta-de-culata-yanmar-serie-4lh-4lha-119174-01340\/","title":{"rendered":"Junta de culata Yanmar Serie 4LH \/ 4LHA - 119174-01340"},"content":{"rendered":"<p data-start=\"510\" data-end=\"567\"><strong data-start=\"510\" data-end=\"565\">Junta de culata Yanmar Serie 4LH \/ 4LHA - 119174-01340<\/strong><\/p>\n<p data-start=\"569\" data-end=\"917\">Esta <strong data-start=\"587\" data-end=\"633\">junta de culata Yanmar<\/strong> de alta calidad <strong data-start=\"587\" data-end=\"633\">(119174-01340)<\/strong> est\u00e1 dise\u00f1ada para los <strong data-start=\"656\" data-end=\"694\">motores marinos de las series 4LH y 4LHA<\/strong>. Dise\u00f1ada para cumplir las especificaciones OEM, garantiza un sellado seguro y duradero entre la culata y el bloque del motor, evitando fugas de refrigerante y combusti\u00f3n y manteniendo al mismo tiempo una compresi\u00f3n y un rendimiento del motor \u00f3ptimos. <\/p>\n<p data-start=\"919\" data-end=\"967\"><strong data-start=\"919\" data-end=\"965\">Compatible con motores Yanmar de la serie 4LH:<\/strong><\/p>\n<ul data-start=\"968\" data-end=\"1163\">\n<li data-start=\"968\" data-end=\"978\">\n<p data-start=\"970\" data-end=\"978\">4LH-TE<\/p>\n<\/li>\n<li data-start=\"979\" data-end=\"990\">\n<p data-start=\"981\" data-end=\"990\">4LH-HTE<\/p>\n<\/li>\n<li data-start=\"991\" data-end=\"1002\">\n<p data-start=\"993\" data-end=\"1002\">4LH-DTE<\/p>\n<\/li>\n<li data-start=\"1003\" data-end=\"1014\">\n<p data-start=\"1005\" data-end=\"1014\">4LH-STE<\/p>\n<\/li>\n<li data-start=\"1015\" data-end=\"1025\">\n<p data-start=\"1017\" data-end=\"1025\">4LH-HT<\/p>\n<\/li>\n<li data-start=\"1026\" data-end=\"1037\">\n<p data-start=\"1028\" data-end=\"1037\">4LH-HTZ<\/p>\n<\/li>\n<li data-start=\"1038\" data-end=\"1051\">\n<p data-start=\"1040\" data-end=\"1051\">4LH-HTZAY<\/p>\n<\/li>\n<li data-start=\"1052\" data-end=\"1063\">\n<p data-start=\"1054\" data-end=\"1063\">4LH-DTZ<\/p>\n<\/li>\n<li data-start=\"1064\" data-end=\"1074\">\n<p data-start=\"1066\" data-end=\"1074\">4LH-UT<\/p>\n<\/li>\n<li data-start=\"1075\" data-end=\"1088\">\n<p data-start=\"1077\" data-end=\"1088\">4LH-UTZAY<\/p>\n<\/li>\n<li data-start=\"1089\" data-end=\"1100\">\n<p data-start=\"1091\" data-end=\"1100\">4LH-UT2<\/p>\n<\/li>\n<li data-start=\"1101\" data-end=\"1111\">\n<p data-start=\"1103\" data-end=\"1111\">4LH-ST<\/p>\n<\/li>\n<li data-start=\"1112\" data-end=\"1125\">\n<p data-start=\"1114\" data-end=\"1125\">4LH-STZAY<\/p>\n<\/li>\n<li data-start=\"1126\" data-end=\"1137\">\n<p data-start=\"1128\" data-end=\"1137\">4LH-STZ<\/p>\n<\/li>\n<li data-start=\"1138\" data-end=\"1149\">\n<p data-start=\"1140\" data-end=\"1149\">4LH-WST<\/p>\n<\/li>\n<li data-start=\"1150\" data-end=\"1163\">\n<p data-start=\"1152\" data-end=\"1163\">4LH-WSTZY<\/p>\n<\/li>\n<\/ul>\n<p data-start=\"1165\" data-end=\"1214\"><strong data-start=\"1165\" data-end=\"1212\">Compatible con motores Yanmar de la serie 4LHA:<\/strong><\/p>\n<ul data-start=\"1215\" data-end=\"1376\">\n<li data-start=\"1215\" data-end=\"1227\">\n<p data-start=\"1217\" data-end=\"1227\">4LHA-STE<\/p>\n<\/li>\n<li data-start=\"1228\" data-end=\"1240\">\n<p data-start=\"1230\" data-end=\"1240\">4LHA-STP<\/p>\n<\/li>\n<li data-start=\"1241\" data-end=\"1254\">\n<p data-start=\"1243\" data-end=\"1254\">4LHA-STZE<\/p>\n<\/li>\n<li data-start=\"1255\" data-end=\"1268\">\n<p data-start=\"1257\" data-end=\"1268\">4LHA-STZP<\/p>\n<\/li>\n<li data-start=\"1269\" data-end=\"1281\">\n<p data-start=\"1271\" data-end=\"1281\">4LHA-DTE<\/p>\n<\/li>\n<li data-start=\"1282\" data-end=\"1294\">\n<p data-start=\"1284\" data-end=\"1294\">4LHA-DTP<\/p>\n<\/li>\n<li data-start=\"1295\" data-end=\"1308\">\n<p data-start=\"1297\" data-end=\"1308\">4LHA-DTZE<\/p>\n<\/li>\n<li data-start=\"1309\" data-end=\"1322\">\n<p data-start=\"1311\" data-end=\"1322\">4LHA-DTZP<\/p>\n<\/li>\n<li data-start=\"1323\" data-end=\"1335\">\n<p data-start=\"1325\" data-end=\"1335\">4LHA-HTE<\/p>\n<\/li>\n<li data-start=\"1336\" data-end=\"1348\">\n<p data-start=\"1338\" data-end=\"1348\">4LHA-HTP<\/p>\n<\/li>\n<li data-start=\"1349\" data-end=\"1362\">\n<p data-start=\"1351\" data-end=\"1362\">4LHA-HTZE<\/p>\n<\/li>\n<li data-start=\"1363\" data-end=\"1376\">\n<p data-start=\"1365\" data-end=\"1376\">4LHA-HTZP<\/p>\n<\/li>\n<\/ul>\n<p data-start=\"1378\" data-end=\"1397\"><strong data-start=\"1378\" data-end=\"1395\">Beneficios clave:<\/strong><\/p>\n<ul data-start=\"1398\" data-end=\"1670\">\n<li data-start=\"1398\" data-end=\"1467\">\n<p data-start=\"1400\" data-end=\"1467\">Junta de culata de recambio de calidad OEM para motores Yanmar 4LH \/ 4LHA<\/p>\n<\/li>\n<li data-start=\"1468\" data-end=\"1513\">\n<p data-start=\"1470\" data-end=\"1513\">Evita fugas de refrigerante y gases de combusti\u00f3n<\/p>\n<\/li>\n<li data-start=\"1514\" data-end=\"1561\">\n<p data-start=\"1516\" data-end=\"1561\">Mantiene la compresi\u00f3n y la eficacia del motor<\/p>\n<\/li>\n<li data-start=\"1562\" data-end=\"1616\">\n<p data-start=\"1564\" data-end=\"1616\">Construcci\u00f3n duradera, resistente al calor y a la presi\u00f3n<\/p>\n<\/li>\n<li data-start=\"1617\" data-end=\"1670\">\n<p data-start=\"1619\" data-end=\"1670\">Ideal para reconstrucciones, revisiones o reparaciones de alta gama<\/p>\n<\/li>\n<\/ul>\n<p data-start=\"1672\" data-end=\"1834\">Esta <strong data-start=\"1677\" data-end=\"1710\">junta de culata Yanmar 4LH \/ 4LHA<\/strong> es la soluci\u00f3n ideal para propietarios de embarcaciones y mec\u00e1nicos marinos que necesitan un sellado fiable y un rendimiento duradero del motor.<\/p>\n","protected":false},"excerpt":{"rendered":"<p>Junta de culata Yanmar Serie 4LH \/ 4LHA - 119174-01340 Esta junta de culata Yanmar de alta calidad (119174-01340) est\u00e1 dise\u00f1ada para los motores marinos de las series 4LH y 4LHA. Dise\u00f1ada para cumplir las especificaciones OEM, garantiza un sellado seguro y duradero entre la culata y el bloque del motor, evitando fugas de refrigerante [&hellip;]<\/p>\n","protected":false},"featured_media":37951,"comment_status":"open","ping_status":"closed","template":"","meta":[],"product_brand":[4235],"product_cat":[3040,3041,2497],"product_tag":[],"class_list":{"0":"post-37950","1":"product","2":"type-product","3":"status-publish","4":"has-post-thumbnail","6":"product_brand-yanmar","7":"product_cat-kits-de-mantenimiento-y-reparacion","8":"product_cat-juntas-de-motor","9":"product_cat-piezas-de-mantenimiento-del-motor","10":"pa_condition-nuevo","11":"pa_model-4lh","12":"pa_model-4lh-dte","13":"pa_model-4lh-dtz","14":"pa_model-4lh-hte","15":"pa_model-4lh-htz","16":"pa_model-4lh-htzay","17":"pa_model-4lh-ste","18":"pa_model-4lh-te","19":"pa_model-4lh-ut","20":"pa_model-4lha","21":"pa_model-4lha-dte","22":"pa_model-4lha-dtp","23":"pa_model-4lha-dtze","24":"pa_model-4lha-dtzp","25":"pa_model-4lha-hte","26":"pa_model-4lha-htp","27":"pa_model-4lha-htze","28":"pa_model-4lha-htzp","29":"pa_model-4lha-ste","30":"pa_model-4lha-stp","31":"pa_model-4lha-stze","32":"pa_model-4lha-stzp","33":"pa_oem-or-aftermarket-posventa","35":"first","36":"onbackorder","37":"sale","38":"taxable","39":"shipping-taxable","40":"purchasable","41":"product-type-simple"},"supplier_id":7294,"supplier_sku":"REC119174-01340","barcode":null,"atum_controlled":true,"out_stock_date":"2025-11-21 13:02:02","out_stock_threshold":null,"inheritable":false,"inbound_stock":0,"stock_on_hold":0,"sold_today":0,"sales_last_days":0,"reserved_stock":0,"customer_returns":0,"warehouse_damage":0,"lost_in_post":0,"other_logs":0,"out_stock_days":18,"lost_sales":0,"has_location":false,"update_date":"2025-11-21T13:02:02","atum_locations":[],"atum_stock_status":"onbackorder","restock_status":false,"low_stock_amount":1,"sales_update_date":"2025-09-22T08:41:04","calc_backorders":null,"_links":{"self":[{"href":"https:\/\/mps.digital-monkey.in\/es\/wp-json\/wp\/v2\/product\/37950","targetHints":{"allow":["GET"]}}],"collection":[{"href":"https:\/\/mps.digital-monkey.in\/es\/wp-json\/wp\/v2\/product"}],"about":[{"href":"https:\/\/mps.digital-monkey.in\/es\/wp-json\/wp\/v2\/types\/product"}],"replies":[{"embeddable":true,"href":"https:\/\/mps.digital-monkey.in\/es\/wp-json\/wp\/v2\/comments?post=37950"}],"wp:featuredmedia":[{"embeddable":true,"href":"https:\/\/mps.digital-monkey.in\/es\/wp-json\/wp\/v2\/media\/37951"}],"wp:attachment":[{"href":"https:\/\/mps.digital-monkey.in\/es\/wp-json\/wp\/v2\/media?parent=37950"}],"wp:term":[{"taxonomy":"product_brand","embeddable":true,"href":"https:\/\/mps.digital-monkey.in\/es\/wp-json\/wp\/v2\/product_brand?post=37950"},{"taxonomy":"product_cat","embeddable":true,"href":"https:\/\/mps.digital-monkey.in\/es\/wp-json\/wp\/v2\/product_cat?post=37950"},{"taxonomy":"product_tag","embeddable":true,"href":"https:\/\/mps.digital-monkey.in\/es\/wp-json\/wp\/v2\/product_tag?post=37950"}],"curies":[{"name":"wp","href":"https:\/\/api.w.org\/{rel}","templated":true}]}}