{"id":37979,"date":"2025-09-03T13:41:29","date_gmt":"2025-09-03T13:41:29","guid":{"rendered":"https:\/\/mps.digital-monkey.in\/product\/junta-de-culata-yanmar-serie-6lp-6lpa-mark-3-119770-00940\/"},"modified":"2025-09-03T13:41:29","modified_gmt":"2025-09-03T13:41:29","slug":"junta-de-culata-yanmar-serie-6lp-6lpa-mark-3-119770-00940","status":"publish","type":"product","link":"https:\/\/mps.digital-monkey.in\/es\/producto\/junta-de-culata-yanmar-serie-6lp-6lpa-mark-3-119770-00940\/","title":{"rendered":"Junta de culata Yanmar Serie 6LP \/ 6LPA (Mark 3) - 119770-00940"},"content":{"rendered":"<p data-start=\"488\" data-end=\"554\"><strong data-start=\"488\" data-end=\"552\">Junta de culata Yanmar Serie 6LP \/ 6LPA (Mark 3) - 119770-00940<\/strong><\/p>\n<p data-start=\"556\" data-end=\"888\">Esta <strong data-start=\"561\" data-end=\"615\">junta de culata Yanmar (119770-00940, Mark 3)<\/strong> est\u00e1 dise\u00f1ada para los <strong data-start=\"636\" data-end=\"674\">motores marinos de las series 6LP y 6LPA<\/strong>. Dise\u00f1ada seg\u00fan las normas de los fabricantes de equipos originales, proporciona un sellado seguro y duradero entre la culata y el bloque del motor, evitando fugas de refrigerante y combusti\u00f3n, al tiempo que mantiene la compresi\u00f3n del motor y un rendimiento fiable. <\/p>\n<p data-start=\"890\" data-end=\"939\"><strong data-start=\"890\" data-end=\"937\">Compatible con motores Yanmar de la serie 6LPA:<\/strong><\/p>\n<ul data-start=\"940\" data-end=\"1009\">\n<li data-start=\"940\" data-end=\"952\">\n<p data-start=\"942\" data-end=\"952\">6LPA-DTE<\/p>\n<\/li>\n<li data-start=\"953\" data-end=\"965\">\n<p data-start=\"955\" data-end=\"965\">6LPA-DTP<\/p>\n<\/li>\n<li data-start=\"966\" data-end=\"979\">\n<p data-start=\"968\" data-end=\"979\">6LPA-DTZE<\/p>\n<\/li>\n<li data-start=\"980\" data-end=\"993\">\n<p data-start=\"982\" data-end=\"993\">6LPA-DTZP<\/p>\n<\/li>\n<li data-start=\"994\" data-end=\"1009\">\n<p data-start=\"996\" data-end=\"1009\">6LPA-DTZEP1<\/p>\n<\/li>\n<\/ul>\n<p data-start=\"1011\" data-end=\"1059\"><strong data-start=\"1011\" data-end=\"1057\">Compatible con motores Yanmar de la serie 6LP:<\/strong><\/p>\n<ul data-start=\"1060\" data-end=\"1190\">\n<li data-start=\"1060\" data-end=\"1070\">\n<p data-start=\"1062\" data-end=\"1070\">6LP-DT<\/p>\n<\/li>\n<li data-start=\"1071\" data-end=\"1083\">\n<p data-start=\"1073\" data-end=\"1083\">6LP-DETE<\/p>\n<\/li>\n<li data-start=\"1084\" data-end=\"1095\">\n<p data-start=\"1086\" data-end=\"1095\">6LP-DTP<\/p>\n<\/li>\n<li data-start=\"1096\" data-end=\"1108\">\n<p data-start=\"1098\" data-end=\"1108\">6LP-DTZE<\/p>\n<\/li>\n<li data-start=\"1109\" data-end=\"1122\">\n<p data-start=\"1111\" data-end=\"1122\">6LP-DTZE1<\/p>\n<\/li>\n<li data-start=\"1123\" data-end=\"1136\">\n<p data-start=\"1125\" data-end=\"1136\">6LP-DTZEP<\/p>\n<\/li>\n<li data-start=\"1137\" data-end=\"1151\">\n<p data-start=\"1139\" data-end=\"1151\">6LP-DTZEP1<\/p>\n<\/li>\n<li data-start=\"1152\" data-end=\"1164\">\n<p data-start=\"1154\" data-end=\"1164\">6LP-DTZY<\/p>\n<\/li>\n<li data-start=\"1165\" data-end=\"1176\">\n<p data-start=\"1167\" data-end=\"1176\">6LP-WDT<\/p>\n<\/li>\n<li data-start=\"1177\" data-end=\"1190\">\n<p data-start=\"1179\" data-end=\"1190\">6LP-WDTZY<\/p>\n<\/li>\n<\/ul>\n<p data-start=\"1192\" data-end=\"1211\"><strong data-start=\"1192\" data-end=\"1209\">Beneficios clave:<\/strong><\/p>\n<ul data-start=\"1212\" data-end=\"1473\">\n<li data-start=\"1212\" data-end=\"1255\">\n<p data-start=\"1214\" data-end=\"1255\">Junta de recambio de calidad OEM (Mark 3)<\/p>\n<\/li>\n<li data-start=\"1256\" data-end=\"1301\">\n<p data-start=\"1258\" data-end=\"1301\">Evita fugas de refrigerante y gases de combusti\u00f3n<\/p>\n<\/li>\n<li data-start=\"1302\" data-end=\"1356\">\n<p data-start=\"1304\" data-end=\"1356\">Mantiene la compresi\u00f3n y la eficiencia adecuadas del motor<\/p>\n<\/li>\n<li data-start=\"1357\" data-end=\"1411\">\n<p data-start=\"1359\" data-end=\"1411\">Construcci\u00f3n duradera, resistente al calor y a la presi\u00f3n<\/p>\n<\/li>\n<li data-start=\"1412\" data-end=\"1473\">\n<p data-start=\"1414\" data-end=\"1473\">Ideal para reconstrucciones de motores, reparaciones de alta gama y revisiones generales<\/p>\n<\/li>\n<\/ul>\n<p data-start=\"1475\" data-end=\"1673\">Esta <strong data-start=\"1480\" data-end=\"1520\">junta de culata Yanmar 6LP \/ 6LPA Mark 3<\/strong> garantiza un sellado duradero y un funcionamiento fiable de los motores marinos, por lo que es la elecci\u00f3n ideal para propietarios de embarcaciones y mec\u00e1nicos marinos.<\/p>\n","protected":false},"excerpt":{"rendered":"<p>Junta de culata Yanmar Serie 6LP \/ 6LPA (Mark 3) - 119770-00940 Esta junta de culata Yanmar (119770-00940, Mark 3) est\u00e1 dise\u00f1ada para los motores marinos de las series 6LP y 6LPA. Dise\u00f1ada seg\u00fan las normas de los fabricantes de equipos originales, proporciona un sellado seguro y duradero entre la culata y el bloque del [&hellip;]<\/p>\n","protected":false},"featured_media":37980,"comment_status":"open","ping_status":"closed","template":"","meta":[],"product_brand":[4235],"product_cat":[3040,3041,2497],"product_tag":[],"class_list":{"0":"post-37979","1":"product","2":"type-product","3":"status-publish","4":"has-post-thumbnail","6":"product_brand-yanmar","7":"product_cat-kits-de-mantenimiento-y-reparacion","8":"product_cat-juntas-de-motor","9":"product_cat-piezas-de-mantenimiento-del-motor","10":"pa_condition-nuevo","11":"pa_model-6lp-dt","12":"pa_model-6lp-dtp","13":"pa_model-6lp-dtze","14":"pa_model-6lp-dtze1","15":"pa_model-6lp-dtzep","16":"pa_model-6lp-dtzy","17":"pa_model-6lp-wdt","18":"pa_model-6lp-wdtzy","19":"pa_model-6lpa-dte","20":"pa_model-6lpa-dtp","21":"pa_model-6lpa-dtze","22":"pa_model-6lpa-dtzep1","23":"pa_model-6lpa-dtzp","24":"pa_oem-or-aftermarket-posventa","26":"first","27":"onbackorder","28":"sale","29":"taxable","30":"shipping-taxable","31":"purchasable","32":"product-type-simple"},"supplier_id":7294,"supplier_sku":"REC119770-00940","barcode":null,"atum_controlled":true,"out_stock_date":"2025-11-21 13:01:49","out_stock_threshold":null,"inheritable":false,"inbound_stock":0,"stock_on_hold":0,"sold_today":0,"sales_last_days":0,"reserved_stock":0,"customer_returns":0,"warehouse_damage":0,"lost_in_post":0,"other_logs":0,"out_stock_days":18,"lost_sales":0,"has_location":false,"update_date":"2025-11-21T13:01:49","atum_locations":[],"atum_stock_status":"onbackorder","restock_status":false,"low_stock_amount":1,"sales_update_date":"2025-09-22T08:41:04","calc_backorders":null,"_links":{"self":[{"href":"https:\/\/mps.digital-monkey.in\/es\/wp-json\/wp\/v2\/product\/37979","targetHints":{"allow":["GET"]}}],"collection":[{"href":"https:\/\/mps.digital-monkey.in\/es\/wp-json\/wp\/v2\/product"}],"about":[{"href":"https:\/\/mps.digital-monkey.in\/es\/wp-json\/wp\/v2\/types\/product"}],"replies":[{"embeddable":true,"href":"https:\/\/mps.digital-monkey.in\/es\/wp-json\/wp\/v2\/comments?post=37979"}],"wp:featuredmedia":[{"embeddable":true,"href":"https:\/\/mps.digital-monkey.in\/es\/wp-json\/wp\/v2\/media\/37980"}],"wp:attachment":[{"href":"https:\/\/mps.digital-monkey.in\/es\/wp-json\/wp\/v2\/media?parent=37979"}],"wp:term":[{"taxonomy":"product_brand","embeddable":true,"href":"https:\/\/mps.digital-monkey.in\/es\/wp-json\/wp\/v2\/product_brand?post=37979"},{"taxonomy":"product_cat","embeddable":true,"href":"https:\/\/mps.digital-monkey.in\/es\/wp-json\/wp\/v2\/product_cat?post=37979"},{"taxonomy":"product_tag","embeddable":true,"href":"https:\/\/mps.digital-monkey.in\/es\/wp-json\/wp\/v2\/product_tag?post=37979"}],"curies":[{"name":"wp","href":"https:\/\/api.w.org\/{rel}","templated":true}]}}