{"id":38005,"date":"2025-09-03T14:01:34","date_gmt":"2025-09-03T14:01:34","guid":{"rendered":"https:\/\/mps.digital-monkey.in\/product\/junta-de-culata-yanmar-serie-6lp-mark-5-119771-00421\/"},"modified":"2025-09-03T14:01:34","modified_gmt":"2025-09-03T14:01:34","slug":"junta-de-culata-yanmar-serie-6lp-mark-5-119771-00421","status":"publish","type":"product","link":"https:\/\/mps.digital-monkey.in\/es\/producto\/junta-de-culata-yanmar-serie-6lp-mark-5-119771-00421\/","title":{"rendered":"Junta de culata Yanmar Serie 6LP (Mark 5) - 119771-00421"},"content":{"rendered":"<p data-start=\"455\" data-end=\"514\"><strong data-start=\"455\" data-end=\"512\">Junta de culata Yanmar Serie 6LP (Mark 5) - 119771-00421<\/strong><\/p>\n<p data-start=\"516\" data-end=\"873\">Esta <strong data-start=\"537\" data-end=\"591\">junta de culata Yanmar<\/strong> de calidad genuina <strong data-start=\"537\" data-end=\"591\">(119771-00421, Mark 5)<\/strong> est\u00e1 dise\u00f1ada espec\u00edficamente para los <strong data-start=\"625\" data-end=\"654\">motores marinos de la serie 6LP<\/strong>. Dise\u00f1ada conforme a las normas OEM, garantiza un sellado preciso y duradero entre la culata y el bloque motor, evitando fugas de refrigerante y gases de combusti\u00f3n, al tiempo que mantiene la compresi\u00f3n y un rendimiento fiable. <\/p>\n<p data-start=\"875\" data-end=\"923\"><strong data-start=\"875\" data-end=\"921\">Compatible con motores Yanmar de la serie 6LP:<\/strong><\/p>\n<ul data-start=\"924\" data-end=\"1026\">\n<li data-start=\"924\" data-end=\"934\">\n<p data-start=\"926\" data-end=\"934\">6LP-ST<\/p>\n<\/li>\n<li data-start=\"935\" data-end=\"946\">\n<p data-start=\"937\" data-end=\"946\">6LP-STE<\/p>\n<\/li>\n<li data-start=\"947\" data-end=\"959\">\n<p data-start=\"949\" data-end=\"959\">6LP-STZE<\/p>\n<\/li>\n<li data-start=\"960\" data-end=\"973\">\n<p data-start=\"962\" data-end=\"973\">6LP-STZE1<\/p>\n<\/li>\n<li data-start=\"974\" data-end=\"986\">\n<p data-start=\"976\" data-end=\"986\">6LP-STZY<\/p>\n<\/li>\n<li data-start=\"987\" data-end=\"1000\">\n<p data-start=\"989\" data-end=\"1000\">6LP-STZYJ<\/p>\n<\/li>\n<li data-start=\"1001\" data-end=\"1012\">\n<p data-start=\"1003\" data-end=\"1012\">6LP-WST<\/p>\n<\/li>\n<li data-start=\"1013\" data-end=\"1026\">\n<p data-start=\"1015\" data-end=\"1026\">6LP-WSTZY<\/p>\n<\/li>\n<\/ul>\n<p data-start=\"1028\" data-end=\"1047\"><strong data-start=\"1028\" data-end=\"1045\">Beneficios clave:<\/strong><\/p>\n<ul data-start=\"1048\" data-end=\"1305\">\n<li data-start=\"1048\" data-end=\"1091\">\n<p data-start=\"1050\" data-end=\"1091\">Junta de recambio de calidad OEM (Mark 5)<\/p>\n<\/li>\n<li data-start=\"1092\" data-end=\"1139\">\n<p data-start=\"1094\" data-end=\"1139\">Evita las fugas de refrigerante y gases de combusti\u00f3n<\/p>\n<\/li>\n<li data-start=\"1140\" data-end=\"1188\">\n<p data-start=\"1142\" data-end=\"1188\">Mantiene la eficacia de la compresi\u00f3n y la refrigeraci\u00f3n<\/p>\n<\/li>\n<li data-start=\"1189\" data-end=\"1242\">\n<p data-start=\"1191\" data-end=\"1242\">Construcci\u00f3n fuerte, resistente al calor y a la presi\u00f3n<\/p>\n<\/li>\n<li data-start=\"1243\" data-end=\"1305\">\n<p data-start=\"1245\" data-end=\"1305\">Perfecto para reconstrucciones, revisiones o reparaciones de motores de gama alta<\/p>\n<\/li>\n<\/ul>\n<p data-start=\"1307\" data-end=\"1485\">Esta <strong data-start=\"1312\" data-end=\"1347\">junta de culata Yanmar 6LP (Mark 5)<\/strong> proporciona la durabilidad y fiabilidad necesarias para los motores marinos, garantizando un funcionamiento suave y un rendimiento fiable en el agua.<\/p>\n","protected":false},"excerpt":{"rendered":"<p>Junta de culata Yanmar Serie 6LP (Mark 5) - 119771-00421 Esta junta de culata Yanmar de calidad genuina (119771-00421, Mark 5) est\u00e1 dise\u00f1ada espec\u00edficamente para los motores marinos de la serie 6LP. Dise\u00f1ada conforme a las normas OEM, garantiza un sellado preciso y duradero entre la culata y el bloque motor, evitando fugas de refrigerante [&hellip;]<\/p>\n","protected":false},"featured_media":38006,"comment_status":"open","ping_status":"closed","template":"","meta":[],"product_brand":[4235],"product_cat":[3041,3040,2497],"product_tag":[],"class_list":{"0":"post-38005","1":"product","2":"type-product","3":"status-publish","4":"has-post-thumbnail","6":"product_brand-yanmar","7":"product_cat-juntas-de-motor","8":"product_cat-kits-de-mantenimiento-y-reparacion","9":"product_cat-piezas-de-mantenimiento-del-motor","10":"pa_condition-nuevo","11":"pa_model-6lp-st","12":"pa_model-6lp-ste","13":"pa_model-6lp-stze","14":"pa_model-6lp-stze1","15":"pa_model-6lp-stzy","16":"pa_model-6lp-stzyj","17":"pa_model-6lp-wst","18":"pa_model-6lp-wstzy","19":"pa_oem-or-aftermarket-posventa","21":"first","22":"onbackorder","23":"sale","24":"taxable","25":"shipping-taxable","26":"purchasable","27":"product-type-simple"},"supplier_id":7294,"supplier_sku":"REC119771-00421","barcode":null,"atum_controlled":true,"out_stock_date":"2025-11-21 13:01:41","out_stock_threshold":null,"inheritable":false,"inbound_stock":0,"stock_on_hold":0,"sold_today":0,"sales_last_days":0,"reserved_stock":0,"customer_returns":0,"warehouse_damage":0,"lost_in_post":0,"other_logs":0,"out_stock_days":24,"lost_sales":0,"has_location":false,"update_date":"2025-12-16T08:22:45","atum_locations":[],"atum_stock_status":"onbackorder","restock_status":false,"low_stock_amount":1,"sales_update_date":"2025-12-16T08:22:45","calc_backorders":null,"_links":{"self":[{"href":"https:\/\/mps.digital-monkey.in\/es\/wp-json\/wp\/v2\/product\/38005","targetHints":{"allow":["GET"]}}],"collection":[{"href":"https:\/\/mps.digital-monkey.in\/es\/wp-json\/wp\/v2\/product"}],"about":[{"href":"https:\/\/mps.digital-monkey.in\/es\/wp-json\/wp\/v2\/types\/product"}],"replies":[{"embeddable":true,"href":"https:\/\/mps.digital-monkey.in\/es\/wp-json\/wp\/v2\/comments?post=38005"}],"wp:featuredmedia":[{"embeddable":true,"href":"https:\/\/mps.digital-monkey.in\/es\/wp-json\/wp\/v2\/media\/38006"}],"wp:attachment":[{"href":"https:\/\/mps.digital-monkey.in\/es\/wp-json\/wp\/v2\/media?parent=38005"}],"wp:term":[{"taxonomy":"product_brand","embeddable":true,"href":"https:\/\/mps.digital-monkey.in\/es\/wp-json\/wp\/v2\/product_brand?post=38005"},{"taxonomy":"product_cat","embeddable":true,"href":"https:\/\/mps.digital-monkey.in\/es\/wp-json\/wp\/v2\/product_cat?post=38005"},{"taxonomy":"product_tag","embeddable":true,"href":"https:\/\/mps.digital-monkey.in\/es\/wp-json\/wp\/v2\/product_tag?post=38005"}],"curies":[{"name":"wp","href":"https:\/\/api.w.org\/{rel}","templated":true}]}}