{"id":38209,"date":"2025-09-05T10:06:46","date_gmt":"2025-09-05T10:06:46","guid":{"rendered":"https:\/\/mps.digital-monkey.in\/product\/kit-junta-de-culata-yanmar-3ym30-728990-92600-119717-01331\/"},"modified":"2025-09-05T10:06:46","modified_gmt":"2025-09-05T10:06:46","slug":"kit-junta-de-culata-yanmar-3ym30-728990-92600-119717-01331","status":"publish","type":"product","link":"https:\/\/mps.digital-monkey.in\/es\/producto\/kit-junta-de-culata-yanmar-3ym30-728990-92600-119717-01331\/","title":{"rendered":"Kit Junta de Culata Yanmar 3YM30 - 728990-92600 \/ 119717-01331"},"content":{"rendered":"<p data-start=\"473\" data-end=\"537\"><strong data-start=\"473\" data-end=\"535\">Kit Junta de Culata Yanmar 3YM30 - 728990-92600 \/ 119717-01331<\/strong><\/p>\n<p data-start=\"539\" data-end=\"810\">Este <strong data-start=\"544\" data-end=\"579\">juego de juntas de culata Yan<\/strong> mar est\u00e1 dise\u00f1ado espec\u00edficamente para el <strong data-start=\"613\" data-end=\"643\">motor marino Yanmar 3YM30<\/strong>. Contiene todas las juntas y retenes esenciales para el mantenimiento de la culata, proporcionando un ajuste preciso, evitando fugas y garantizando un rendimiento duradero. <\/p>\n<p data-start=\"812\" data-end=\"841\"><strong data-start=\"812\" data-end=\"839\">N\u00fameros de referencia de las piezas:<\/strong><\/p>\n<ul data-start=\"842\" data-end=\"875\">\n<li data-start=\"842\" data-end=\"858\">\n<p data-start=\"844\" data-end=\"858\">728990-92600<\/p>\n<\/li>\n<li data-start=\"859\" data-end=\"875\">\n<p data-start=\"861\" data-end=\"875\">119717-01331<\/p>\n<\/li>\n<\/ul>\n<p data-start=\"877\" data-end=\"914\"><strong data-start=\"877\" data-end=\"912\">Compatible con motores Yanmar:<\/strong><\/p>\n<ul data-start=\"915\" data-end=\"924\">\n<li data-start=\"915\" data-end=\"924\">\n<p data-start=\"917\" data-end=\"924\">3YM30<\/p>\n<\/li>\n<\/ul>\n<p data-start=\"926\" data-end=\"945\"><strong data-start=\"926\" data-end=\"943\">Beneficios clave:<\/strong><\/p>\n<ul data-start=\"946\" data-end=\"1194\">\n<li data-start=\"946\" data-end=\"1000\">\n<p data-start=\"948\" data-end=\"1000\">Juego completo de juntas de culata para Yanmar 3YM30<\/p>\n<\/li>\n<li data-start=\"1001\" data-end=\"1042\">\n<p data-start=\"1003\" data-end=\"1042\">Juntas de calidad OEM para un ajuste perfecto<\/p>\n<\/li>\n<li data-start=\"1043\" data-end=\"1094\">\n<p data-start=\"1045\" data-end=\"1094\">Evita fugas de aceite, refrigerante y gases de combusti\u00f3n<\/p>\n<\/li>\n<li data-start=\"1095\" data-end=\"1142\">\n<p data-start=\"1097\" data-end=\"1142\">Mantiene la compresi\u00f3n y la eficacia del motor<\/p>\n<\/li>\n<li data-start=\"1143\" data-end=\"1194\">\n<p data-start=\"1145\" data-end=\"1194\">Ideal para reparaciones, reconstrucciones y mantenimiento de cabezales<\/p>\n<\/li>\n<\/ul>\n<p data-start=\"1196\" data-end=\"1374\">Este <strong data-start=\"1201\" data-end=\"1233\">kit de juntas de culata Yanmar 3YM30<\/strong> garantiza una estanqueidad y durabilidad fiables, por lo que es la elecci\u00f3n de confianza para los mec\u00e1nicos marinos y los propietarios de embarcaciones que realizan el mantenimiento m\u00e1s exigente.<\/p>\n","protected":false},"excerpt":{"rendered":"<p>Kit Junta de Culata Yanmar 3YM30 - 728990-92600 \/ 119717-01331 Este juego de juntas de culata Yan mar est\u00e1 dise\u00f1ado espec\u00edficamente para el motor marino Yanmar 3YM30. Contiene todas las juntas y retenes esenciales para el mantenimiento de la culata, proporcionando un ajuste preciso, evitando fugas y garantizando un rendimiento duradero. N\u00fameros de referencia de [&hellip;]<\/p>\n","protected":false},"featured_media":38210,"comment_status":"open","ping_status":"closed","template":"","meta":[],"product_brand":[4235],"product_cat":[3040,3041,2497,4534],"product_tag":[],"class_list":{"0":"post-38209","1":"product","2":"type-product","3":"status-publish","4":"has-post-thumbnail","6":"product_brand-yanmar","7":"product_cat-kits-de-mantenimiento-y-reparacion","8":"product_cat-juntas-de-motor","9":"product_cat-piezas-de-mantenimiento-del-motor","10":"product_cat-piezas-de-servicio-yanmar","11":"pa_condition-nuevo","12":"pa_model-3ym30","13":"pa_oem-or-aftermarket-posventa","15":"first","16":"onbackorder","17":"taxable","18":"shipping-taxable","19":"purchasable","20":"product-type-simple"},"supplier_id":7294,"supplier_sku":"REC728990-92600","barcode":null,"atum_controlled":true,"out_stock_date":"2026-02-27 14:11:35","out_stock_threshold":null,"inheritable":false,"inbound_stock":0,"stock_on_hold":0,"sold_today":0,"sales_last_days":0,"reserved_stock":0,"customer_returns":0,"warehouse_damage":0,"lost_in_post":0,"other_logs":0,"out_stock_days":25,"lost_sales":0,"has_location":false,"update_date":"2026-02-27T14:11:35","atum_locations":[],"atum_stock_status":"onbackorder","restock_status":false,"low_stock_amount":1,"sales_update_date":"2025-10-01T07:42:08","calc_backorders":null,"_links":{"self":[{"href":"https:\/\/mps.digital-monkey.in\/es\/wp-json\/wp\/v2\/product\/38209","targetHints":{"allow":["GET"]}}],"collection":[{"href":"https:\/\/mps.digital-monkey.in\/es\/wp-json\/wp\/v2\/product"}],"about":[{"href":"https:\/\/mps.digital-monkey.in\/es\/wp-json\/wp\/v2\/types\/product"}],"replies":[{"embeddable":true,"href":"https:\/\/mps.digital-monkey.in\/es\/wp-json\/wp\/v2\/comments?post=38209"}],"wp:featuredmedia":[{"embeddable":true,"href":"https:\/\/mps.digital-monkey.in\/es\/wp-json\/wp\/v2\/media\/38210"}],"wp:attachment":[{"href":"https:\/\/mps.digital-monkey.in\/es\/wp-json\/wp\/v2\/media?parent=38209"}],"wp:term":[{"taxonomy":"product_brand","embeddable":true,"href":"https:\/\/mps.digital-monkey.in\/es\/wp-json\/wp\/v2\/product_brand?post=38209"},{"taxonomy":"product_cat","embeddable":true,"href":"https:\/\/mps.digital-monkey.in\/es\/wp-json\/wp\/v2\/product_cat?post=38209"},{"taxonomy":"product_tag","embeddable":true,"href":"https:\/\/mps.digital-monkey.in\/es\/wp-json\/wp\/v2\/product_tag?post=38209"}],"curies":[{"name":"wp","href":"https:\/\/api.w.org\/{rel}","templated":true}]}}