{"id":38369,"date":"2025-09-20T13:15:07","date_gmt":"2025-09-20T13:15:07","guid":{"rendered":"https:\/\/mps.digital-monkey.in\/product\/aditivo-diesel-concentrado-starbrite-star-tron-500ml\/"},"modified":"2025-11-21T13:21:36","modified_gmt":"2025-11-21T13:21:36","slug":"aditivo-diesel-concentrado-starbrite-star-tron-500ml","status":"publish","type":"product","link":"https:\/\/mps.digital-monkey.in\/es\/product\/aditivo-diesel-concentrado-starbrite-star-tron-500ml\/","title":{"rendered":"Aditivo Diesel Concentrado Starbrite Star Tron &#8211; 500ML"},"content":{"rendered":"<p data-start=\"112\" data-end=\"173\"><strong data-start=\"112\" data-end=\"171\">Aditivo Diesel Concentrado Starbrite Star Tron &#8211; 473ml<\/strong><\/p>\n<p data-start=\"175\" data-end=\"529\">Mejora el rendimiento y la longevidad de tu motor di\u00e9sel con <strong data-start=\"240\" data-end=\"291\">el aditivo di\u00e9sel concentrado Starbrite Star Tron<\/strong>. Esta botella de 473 ml es suficiente para tratar hasta <strong data-start=\"336\" data-end=\"365\">365 litros de combustible di\u00e9sel<\/strong>, garantizando una combusti\u00f3n m\u00e1s limpia, suave y eficiente. Para dosis m\u00e1s peque\u00f1as o para viajar, Star Tron tambi\u00e9n est\u00e1 disponible en un c\u00f3modo frasco de viaje de 30 ml.<\/p>\n<p data-start=\"531\" data-end=\"1067\"><strong data-start=\"531\" data-end=\"572\">\u00bfPor qu\u00e9 elegir el aditivo di\u00e9sel Star<\/strong> Tron?<br data-start=\"572\" data-end=\"575\">Star Tron est\u00e1 espec\u00edficamente formulado para <strong data-start=\"615\" data-end=\"668\">eliminar y prevenir los problemas causados por los biocombustibles<\/strong>, por lo que es ideal para los motores di\u00e9sel modernos. Limpia el sistema de combustible, elimina las part\u00edculas de agua y <strong data-start=\"769\" data-end=\"808\">estabiliza el gas\u00f3leo hasta 2 a\u00f1os<\/strong>. Al mejorar la eficacia de la combusti\u00f3n, Star Tron reduce las emisiones de escape nocivas, evita el envejecimiento del combustible y minimiza la acumulaci\u00f3n de holl\u00edn en el sistema de escape. Los motores arrancan m\u00e1s f\u00e1cilmente y funcionan con mayor suavidad, proporcionando <strong data-start=\"1017\" data-end=\"1064\">mayor potencia con menor consumo de combustible<\/strong>.<\/p>\n<p data-start=\"1069\" data-end=\"1396\"><strong data-start=\"1069\" data-end=\"1110\">Con la confianza de los navegantes y propietarios de veh\u00edculos<\/strong><br data-start=\"1110\" data-end=\"1113\">Popular entre los aficionados a la n\u00e1utica, Star Tron es perfecto para los motores de lanchas r\u00e1pidas, yates y balandros cl\u00e1sicos. Los propietarios de autom\u00f3viles tambi\u00e9n se benefician, sobre todo cuando sus motores se ven afectados por el uso de biocombustibles. Star Tron garantiza un rendimiento y una fiabilidad \u00f3ptimos del motor en cualquier aplicaci\u00f3n di\u00e9sel.<\/p>\n<p data-start=\"1398\" data-end=\"1417\"><strong data-start=\"1398\" data-end=\"1415\">Beneficios clave:<\/strong><\/p>\n<ul data-start=\"1418\" data-end=\"1784\">\n<li data-start=\"1418\" data-end=\"1473\">\n<p data-start=\"1420\" data-end=\"1473\">Elimina y previene los problemas causados por los biocombustibles<\/p>\n<\/li>\n<li data-start=\"1474\" data-end=\"1526\">\n<p data-start=\"1476\" data-end=\"1526\">Limpia el sistema de combustible y elimina el agua del gas\u00f3leo<\/p>\n<\/li>\n<li data-start=\"1527\" data-end=\"1566\">\n<p data-start=\"1529\" data-end=\"1566\">Estabiliza el gas\u00f3leo hasta 2 a\u00f1os<\/p>\n<\/li>\n<li data-start=\"1567\" data-end=\"1619\">\n<p data-start=\"1569\" data-end=\"1619\">Reduce todas las emisiones de escape y la formaci\u00f3n de holl\u00edn<\/p>\n<\/li>\n<li data-start=\"1620\" data-end=\"1667\">\n<p data-start=\"1622\" data-end=\"1667\">Hace que los motores arranquen m\u00e1s f\u00e1cilmente y funcionen con m\u00e1s suavidad<\/p>\n<\/li>\n<li data-start=\"1668\" data-end=\"1725\">\n<p data-start=\"1670\" data-end=\"1725\">Aumenta la potencia del motor a la vez que reduce el consumo de combustible<\/p>\n<\/li>\n<li data-start=\"1726\" data-end=\"1784\">\n<p data-start=\"1728\" data-end=\"1784\">Adecuado para motores di\u00e9sel marinos y de automoci\u00f3n<\/p>\n<\/li>\n<\/ul>\n<p data-start=\"1786\" data-end=\"1976\">Mant\u00e9n los motores di\u00e9sel m\u00e1s limpios y eficientes con <strong data-start=\"1839\" data-end=\"1898\">el aditivo di\u00e9sel concentrado Starbrite Star Tron &#8211; 473 ml<\/strong>, la soluci\u00f3n definitiva para un funcionamiento m\u00e1s suave y un rendimiento duradero.<\/p>\n<p data-start=\"1983\" data-end=\"2206\">\n","protected":false},"excerpt":{"rendered":"<p>Aditivo Diesel Concentrado Starbrite Star Tron &#8211; 473ml Mejora el rendimiento y la longevidad de tu motor di\u00e9sel con el aditivo di\u00e9sel concentrado Starbrite Star Tron. Esta botella de 473 ml es suficiente para tratar hasta 365 litros de combustible di\u00e9sel, garantizando una combusti\u00f3n m\u00e1s limpia, suave y eficiente. Para dosis m\u00e1s peque\u00f1as o para [&hellip;]<\/p>\n","protected":false},"featured_media":38372,"comment_status":"open","ping_status":"closed","template":"","meta":[],"product_brand":[4240,4241,4229,4235],"product_cat":[4486,4129,4495,2497,4534,4525,4540,4539],"product_tag":[],"class_list":{"0":"post-38369","1":"product","2":"type-product","3":"status-publish","4":"has-post-thumbnail","6":"product_brand-nanni","7":"product_brand-vetus","8":"product_brand-volvo-penta","9":"product_brand-yanmar","10":"product_cat-necesitas-piezas-volvo-penta","11":"product_cat-aditivos-y-varios","12":"product_cat-comprar-recambios-usados-volvo-penta","13":"product_cat-piezas-de-mantenimiento-del-motor","14":"product_cat-piezas-de-servicio-yanmar","15":"product_cat-recambios-volvo-penta","16":"product_cat-repuestos-vetus","17":"product_cat-vetus","18":"pa_condition-nuevo","19":"pa_oem-or-aftermarket-oem","21":"first","22":"instock","23":"taxable","24":"shipping-taxable","25":"purchasable","26":"product-type-simple"},"supplier_id":7294,"supplier_sku":"STA93116","barcode":null,"atum_controlled":true,"out_stock_date":null,"out_stock_threshold":null,"inheritable":false,"inbound_stock":0,"stock_on_hold":0,"sold_today":0,"sales_last_days":0,"reserved_stock":0,"customer_returns":0,"warehouse_damage":0,"lost_in_post":0,"other_logs":0,"out_stock_days":0,"lost_sales":0,"has_location":false,"update_date":"2026-03-10T15:00:30","atum_locations":[],"atum_stock_status":"instock","restock_status":false,"low_stock_amount":"","sales_update_date":"2026-03-10T15:00:30","calc_backorders":null,"_links":{"self":[{"href":"https:\/\/mps.digital-monkey.in\/es\/wp-json\/wp\/v2\/product\/38369","targetHints":{"allow":["GET"]}}],"collection":[{"href":"https:\/\/mps.digital-monkey.in\/es\/wp-json\/wp\/v2\/product"}],"about":[{"href":"https:\/\/mps.digital-monkey.in\/es\/wp-json\/wp\/v2\/types\/product"}],"replies":[{"embeddable":true,"href":"https:\/\/mps.digital-monkey.in\/es\/wp-json\/wp\/v2\/comments?post=38369"}],"wp:featuredmedia":[{"embeddable":true,"href":"https:\/\/mps.digital-monkey.in\/es\/wp-json\/wp\/v2\/media\/38372"}],"wp:attachment":[{"href":"https:\/\/mps.digital-monkey.in\/es\/wp-json\/wp\/v2\/media?parent=38369"}],"wp:term":[{"taxonomy":"product_brand","embeddable":true,"href":"https:\/\/mps.digital-monkey.in\/es\/wp-json\/wp\/v2\/product_brand?post=38369"},{"taxonomy":"product_cat","embeddable":true,"href":"https:\/\/mps.digital-monkey.in\/es\/wp-json\/wp\/v2\/product_cat?post=38369"},{"taxonomy":"product_tag","embeddable":true,"href":"https:\/\/mps.digital-monkey.in\/es\/wp-json\/wp\/v2\/product_tag?post=38369"}],"curies":[{"name":"wp","href":"https:\/\/api.w.org\/{rel}","templated":true}]}}