{"id":38386,"date":"2025-09-20T13:27:13","date_gmt":"2025-09-20T13:27:13","guid":{"rendered":"https:\/\/mps.digital-monkey.in\/product\/motor-de-barco-mitsubishi-s4l2\/"},"modified":"2026-01-04T10:51:14","modified_gmt":"2026-01-04T10:51:14","slug":"motor-de-barco-mitsubishi-s4l2","status":"publish","type":"product","link":"https:\/\/mps.digital-monkey.in\/es\/producto\/motor-de-barco-mitsubishi-s4l2\/","title":{"rendered":"Motor de barco Mitsubishi S4L2"},"content":{"rendered":"<p data-start=\"0\" data-end=\"281\">Tu motor marino se suministra como un paquete completo.<br data-start=\"79\" data-end=\"82\">El motor marino Mitsubishi S4L2 est\u00e1 equipado con un intercambiador de calor, una bomba de agua bruta, un codo de inyecci\u00f3n, cableado del motor con conexiones de enchufe, soportes flexibles del motor y una bomba de drenaje del c\u00e1rter independiente.<\/p>\n<p data-start=\"283\" data-end=\"625\"><strong data-start=\"283\" data-end=\"294\">General<\/strong><br data-start=\"294\" data-end=\"297\">Marca: Mitsubishi<br data-start=\"314\" data-end=\"317\">Peso: 155 kg<br data-start=\"331\" data-end=\"334\">Tipo de combustible: Diesel<br data-start=\"351\" data-end=\"354\">Intercambiador de calor: S\u00ed<br data-start=\"373\" data-end=\"376\">Dimensiones (L \u00d7 A \u00d7 A): 599 \u00d7 440 \u00d7 527 mm<br data-start=\"418\" data-end=\"421\">Sistema de arranque: El\u00e9ctrico<br data-start=\"446\" data-end=\"449\">Bomba de agua bruta: S\u00ed<br data-start=\"468\" data-end=\"471\">Codo de inyecci\u00f3n: S\u00ed<br data-start=\"491\" data-end=\"494\">Caja de cambios: Opcional<br data-start=\"511\" data-end=\"514\">Cableado del motor: S\u00ed<br data-start=\"532\" data-end=\"535\">Refrigeraci\u00f3n: Refrigerado por agua<br data-start=\"556\" data-end=\"559\">Soportes flexibles del motor: S\u00ed<br data-start=\"586\" data-end=\"589\">Bomba de vaciado del c\u00e1rter independiente: S\u00ed<\/p>\n<p data-start=\"627\" data-end=\"740\"><strong data-start=\"627\" data-end=\"642\">Rendimiento<\/strong><br data-start=\"642\" data-end=\"645\">Potencia: 42 CV<br data-start=\"664\" data-end=\"667\">Cilindros: 4 en l\u00ednea<br data-start=\"687\" data-end=\"690\">Cilindrada: 1.758 cc<br data-start=\"712\" data-end=\"715\">R\u00e9gimen del motor: 3.000 rpm<\/p>\n<p data-start=\"742\" data-end=\"945\"><strong data-start=\"742\" data-end=\"755\">Salpicadero<\/strong><br data-start=\"755\" data-end=\"758\">Indicador de carga: S\u00ed<br data-start=\"779\" data-end=\"782\">Dimensiones: 265 \u00d7 190 mm<br data-start=\"806\" data-end=\"809\">Tac\u00f3metro: S\u00ed<br data-start=\"824\" data-end=\"827\">Volt\u00edmetro: 12 voltios<br data-start=\"845\" data-end=\"848\">Arranque por incandescencia: S\u00ed<br data-start=\"863\" data-end=\"866\">Parada el\u00e9ctrica: S\u00ed<br data-start=\"884\" data-end=\"887\">Alarma de presi\u00f3n de aceite: S\u00ed<br data-start=\"910\" data-end=\"913\">Alarma de temperatura del refrigerante: S\u00ed<\/p>\n<p data-start=\"947\" data-end=\"1087\" data-is-last-node=\"\" data-is-only-node=\"\">\n","protected":false},"excerpt":{"rendered":"<p>Tu motor marino se suministra como un paquete completo.El motor marino Mitsubishi S4L2 est\u00e1 equipado con un intercambiador de calor, una bomba de agua bruta, un codo de inyecci\u00f3n, cableado del motor con conexiones de enchufe, soportes flexibles del motor y una bomba de drenaje del c\u00e1rter independiente. GeneralMarca: MitsubishiPeso: 155 kgTipo de combustible: DieselIntercambiador [&hellip;]<\/p>\n","protected":false},"featured_media":38387,"comment_status":"open","ping_status":"closed","template":"","meta":[],"product_brand":[],"product_cat":[2493],"product_tag":[],"class_list":{"0":"post-38386","1":"product","2":"type-product","3":"status-publish","4":"has-post-thumbnail","6":"product_cat-motores","7":"product_shipping_class-motor-es","8":"pa_condition-nuevo","9":"pa_variant-con-caja-de-cambios-hurth-zf-12m","10":"pa_variant-con-caja-de-cambios-tmc60","11":"pa_variant-sin-caja-de-cambios","13":"first","14":"onbackorder","15":"taxable","16":"shipping-taxable","17":"purchasable","18":"product-type-variable"},"supplier_id":null,"supplier_sku":"","barcode":null,"atum_controlled":true,"out_stock_date":"2025-09-20 16:32:10","out_stock_threshold":null,"inheritable":true,"inbound_stock":0,"stock_on_hold":0,"sold_today":0,"sales_last_days":0,"reserved_stock":0,"customer_returns":0,"warehouse_damage":0,"lost_in_post":0,"other_logs":0,"out_stock_days":105,"lost_sales":0,"has_location":false,"update_date":"2026-03-10T15:00:30","atum_locations":[],"atum_stock_status":"onbackorder","restock_status":false,"low_stock_amount":0,"sales_update_date":"2026-03-10T15:00:30","calc_backorders":null,"_links":{"self":[{"href":"https:\/\/mps.digital-monkey.in\/es\/wp-json\/wp\/v2\/product\/38386","targetHints":{"allow":["GET"]}}],"collection":[{"href":"https:\/\/mps.digital-monkey.in\/es\/wp-json\/wp\/v2\/product"}],"about":[{"href":"https:\/\/mps.digital-monkey.in\/es\/wp-json\/wp\/v2\/types\/product"}],"replies":[{"embeddable":true,"href":"https:\/\/mps.digital-monkey.in\/es\/wp-json\/wp\/v2\/comments?post=38386"}],"wp:featuredmedia":[{"embeddable":true,"href":"https:\/\/mps.digital-monkey.in\/es\/wp-json\/wp\/v2\/media\/38387"}],"wp:attachment":[{"href":"https:\/\/mps.digital-monkey.in\/es\/wp-json\/wp\/v2\/media?parent=38386"}],"wp:term":[{"taxonomy":"product_brand","embeddable":true,"href":"https:\/\/mps.digital-monkey.in\/es\/wp-json\/wp\/v2\/product_brand?post=38386"},{"taxonomy":"product_cat","embeddable":true,"href":"https:\/\/mps.digital-monkey.in\/es\/wp-json\/wp\/v2\/product_cat?post=38386"},{"taxonomy":"product_tag","embeddable":true,"href":"https:\/\/mps.digital-monkey.in\/es\/wp-json\/wp\/v2\/product_tag?post=38386"}],"curies":[{"name":"wp","href":"https:\/\/api.w.org\/{rel}","templated":true}]}}