{"id":38398,"date":"2025-09-22T10:06:42","date_gmt":"2025-09-22T10:06:42","guid":{"rendered":"https:\/\/mps.digital-monkey.in\/product\/aceite-atf-dexron-ii-d-para-cajas-de-cambios-y-cambios-marinas-1l\/"},"modified":"2025-11-21T13:21:42","modified_gmt":"2025-11-21T13:21:42","slug":"aceite-atf-dexron-ii-d-para-cajas-de-cambios-y-cambios-marinas-1l","status":"publish","type":"product","link":"https:\/\/mps.digital-monkey.in\/es\/product\/aceite-atf-dexron-ii-d-para-cajas-de-cambios-y-cambios-marinas-1l\/","title":{"rendered":"Aceite ATF Dexron II-D para cajas de cambios y cambios marinas &#8211; 1L"},"content":{"rendered":"<h2 data-start=\"316\" data-end=\"377\"><strong data-start=\"319\" data-end=\"377\">Aceite ATF Dexron II-D para cajas de cambios y cambios marinas &#8211; 1L<\/strong><\/h2>\n<p data-start=\"379\" data-end=\"675\"><strong data-start=\"379\" data-end=\"398\">ATF Dexron II-D<\/strong> es un <strong data-start=\"412\" data-end=\"462\">aceite de<\/strong> primera calidad <strong data-start=\"412\" data-end=\"462\">para cajas de cambios marinas y transmisiones<\/strong> industriales, dise\u00f1ado para ofrecer un rendimiento fiable en entornos exigentes. Formulado a base de aceites minerales de alta calidad con aditivos avanzados, proporciona <strong data-start=\"601\" data-end=\"672\">un cambio de marchas suave, una lubricaci\u00f3n excelente y una protecci\u00f3n duradera<\/strong>.<\/p>\n<p data-start=\"677\" data-end=\"916\">Este aceite ATF es ideal para <strong data-start=\"703\" data-end=\"743\">cajas de cambios marinas y keerkoppelingen<\/strong> como <strong data-start=\"752\" data-end=\"783\">ZF, Hurth y Velvet Drive<\/strong>, as\u00ed como para transmisiones industriales, convertidores de par, sistemas hidr\u00e1ulicos y unidades de direcci\u00f3n asistida que requieren Dexron II-D.<\/p>\n<p data-start=\"918\" data-end=\"1172\">Con su <strong data-start=\"927\" data-end=\"997\">viscosidad estable, su resistencia a la oxidaci\u00f3n y su fuerte protecci\u00f3n contra el desgaste<\/strong>, salvaguarda engranajes, cojinetes y juntas incluso bajo cargas pesadas. Las <strong data-start=\"1068\" data-end=\"1092\">propiedades antiespuma<\/strong> garantizan una pel\u00edcula lubricante consistente, cr\u00edtica para el uso marino e industrial.<\/p>\n<h3 data-start=\"1174\" data-end=\"1191\">Beneficios clave:<\/h3>\n<ul data-start=\"1192\" data-end=\"1437\">\n<li data-start=\"1192\" data-end=\"1270\">\n<p data-start=\"1194\" data-end=\"1270\">Espec\u00edficamente desarrollado para <strong data-start=\"1221\" data-end=\"1268\">cajas de cambios marinas y transmisiones industriales<\/strong><\/p>\n<\/li>\n<li data-start=\"1271\" data-end=\"1323\">\n<p data-start=\"1273\" data-end=\"1323\">Funcionamiento suave y funcionamiento fiable del embrague<\/p>\n<\/li>\n<li data-start=\"1324\" data-end=\"1370\">\n<p data-start=\"1326\" data-end=\"1370\">Protege contra el desgaste, el \u00f3xido y la corrosi\u00f3n<\/p>\n<\/li>\n<li data-start=\"1371\" data-end=\"1437\">\n<p data-start=\"1373\" data-end=\"1437\">Aprobado por GM Dexron II-D, Allison C-4, ZF TE-ML, MAN y Voith<\/p>\n<\/li>\n<\/ul>\n<p data-start=\"1439\" data-end=\"1569\">\u2705 Perfecto para <strong data-start=\"1453\" data-end=\"1515\">barcos, motores marinos y maquinaria industrial pesada<\/strong>.<\/p>\n<p data-start=\"1576\" data-end=\"1780\" data-is-last-node=\"\" data-is-only-node=\"\">\n","protected":false},"excerpt":{"rendered":"<p>Aceite ATF Dexron II-D para cajas de cambios y cambios marinas &#8211; 1L ATF Dexron II-D es un aceite de primera calidad para cajas de cambios marinas y transmisiones industriales, dise\u00f1ado para ofrecer un rendimiento fiable en entornos exigentes. Formulado a base de aceites minerales de alta calidad con aditivos avanzados, proporciona un cambio de [&hellip;]<\/p>\n","protected":false},"featured_media":38399,"comment_status":"open","ping_status":"closed","template":"","meta":[],"product_brand":[4240,4241,4229,4235],"product_cat":[4486,4027,4483,2729,2497,4534,4525,4540,4539],"product_tag":[],"class_list":{"0":"post-38398","1":"product","2":"type-product","3":"status-publish","4":"has-post-thumbnail","6":"product_brand-nanni","7":"product_brand-vetus","8":"product_brand-volvo-penta","9":"product_brand-yanmar","10":"product_cat-necesitas-piezas-volvo-penta","11":"product_cat-aceite-de-la-caja-de-cambios","12":"product_cat-aceite-volvo-penta","13":"product_cat-aceites-y-liquidos","14":"product_cat-piezas-de-mantenimiento-del-motor","15":"product_cat-piezas-de-servicio-yanmar","16":"product_cat-recambios-volvo-penta","17":"product_cat-repuestos-vetus","18":"product_cat-vetus","19":"pa_condition-nuevo","20":"pa_oem-or-aftermarket-posventa","22":"first","23":"instock","24":"sale","25":"taxable","26":"shipping-taxable","27":"purchasable","28":"product-type-simple"},"supplier_id":null,"supplier_sku":"ATF Dexron II-D ype","barcode":null,"atum_controlled":true,"out_stock_date":null,"out_stock_threshold":null,"inheritable":false,"inbound_stock":0,"stock_on_hold":0,"sold_today":0,"sales_last_days":0,"reserved_stock":0,"customer_returns":0,"warehouse_damage":0,"lost_in_post":0,"other_logs":0,"out_stock_days":0,"lost_sales":0,"has_location":false,"update_date":"2026-01-29T09:10:44","atum_locations":[],"atum_stock_status":"instock","restock_status":false,"low_stock_amount":1,"sales_update_date":"2026-01-29T09:10:44","calc_backorders":null,"_links":{"self":[{"href":"https:\/\/mps.digital-monkey.in\/es\/wp-json\/wp\/v2\/product\/38398","targetHints":{"allow":["GET"]}}],"collection":[{"href":"https:\/\/mps.digital-monkey.in\/es\/wp-json\/wp\/v2\/product"}],"about":[{"href":"https:\/\/mps.digital-monkey.in\/es\/wp-json\/wp\/v2\/types\/product"}],"replies":[{"embeddable":true,"href":"https:\/\/mps.digital-monkey.in\/es\/wp-json\/wp\/v2\/comments?post=38398"}],"wp:featuredmedia":[{"embeddable":true,"href":"https:\/\/mps.digital-monkey.in\/es\/wp-json\/wp\/v2\/media\/38399"}],"wp:attachment":[{"href":"https:\/\/mps.digital-monkey.in\/es\/wp-json\/wp\/v2\/media?parent=38398"}],"wp:term":[{"taxonomy":"product_brand","embeddable":true,"href":"https:\/\/mps.digital-monkey.in\/es\/wp-json\/wp\/v2\/product_brand?post=38398"},{"taxonomy":"product_cat","embeddable":true,"href":"https:\/\/mps.digital-monkey.in\/es\/wp-json\/wp\/v2\/product_cat?post=38398"},{"taxonomy":"product_tag","embeddable":true,"href":"https:\/\/mps.digital-monkey.in\/es\/wp-json\/wp\/v2\/product_tag?post=38398"}],"curies":[{"name":"wp","href":"https:\/\/api.w.org\/{rel}","templated":true}]}}