{"id":38444,"date":"2025-09-22T13:23:17","date_gmt":"2025-09-22T13:23:17","guid":{"rendered":"https:\/\/mps.digital-monkey.in\/product\/kit-junta-de-culata-yanmar-729573-92605\/"},"modified":"2025-10-10T15:49:09","modified_gmt":"2025-10-10T15:49:09","slug":"kit-junta-de-culata-yanmar-729573-92605","status":"publish","type":"product","link":"https:\/\/mps.digital-monkey.in\/es\/producto\/kit-junta-de-culata-yanmar-729573-92605\/","title":{"rendered":"Kit Junta de Culata Yanmar - 729573-92605"},"content":{"rendered":"<h3 data-start=\"73\" data-end=\"165\"><strong data-start=\"77\" data-end=\"165\">Kit de juntas de culata Yanmar 729573-92605 - Recambio OEM para motores marinos de la serie 4JH3<\/strong><\/h3>\n<p data-start=\"167\" data-end=\"629\">El <strong data-start=\"171\" data-end=\"210\">juego de juntas de culata Yanmar 729573-92605<\/strong> es un <strong data-start=\"216\" data-end=\"256\">recambio de alta calidad<\/strong> dise\u00f1ado para <strong data-start=\"270\" data-end=\"314\">los motores di\u00e9sel marinos Yanmar de la serie 4JH3<\/strong>, incluidos <strong data-start=\"326\" data-end=\"371\">los 4JH3-DTE, 4JH3-HTE, 4JH3-TE y 4JH3-TCE<\/strong>. Este juego completo de juntas de culata incluye todas las <strong data-start=\"429\" data-end=\"460\">juntas y retenes esenciales<\/strong> necesarios para el mantenimiento de alta gama o la reparaci\u00f3n completa de la culata, garantizando <strong data-start=\"533\" data-end=\"592\">un ajuste preciso, un sellado fiable y una durabilidad a largo plazo<\/strong> en las exigentes condiciones marinas. <\/p>\n<p data-start=\"631\" data-end=\"933\">Dise\u00f1ado para <strong data-start=\"645\" data-end=\"673\">ajustarse a las especificaciones OEM<\/strong>, el kit proporciona <strong data-start=\"692\" data-end=\"717\">un rendimiento sin fugas<\/strong>, manteniendo una <strong data-start=\"738\" data-end=\"791\">compresi\u00f3n, presi\u00f3n de aceite y eficacia de refrigeraci\u00f3n<\/strong> adecuadas. Es una <strong data-start=\"801\" data-end=\"839\">alternativa ideal y econ\u00f3mica<\/strong> a los recambios originales Yanmar, ya que ofrece <strong data-start=\"874\" data-end=\"904\">calidad profesional<\/strong> por una fracci\u00f3n del coste. <\/p>\n<h3 data-start=\"526\" data-end=\"556\"><strong data-start=\"530\" data-end=\"556\">N\u00famero de referencia de la pieza:<\/strong><\/h3>\n<ul data-start=\"557\" data-end=\"571\">\n<li data-start=\"557\" data-end=\"571\">\n<p data-start=\"559\" data-end=\"571\">729573-92605<\/p>\n<\/li>\n<\/ul>\n<h3 data-start=\"573\" data-end=\"612\"><strong data-start=\"577\" data-end=\"612\">Compatible con motores Yanmar:<\/strong><\/h3>\n<ul data-start=\"613\" data-end=\"677\">\n<li data-start=\"613\" data-end=\"629\">\n<p data-start=\"615\" data-end=\"629\"><strong data-start=\"615\" data-end=\"627\">4JH3-DTE<\/strong><\/p>\n<\/li>\n<li data-start=\"630\" data-end=\"646\">\n<p data-start=\"632\" data-end=\"646\"><strong data-start=\"632\" data-end=\"644\">4JH3-HTE<\/strong><\/p>\n<\/li>\n<li data-start=\"647\" data-end=\"662\">\n<p data-start=\"649\" data-end=\"662\"><strong data-start=\"649\" data-end=\"660\">4JH3-TE<\/strong><\/p>\n<\/li>\n<li data-start=\"663\" data-end=\"677\">\n<p data-start=\"665\" data-end=\"677\"><strong data-start=\"665\" data-end=\"677\">4JH3-TCE<\/strong><\/p>\n<\/li>\n<\/ul>\n<h3 data-start=\"679\" data-end=\"700\"><strong data-start=\"683\" data-end=\"700\">Beneficios clave:<\/strong><\/h3>\n<ul data-start=\"701\" data-end=\"1001\">\n<li data-start=\"701\" data-end=\"780\">\n<p data-start=\"703\" data-end=\"780\">Juego completo de juntas de culata de recambio para motores Yanmar de la serie 4JH<\/p>\n<\/li>\n<li data-start=\"781\" data-end=\"834\">\n<p data-start=\"783\" data-end=\"834\">Juntas de alta calidad dise\u00f1adas para un ajuste perfecto<\/p>\n<\/li>\n<li data-start=\"835\" data-end=\"891\">\n<p data-start=\"837\" data-end=\"891\">Evita fugas de aceite, refrigerante y gases de combusti\u00f3n<\/p>\n<\/li>\n<li data-start=\"892\" data-end=\"940\">\n<p data-start=\"894\" data-end=\"940\">Mantiene la compresi\u00f3n y el rendimiento del motor<\/p>\n<\/li>\n<li data-start=\"941\" data-end=\"1001\">\n<p data-start=\"943\" data-end=\"1001\">Ideal para reparaciones, reconstrucciones y mantenimiento de culatas<\/p>\n<\/li>\n<\/ul>\n<p data-start=\"1003\" data-end=\"1259\">Este <strong data-start=\"1008\" data-end=\"1059\">kit de juntas de culata Yanmar 729573-92605 de recambio<\/strong> garantiza <strong data-start=\"1068\" data-end=\"1110\">un sellado fiable y la eficiencia del motor<\/strong>, lo que lo convierte en una elecci\u00f3n de confianza para los mec\u00e1nicos marinos y los propietarios de embarcaciones que realizan el mantenimiento m\u00e1s avanzado con una <strong data-start=\"1212\" data-end=\"1243\">alternativa econ\u00f3mica<\/strong> a las piezas OEM.<\/p>\n<p data-start=\"1396\" data-end=\"1574\">\n","protected":false},"excerpt":{"rendered":"<p>Kit de juntas de culata Yanmar 729573-92605 - Recambio OEM para motores marinos de la serie 4JH3 El juego de juntas de culata Yanmar 729573-92605 es un recambio de alta calidad dise\u00f1ado para los motores di\u00e9sel marinos Yanmar de la serie 4JH3, incluidos los 4JH3-DTE, 4JH3-HTE, 4JH3-TE y 4JH3-TCE. Este juego completo de juntas de [&hellip;]<\/p>\n","protected":false},"featured_media":38445,"comment_status":"open","ping_status":"closed","template":"","meta":[],"product_brand":[4235],"product_cat":[3041,3040,2497],"product_tag":[],"class_list":{"0":"post-38444","1":"product","2":"type-product","3":"status-publish","4":"has-post-thumbnail","6":"product_brand-yanmar","7":"product_cat-juntas-de-motor","8":"product_cat-kits-de-mantenimiento-y-reparacion","9":"product_cat-piezas-de-mantenimiento-del-motor","10":"pa_condition-nuevo","11":"pa_model-4jh3-dte","12":"pa_model-4jh3-hte","13":"pa_model-4jh3-tce","14":"pa_model-4jh3-te","15":"pa_oem-or-aftermarket-posventa","17":"first","18":"onbackorder","19":"sale","20":"taxable","21":"shipping-taxable","22":"purchasable","23":"product-type-simple"},"supplier_id":7294,"supplier_sku":"ReC729573-92605","barcode":null,"atum_controlled":true,"out_stock_date":"2025-11-21 13:00:46","out_stock_threshold":null,"inheritable":false,"inbound_stock":0,"stock_on_hold":0,"sold_today":0,"sales_last_days":0,"reserved_stock":0,"customer_returns":0,"warehouse_damage":0,"lost_in_post":0,"other_logs":0,"out_stock_days":18,"lost_sales":0,"has_location":false,"update_date":"2025-11-21T13:00:46","atum_locations":[],"atum_stock_status":"onbackorder","restock_status":false,"low_stock_amount":1,"sales_update_date":"2025-10-07T07:19:53","calc_backorders":null,"_links":{"self":[{"href":"https:\/\/mps.digital-monkey.in\/es\/wp-json\/wp\/v2\/product\/38444","targetHints":{"allow":["GET"]}}],"collection":[{"href":"https:\/\/mps.digital-monkey.in\/es\/wp-json\/wp\/v2\/product"}],"about":[{"href":"https:\/\/mps.digital-monkey.in\/es\/wp-json\/wp\/v2\/types\/product"}],"replies":[{"embeddable":true,"href":"https:\/\/mps.digital-monkey.in\/es\/wp-json\/wp\/v2\/comments?post=38444"}],"wp:featuredmedia":[{"embeddable":true,"href":"https:\/\/mps.digital-monkey.in\/es\/wp-json\/wp\/v2\/media\/38445"}],"wp:attachment":[{"href":"https:\/\/mps.digital-monkey.in\/es\/wp-json\/wp\/v2\/media?parent=38444"}],"wp:term":[{"taxonomy":"product_brand","embeddable":true,"href":"https:\/\/mps.digital-monkey.in\/es\/wp-json\/wp\/v2\/product_brand?post=38444"},{"taxonomy":"product_cat","embeddable":true,"href":"https:\/\/mps.digital-monkey.in\/es\/wp-json\/wp\/v2\/product_cat?post=38444"},{"taxonomy":"product_tag","embeddable":true,"href":"https:\/\/mps.digital-monkey.in\/es\/wp-json\/wp\/v2\/product_tag?post=38444"}],"curies":[{"name":"wp","href":"https:\/\/api.w.org\/{rel}","templated":true}]}}