{"id":38458,"date":"2025-09-22T13:47:36","date_gmt":"2025-09-22T13:47:36","guid":{"rendered":"https:\/\/mps.digital-monkey.in\/product\/correa-de-transmision-serpentina-volvo-penta-21405494\/"},"modified":"2025-12-02T10:32:52","modified_gmt":"2025-12-02T10:32:52","slug":"correa-de-transmision-serpentina-volvo-penta-21405494","status":"publish","type":"product","link":"https:\/\/mps.digital-monkey.in\/es\/product\/correa-de-transmision-serpentina-volvo-penta-21405494\/","title":{"rendered":"Correa de transmisi\u00f3n serpentina Volvo Penta &#8211; 21405494"},"content":{"rendered":"<h3 data-start=\"73\" data-end=\"170\"><strong data-start=\"77\" data-end=\"170\">Correa de transmisi\u00f3n serpentina Volvo Penta &#8211; 21405494 | Recambio OEM para motores marinos D4 y D6<\/strong><\/h3>\n<p data-start=\"172\" data-end=\"601\">La <strong data-start=\"176\" data-end=\"222\">correa de transmisi\u00f3n serpentina Volvo<\/strong> <strong data-start=\"284\" data-end=\"324\">Penta<\/strong> <strong data-start=\"176\" data-end=\"222\">21405494<\/strong> es una <strong data-start=\"228\" data-end=\"268\">correa de recambio OEM de primera calidad<\/strong> dise\u00f1ada para <strong data-start=\"284\" data-end=\"324\">motores marinos Volvo Penta D4 y D6<\/strong> sin direcci\u00f3n asistida hidr\u00e1ulica. Dise\u00f1ada para ofrecer precisi\u00f3n y fiabilidad, esta correa garantiza <strong data-start=\"417\" data-end=\"445\">una transferencia eficaz de potencia<\/strong> del motor a los accesorios esenciales, como el <strong data-start=\"503\" data-end=\"552\">alternador, la bomba de agua y los sistemas auxiliares<\/strong>, manteniendo tu motor marino en perfecto funcionamiento.<\/p>\n<p data-start=\"603\" data-end=\"946\">Fabricada con <strong data-start=\"621\" data-end=\"657\">materiales duraderos de alta resistencia<\/strong>, esta correa serpentina resiste el calor, el aceite y el desgaste marino, garantizando una larga vida \u00fatil y un rendimiento constante incluso en entornos dif\u00edciles. Es la elecci\u00f3n ideal para el <strong data-start=\"824\" data-end=\"885\">mantenimiento rutinario, la sustituci\u00f3n de correas o la reconstrucci\u00f3n del motor<\/strong>, ya que ofrece <strong data-start=\"896\" data-end=\"943\">la calidad y el rendimiento genuinos de Volvo Penta<\/strong>.<\/p>\n<h3 data-start=\"628\" data-end=\"660\"><strong data-start=\"632\" data-end=\"658\">N\u00famero de referencia de la pieza:<\/strong><\/h3>\n<ul data-start=\"661\" data-end=\"673\">\n<li data-start=\"661\" data-end=\"673\">\n<p data-start=\"663\" data-end=\"673\">21405494<\/p>\n<\/li>\n<\/ul>\n<h3 data-start=\"675\" data-end=\"721\"><strong data-start=\"679\" data-end=\"719\">Compatible con motores Volvo Penta:<\/strong><\/h3>\n<ul data-start=\"722\" data-end=\"781\">\n<li data-start=\"722\" data-end=\"751\">\n<p data-start=\"724\" data-end=\"751\">Serie D4<\/p>\n<\/li>\n<li data-start=\"752\" data-end=\"781\">\n<p data-start=\"754\" data-end=\"781\">Serie D6<\/p>\n<\/li>\n<\/ul>\n<h3 data-start=\"783\" data-end=\"806\"><strong data-start=\"787\" data-end=\"804\">Beneficios clave:<\/strong><\/h3>\n<ul data-start=\"807\" data-end=\"1099\">\n<li data-start=\"807\" data-end=\"858\">\n<p data-start=\"809\" data-end=\"858\">Recambio de calidad OEM para motores Volvo Penta<\/p>\n<\/li>\n<li data-start=\"859\" data-end=\"913\">\n<p data-start=\"861\" data-end=\"913\">Acciona con precisi\u00f3n los accesorios esenciales del motor<\/p>\n<\/li>\n<li data-start=\"914\" data-end=\"969\">\n<p data-start=\"916\" data-end=\"969\">Mantiene el rendimiento y la eficacia \u00f3ptimos del motor<\/p>\n<\/li>\n<li data-start=\"970\" data-end=\"1033\">\n<p data-start=\"972\" data-end=\"1033\">Construcci\u00f3n duradera de alta resistencia para entornos marinos<\/p>\n<\/li>\n<li data-start=\"1034\" data-end=\"1099\">\n<p data-start=\"1036\" data-end=\"1099\">F\u00e1cil de instalar, lo que garantiza un tiempo de inactividad m\u00ednimo durante el mantenimiento<\/p>\n<\/li>\n<\/ul>\n<p data-start=\"1101\" data-end=\"1303\">La <strong data-start=\"1105\" data-end=\"1145\">correa de serpent\u00edn Volvo Penta 21405494<\/strong> es la elecci\u00f3n de confianza de los propietarios de embarcaciones y mec\u00e1nicos marinos que requieren <strong data-start=\"1217\" data-end=\"1269\">un rendimiento fiable y una larga durabilidad<\/strong> en condiciones marinas exigentes.<\/p>\n<p data-start=\"1432\" data-end=\"1595\">\n","protected":false},"excerpt":{"rendered":"<p>Correa de transmisi\u00f3n serpentina Volvo Penta &#8211; 21405494 | Recambio OEM para motores marinos D4 y D6 La correa de transmisi\u00f3n serpentina Volvo Penta 21405494 es una correa de recambio OEM de primera calidad dise\u00f1ada para motores marinos Volvo Penta D4 y D6 sin direcci\u00f3n asistida hidr\u00e1ulica. Dise\u00f1ada para ofrecer precisi\u00f3n y fiabilidad, esta correa [&hellip;]<\/p>\n","protected":false},"featured_media":38459,"comment_status":"open","ping_status":"closed","template":"","meta":[],"product_brand":[4229],"product_cat":[4486,4120,4594,2497,4525,4302],"product_tag":[],"class_list":{"0":"post-38458","1":"product","2":"type-product","3":"status-publish","4":"has-post-thumbnail","6":"product_brand-volvo-penta","7":"product_cat-necesitas-piezas-volvo-penta","8":"product_cat-correas-trapezoidales","9":"product_cat-correas-trapezoidales-volvo-penta","10":"product_cat-piezas-de-mantenimiento-del-motor","11":"product_cat-recambios-volvo-penta","12":"product_cat-volvo-penta","13":"pa_condition-nuevo","14":"pa_model-d4-150","15":"pa_model-d4-175","16":"pa_model-d4-180","17":"pa_model-d4-210","18":"pa_model-d4-225","19":"pa_model-d4-230","20":"pa_model-d4-260","21":"pa_model-d4-270","22":"pa_model-d4-300","23":"pa_model-d4-320","24":"pa_model-d6-260","25":"pa_model-d6-280","26":"pa_model-d6-300","27":"pa_model-d6-310","28":"pa_model-d6-330","29":"pa_model-d6-340","30":"pa_model-d6-350","31":"pa_model-d6-370","32":"pa_model-d6-380","33":"pa_model-d6-400","34":"pa_model-d6-435","35":"pa_model-d6-440","36":"pa_model-d6-480","37":"pa_oem-or-aftermarket-posventa","39":"first","40":"instock","41":"taxable","42":"shipping-taxable","43":"purchasable","44":"product-type-simple"},"supplier_id":null,"supplier_sku":"YPEKRAMER 0030|1 987 947 555","barcode":null,"atum_controlled":true,"out_stock_date":null,"out_stock_threshold":null,"inheritable":false,"inbound_stock":0,"stock_on_hold":0,"sold_today":0,"sales_last_days":0,"reserved_stock":0,"customer_returns":0,"warehouse_damage":0,"lost_in_post":0,"other_logs":0,"out_stock_days":0,"lost_sales":0,"has_location":false,"update_date":"2026-03-10T15:00:30","atum_locations":[],"atum_stock_status":"instock","restock_status":false,"low_stock_amount":"","sales_update_date":"2026-03-10T15:00:30","calc_backorders":null,"_links":{"self":[{"href":"https:\/\/mps.digital-monkey.in\/es\/wp-json\/wp\/v2\/product\/38458","targetHints":{"allow":["GET"]}}],"collection":[{"href":"https:\/\/mps.digital-monkey.in\/es\/wp-json\/wp\/v2\/product"}],"about":[{"href":"https:\/\/mps.digital-monkey.in\/es\/wp-json\/wp\/v2\/types\/product"}],"replies":[{"embeddable":true,"href":"https:\/\/mps.digital-monkey.in\/es\/wp-json\/wp\/v2\/comments?post=38458"}],"wp:featuredmedia":[{"embeddable":true,"href":"https:\/\/mps.digital-monkey.in\/es\/wp-json\/wp\/v2\/media\/38459"}],"wp:attachment":[{"href":"https:\/\/mps.digital-monkey.in\/es\/wp-json\/wp\/v2\/media?parent=38458"}],"wp:term":[{"taxonomy":"product_brand","embeddable":true,"href":"https:\/\/mps.digital-monkey.in\/es\/wp-json\/wp\/v2\/product_brand?post=38458"},{"taxonomy":"product_cat","embeddable":true,"href":"https:\/\/mps.digital-monkey.in\/es\/wp-json\/wp\/v2\/product_cat?post=38458"},{"taxonomy":"product_tag","embeddable":true,"href":"https:\/\/mps.digital-monkey.in\/es\/wp-json\/wp\/v2\/product_tag?post=38458"}],"curies":[{"name":"wp","href":"https:\/\/api.w.org\/{rel}","templated":true}]}}