{"id":38535,"date":"2025-09-23T08:59:55","date_gmt":"2025-09-23T08:59:55","guid":{"rendered":"https:\/\/mps.digital-monkey.in\/product\/yanmar-128270-11310-junta-tapa-valvulas\/"},"modified":"2025-10-30T12:24:23","modified_gmt":"2025-10-30T12:24:23","slug":"yanmar-128270-11310-junta-tapa-valvulas","status":"publish","type":"product","link":"https:\/\/mps.digital-monkey.in\/es\/product\/yanmar-128270-11310-junta-tapa-valvulas\/","title":{"rendered":"Yanmar 128270-11310 Junta Tapa V\u00e1lvulas"},"content":{"rendered":"<h3 data-start=\"74\" data-end=\"168\"><strong data-start=\"78\" data-end=\"168\">Yanmar 128270-11310 Junta de la tapa de v\u00e1lvulas &#8211; Recambio OEM para motores marinos de la serie 2GM<\/strong><\/h3>\n<p data-start=\"170\" data-end=\"530\">La <strong data-start=\"174\" data-end=\"216\">junta de la tapa de v\u00e1lvulas Yanmar 128270-11310<\/strong> es una <strong data-start=\"222\" data-end=\"259\">pieza de recambio OEM de alta calidad<\/strong> dise\u00f1ada para <strong data-start=\"273\" data-end=\"316\">motores diesel marinos Yanmar de la serie 2GM<\/strong>. Esta junta garantiza un <strong data-start=\"340\" data-end=\"364\">sellado herm\u00e9tico y fiable<\/strong> entre la tapa de la v\u00e1lvula y la culata, <strong data-start=\"420\" data-end=\"444\">evitando<\/strong> eficazmente <strong data-start=\"420\" data-end=\"444\">las fugas de aceite<\/strong> y manteniendo un funcionamiento limpio y eficiente del motor en entornos marinos exigentes.<\/p>\n<p data-start=\"532\" data-end=\"805\">Esta junta, ideal para el <strong data-start=\"542\" data-end=\"609\">mantenimiento del extremo superior, ajustes de v\u00e1lvulas o reconstrucciones completas del motor<\/strong>, proporciona <strong data-start=\"632\" data-end=\"678\">un rendimiento de sellado duradero y resistente al aceite<\/strong>, y sirve como <strong data-start=\"695\" data-end=\"725\">alternativa rentable<\/strong> a la pieza original Yanmar OEM, con la misma fiabilidad y ajuste de precisi\u00f3n.<\/p>\n<hr data-start=\"849\" data-end=\"852\">\n<h3 data-start=\"854\" data-end=\"874\">\u2699\ufe0f Compatibilidad<\/h3>\n<p data-start=\"875\" data-end=\"929\">Compatible con los siguientes motores marinos Yanmar:<\/p>\n<ul data-start=\"931\" data-end=\"1147\">\n<li data-start=\"931\" data-end=\"941\">\n<p data-start=\"933\" data-end=\"941\">2GM(F)<\/p>\n<\/li>\n<li data-start=\"942\" data-end=\"951\">\n<p data-start=\"944\" data-end=\"951\">2GM20<\/p>\n<\/li>\n<li data-start=\"952\" data-end=\"965\">\n<p data-start=\"954\" data-end=\"965\">2GM20-YEU<\/p>\n<\/li>\n<li data-start=\"966\" data-end=\"976\">\n<p data-start=\"968\" data-end=\"976\">2GM20B<\/p>\n<\/li>\n<li data-start=\"977\" data-end=\"987\">\n<p data-start=\"979\" data-end=\"987\">2GM20C<\/p>\n<\/li>\n<li data-start=\"988\" data-end=\"1002\">\n<p data-start=\"990\" data-end=\"1002\">2GM20C-YEU<\/p>\n<\/li>\n<li data-start=\"1003\" data-end=\"1013\">\n<p data-start=\"1005\" data-end=\"1013\">2GM20F<\/p>\n<\/li>\n<li data-start=\"1014\" data-end=\"1028\">\n<p data-start=\"1016\" data-end=\"1028\">2GM20F-YEU<\/p>\n<\/li>\n<li data-start=\"1029\" data-end=\"1044\">\n<p data-start=\"1031\" data-end=\"1044\">2GM20FC-YEU<\/p>\n<\/li>\n<li data-start=\"1045\" data-end=\"1057\">\n<p data-start=\"1047\" data-end=\"1057\">2GM20FVE<\/p>\n<\/li>\n<li data-start=\"1058\" data-end=\"1069\">\n<p data-start=\"1060\" data-end=\"1069\">2GM20VE<\/p>\n<\/li>\n<li data-start=\"1070\" data-end=\"1079\">\n<p data-start=\"1072\" data-end=\"1079\">2GMFL<\/p>\n<\/li>\n<li data-start=\"1080\" data-end=\"1094\">\n<p data-start=\"1082\" data-end=\"1094\">2GMFY(E)-E<\/p>\n<\/li>\n<li data-start=\"1095\" data-end=\"1103\">\n<p data-start=\"1097\" data-end=\"1103\">2GML<\/p>\n<\/li>\n<li data-start=\"1104\" data-end=\"1113\">\n<p data-start=\"1106\" data-end=\"1113\">2GMLP<\/p>\n<\/li>\n<li data-start=\"1114\" data-end=\"1125\">\n<p data-start=\"1116\" data-end=\"1125\">2GMLP-C<\/p>\n<\/li>\n<li data-start=\"1126\" data-end=\"1138\">\n<p data-start=\"1128\" data-end=\"1138\">2GMYE-EC<\/p>\n<\/li>\n<li data-start=\"1139\" data-end=\"1147\">\n<p data-start=\"1141\" data-end=\"1147\">2GMZ<\/p>\n<\/li>\n<\/ul>\n<p data-start=\"1149\" data-end=\"1221\"><em data-start=\"1149\" data-end=\"1219\">(Comprueba siempre el modelo y el n\u00famero de serie de tu motor antes de hacer el pedido).<\/em><\/p>\n<hr data-start=\"1223\" data-end=\"1226\">\n<h3 data-start=\"1228\" data-end=\"1252\">\ud83d\udce6 Datos t\u00e9cnicos<\/h3>\n<div class=\"_tableContainer_1rjym_1\">\n<div class=\"group _tableWrapper_1rjym_13 flex w-fit flex-col-reverse\" tabindex=\"-1\">\n<table class=\"w-fit min-w-(--thread-content-width)\" data-start=\"1254\" data-end=\"1544\">\n<thead data-start=\"1254\" data-end=\"1280\">\n<tr data-start=\"1254\" data-end=\"1280\">\n<th data-start=\"1254\" data-end=\"1270\" data-col-size=\"sm\">Especificaci\u00f3n<\/th>\n<th data-start=\"1270\" data-end=\"1280\" data-col-size=\"sm\">Detalle<\/th>\n<\/tr>\n<\/thead>\n<tbody data-start=\"1308\" data-end=\"1544\">\n<tr data-start=\"1308\" data-end=\"1340\">\n<td data-start=\"1308\" data-end=\"1324\" data-col-size=\"sm\">N\u00famero de pieza<\/td>\n<td data-col-size=\"sm\" data-start=\"1324\" data-end=\"1340\">128270-11310<\/td>\n<\/tr>\n<tr data-start=\"1341\" data-end=\"1388\">\n<td data-start=\"1341\" data-end=\"1357\" data-col-size=\"sm\">Tipo<\/td>\n<td data-col-size=\"sm\" data-start=\"1357\" data-end=\"1388\">Junta de la tapa de v\u00e1lvulas (cap\u00f3)<\/td>\n<\/tr>\n<tr data-start=\"1389\" data-end=\"1446\">\n<td data-start=\"1389\" data-end=\"1405\" data-col-size=\"sm\">Material<\/td>\n<td data-col-size=\"sm\" data-start=\"1405\" data-end=\"1446\">Goma \/ composite para resistencia al aceite<\/td>\n<\/tr>\n<tr data-start=\"1447\" data-end=\"1487\">\n<td data-start=\"1447\" data-end=\"1463\" data-col-size=\"sm\">Estado<\/td>\n<td data-col-size=\"sm\" data-start=\"1463\" data-end=\"1487\">Nuevo, recambio OEM<\/td>\n<\/tr>\n<tr data-start=\"1488\" data-end=\"1544\">\n<td data-start=\"1488\" data-end=\"1504\" data-col-size=\"sm\">Compatibilidad<\/td>\n<td data-col-size=\"sm\" data-start=\"1504\" data-end=\"1544\">Todos los motores de la serie 2GM arriba indicados<\/td>\n<\/tr>\n<\/tbody>\n<\/table>\n<\/div>\n<\/div>\n<hr data-start=\"1546\" data-end=\"1549\">\n<h3 data-start=\"1551\" data-end=\"1573\">\ud83d\udca1 Cu\u00e1ndo sustituir<\/h3>\n<ul data-start=\"1574\" data-end=\"1738\">\n<li data-start=\"1574\" data-end=\"1610\">\n<p data-start=\"1576\" data-end=\"1610\">Fugas de aceite alrededor de la tapa de la v\u00e1lvula<\/p>\n<\/li>\n<li data-start=\"1611\" data-end=\"1652\">Durante el mantenimiento superior o la reconstrucci\u00f3n del motor<\/li>\n<\/ul>\n<hr data-start=\"1740\" data-end=\"1743\">\n<h3 data-start=\"1745\" data-end=\"1789\">\u2705 Por qu\u00e9 elegir esta junta de recambio OEM<\/h3>\n<ul data-start=\"1790\" data-end=\"2004\">\n<li data-start=\"1790\" data-end=\"1845\">\n<p data-start=\"1792\" data-end=\"1845\">Rendimiento fiable conforme a las especificaciones Yanmar<\/p>\n<\/li>\n<li data-start=\"1846\" data-end=\"1908\">\n<p data-start=\"1848\" data-end=\"1908\">Material de goma\/compuesto duradero para un sellado duradero<\/p>\n<\/li>\n<li data-start=\"1909\" data-end=\"1960\">\n<p data-start=\"1911\" data-end=\"1960\">Alternativa rentable a las piezas originales<\/p>\n<\/li>\n<li data-start=\"1961\" data-end=\"2004\">\n<p data-start=\"1963\" data-end=\"2004\">F\u00e1cil instalaci\u00f3n con herramientas manuales b\u00e1sicas<\/p>\n<\/li>\n<\/ul>\n<hr data-start=\"2006\" data-end=\"2009\">\n<h3 data-start=\"2011\" data-end=\"2047\">\ud83d\uded2 Disponible en MarinePartSystem<\/h3>\n<p data-start=\"2048\" data-end=\"2205\">Compra la <strong data-start=\"2061\" data-end=\"2121\">Junta de la Tapa de V\u00e1lvulas Yanmar 128270-11310 (Recambio OEM<\/strong> ) en <strong data-start=\"2125\" data-end=\"2145\">MarinePartSystem<\/strong>, tu tienda de confianza para los recambios de motores marinos.<\/p>\n","protected":false},"excerpt":{"rendered":"<p>Yanmar 128270-11310 Junta de la tapa de v\u00e1lvulas &#8211; Recambio OEM para motores marinos de la serie 2GM La junta de la tapa de v\u00e1lvulas Yanmar 128270-11310 es una pieza de recambio OEM de alta calidad dise\u00f1ada para motores diesel marinos Yanmar de la serie 2GM. Esta junta garantiza un sellado herm\u00e9tico y fiable entre [&hellip;]<\/p>\n","protected":false},"featured_media":38536,"comment_status":"open","ping_status":"closed","template":"","meta":[],"product_brand":[4235],"product_cat":[3041,3040,4450,2497,4448,4528],"product_tag":[],"class_list":{"0":"post-38535","1":"product","2":"type-product","3":"status-publish","4":"has-post-thumbnail","6":"product_brand-yanmar","7":"product_cat-juntas-de-motor","8":"product_cat-kits-de-mantenimiento-y-reparacion","9":"product_cat-piezas-2gm-2gm20","10":"product_cat-piezas-de-mantenimiento-del-motor","11":"product_cat-yanmar","12":"product_cat-yanmar-service-parts","13":"pa_condition-nuevo","14":"pa_model-2gm","15":"pa_model-2gmf","16":"pa_model-2gm20","17":"pa_model-2gm20-yeu","18":"pa_model-2gm20f","19":"pa_model-2gm20f-yeu","20":"pa_model-2gm20fc-yeu","21":"pa_model-2gm20fv","22":"pa_model-2gm20fve","23":"pa_model-2gm20v","24":"pa_model-2gm20ve","26":"pa_model-2gmf-yeu","27":"pa_model-2gmfl","28":"pa_model-2gmfye","29":"pa_oem-or-aftermarket-posventa","31":"first","32":"instock","33":"sale","34":"taxable","35":"shipping-taxable","36":"purchasable","37":"product-type-simple"},"supplier_id":7294,"supplier_sku":"REC128270\u201111310","barcode":null,"atum_controlled":true,"out_stock_date":null,"out_stock_threshold":null,"inheritable":false,"inbound_stock":0,"stock_on_hold":0,"sold_today":0,"sales_last_days":1,"reserved_stock":0,"customer_returns":0,"warehouse_damage":0,"lost_in_post":0,"other_logs":0,"out_stock_days":0,"lost_sales":0,"has_location":false,"update_date":"2026-03-10T15:21:27","atum_locations":[],"atum_stock_status":"instock","restock_status":false,"low_stock_amount":1,"sales_update_date":"2026-03-10T15:21:27","calc_backorders":0,"_links":{"self":[{"href":"https:\/\/mps.digital-monkey.in\/es\/wp-json\/wp\/v2\/product\/38535","targetHints":{"allow":["GET"]}}],"collection":[{"href":"https:\/\/mps.digital-monkey.in\/es\/wp-json\/wp\/v2\/product"}],"about":[{"href":"https:\/\/mps.digital-monkey.in\/es\/wp-json\/wp\/v2\/types\/product"}],"replies":[{"embeddable":true,"href":"https:\/\/mps.digital-monkey.in\/es\/wp-json\/wp\/v2\/comments?post=38535"}],"wp:featuredmedia":[{"embeddable":true,"href":"https:\/\/mps.digital-monkey.in\/es\/wp-json\/wp\/v2\/media\/38536"}],"wp:attachment":[{"href":"https:\/\/mps.digital-monkey.in\/es\/wp-json\/wp\/v2\/media?parent=38535"}],"wp:term":[{"taxonomy":"product_brand","embeddable":true,"href":"https:\/\/mps.digital-monkey.in\/es\/wp-json\/wp\/v2\/product_brand?post=38535"},{"taxonomy":"product_cat","embeddable":true,"href":"https:\/\/mps.digital-monkey.in\/es\/wp-json\/wp\/v2\/product_cat?post=38535"},{"taxonomy":"product_tag","embeddable":true,"href":"https:\/\/mps.digital-monkey.in\/es\/wp-json\/wp\/v2\/product_tag?post=38535"}],"curies":[{"name":"wp","href":"https:\/\/api.w.org\/{rel}","templated":true}]}}