{"id":38822,"date":"2025-10-02T07:09:43","date_gmt":"2025-10-02T07:09:43","guid":{"rendered":"https:\/\/mps.digital-monkey.in\/product\/motor-marino-diesel-volvo-penta-2002-con-salpicadero-y-saildrive\/"},"modified":"2025-10-10T14:48:02","modified_gmt":"2025-10-10T14:48:02","slug":"motor-marino-diesel-volvo-penta-2002-con-salpicadero-y-saildrive","status":"publish","type":"product","link":"https:\/\/mps.digital-monkey.in\/es\/producto\/motor-marino-diesel-volvo-penta-2002-con-salpicadero-y-saildrive\/","title":{"rendered":"Motor marino diesel Volvo Penta 2002 con salpicadero y Saildrive"},"content":{"rendered":"<h3 data-start=\"74\" data-end=\"146\"><strong data-start=\"78\" data-end=\"146\">Motor diesel marino Volvo Penta 2002 con salpicadero y Saildrive<\/strong><\/h3>\n<p data-start=\"148\" data-end=\"484\">El <strong data-start=\"152\" data-end=\"172\">Volvo Penta 2002<\/strong> es un <strong data-start=\"178\" data-end=\"234\">motor diesel marino de 2 cilindros compacto y fiable<\/strong>, dise\u00f1ado para yates, veleros y embarcaciones peque\u00f1as que requieren una propulsi\u00f3n fiable. Esta unidad de segunda mano, que se ofrece <strong data-start=\"325\" data-end=\"369\">con salpicadero, saildrive y h\u00e9lice<\/strong>, est\u00e1 <strong data-start=\"394\" data-end=\"423\">totalmente revisada y probada<\/strong>, lo que la hace ideal para <strong data-start=\"445\" data-end=\"481\">proyectos de repotenciaci\u00f3n o reacondicionamiento de yates<\/strong>. <\/p>\n<p data-start=\"486\" data-end=\"770\">Conocido por su <strong data-start=\"500\" data-end=\"561\">durabilidad, ahorro de combustible y dise\u00f1o mec\u00e1nico sencillo<\/strong>, el Volvo Penta 2002 garantiza un funcionamiento suave y uniforme en el mar. Cada motor se <strong data-start=\"647\" data-end=\"683\">entrega listo para su instalaci\u00f3n<\/strong>, con <strong data-start=\"690\" data-end=\"716\">aceite nuevo, filtros nuevos<\/strong> y los <strong data-start=\"726\" data-end=\"758\">manuales originales Volvo Penta<\/strong> incluidos. <\/p>\n<hr data-start=\"664\" data-end=\"667\">\n<h3 data-start=\"669\" data-end=\"699\">Especificaciones t\u00e9cnicas<\/h3>\n<ul data-start=\"700\" data-end=\"1189\">\n<li data-start=\"700\" data-end=\"731\">\n<p data-start=\"702\" data-end=\"731\"><strong data-start=\"702\" data-end=\"712\">Modelo:<\/strong> Volvo Penta 2002<\/p>\n<\/li>\n<li data-start=\"732\" data-end=\"788\">\n<p data-start=\"734\" data-end=\"788\"><strong data-start=\"734\" data-end=\"751\">Potencia de salida:<\/strong> Aprox. 18 CV (13 kW) a 3.200 rpm <\/p>\n<\/li>\n<li data-start=\"789\" data-end=\"843\">\n<p data-start=\"791\" data-end=\"843\"><strong data-start=\"791\" data-end=\"805\">Cilindros:<\/strong> 2, cuatro tiempos, atmosf\u00e9ricos<\/p>\n<\/li>\n<li data-start=\"844\" data-end=\"883\">\n<p data-start=\"846\" data-end=\"883\"><strong data-start=\"846\" data-end=\"863\">Cilindrada:<\/strong> ~ 830 cc (0,83 L)<\/p>\n<\/li>\n<li data-start=\"884\" data-end=\"940\">\n<p data-start=\"886\" data-end=\"940\"><strong data-start=\"886\" data-end=\"905\">Sistema de refrigeraci\u00f3n:<\/strong> Intercambiador de calor \/ refrigerado por agua de mar<\/p>\n<\/li>\n<li data-start=\"986\" data-end=\"1015\">\n<p data-start=\"988\" data-end=\"1015\"><strong data-start=\"988\" data-end=\"1005\">Capacidad del aceite:<\/strong> ~ 2,8 L<\/p>\n<\/li>\n<li data-start=\"1016\" data-end=\"1067\">\n<p data-start=\"1018\" data-end=\"1067\"><strong data-start=\"1018\" data-end=\"1032\">RPM nominales:<\/strong> 3.200 rpm<\/p>\n<\/li>\n<li data-start=\"1068\" data-end=\"1135\">\n<p data-start=\"1070\" data-end=\"1135\"><strong data-start=\"1070\" data-end=\"1087\">Construcci\u00f3n:<\/strong> Bloque y culata de hierro fundido<\/p>\n<\/li>\n<li data-start=\"1136\" data-end=\"1189\">\n<p data-start=\"1138\" data-end=\"1189\"><strong data-start=\"1138\" data-end=\"1148\">Accionamiento:<\/strong> Unidad Saildrive con h\u00e9lice incluida ( tambi\u00e9n se puede utilizar caja de cambios )<\/p>\n<\/li>\n<\/ul>\n<hr data-start=\"1191\" data-end=\"1194\">\n<h3 data-start=\"1196\" data-end=\"1221\">Estado y servicio<\/h3>\n<ul data-start=\"1222\" data-end=\"1421\">\n<li data-start=\"1222\" data-end=\"1255\">\n<p data-start=\"1224\" data-end=\"1255\">El motor funciona en buenas condiciones<\/p>\n<\/li>\n<li data-start=\"1256\" data-end=\"1273\">\n<p data-start=\"1258\" data-end=\"1273\">Horas desconocidas<\/p>\n<\/li>\n<li data-start=\"1274\" data-end=\"1336\">\n<p data-start=\"1276\" data-end=\"1336\">Se entrega con una <strong data-start=\"1293\" data-end=\"1309\">revisi\u00f3n completa<\/strong> (cambio de aceite y filtros)<\/p>\n<\/li>\n<li data-start=\"1337\" data-end=\"1374\">\n<p data-start=\"1339\" data-end=\"1374\">Probado y listo para instalar<\/p>\n<\/li>\n<li data-start=\"1375\" data-end=\"1421\">\n<p data-start=\"1377\" data-end=\"1421\">Incluye <strong data-start=\"1386\" data-end=\"1410\">libros\/manuales<\/strong> originales <strong data-start=\"1386\" data-end=\"1410\">del motor<\/strong> <\/p>\n<\/li>\n<\/ul>\n<hr data-start=\"1423\" data-end=\"1426\">\n<h3 data-start=\"1428\" data-end=\"1449\">Qu\u00e9 incluye<\/h3>\n<ul data-start=\"1450\" data-end=\"1594\">\n<li data-start=\"1450\" data-end=\"1477\">\n<p data-start=\"1452\" data-end=\"1477\">Motor Volvo Penta 2002<\/p>\n<\/li>\n<li data-start=\"1478\" data-end=\"1513\">\n<p data-start=\"1480\" data-end=\"1513\">Cuadro de mandos \/ instrumentos de control<\/p>\n<\/li>\n<li data-start=\"1514\" data-end=\"1542\">\n<p data-start=\"1516\" data-end=\"1542\">Saildrive con h\u00e9lice<\/p>\n<\/li>\n<li data-start=\"1543\" data-end=\"1575\">\n<p data-start=\"1545\" data-end=\"1575\">Servicio completo (aceite y filtros)<\/p>\n<\/li>\n<li data-start=\"1576\" data-end=\"1594\">\n<p data-start=\"1578\" data-end=\"1594\">Manuales del motor<\/p>\n<\/li>\n<\/ul>\n<hr data-start=\"1596\" data-end=\"1599\">\n<h3 data-start=\"1601\" data-end=\"1614\">Precios<\/h3>\n<ul data-start=\"1615\" data-end=\"1694\">\n<li data-start=\"1615\" data-end=\"1642\">\n<p data-start=\"1617\" data-end=\"1642\"><strong data-start=\"1617\" data-end=\"1633\">S\u00f3lo motor:<\/strong> 2.450<\/p>\n<\/li>\n<li data-start=\"1643\" data-end=\"1694\">\n<p data-start=\"1645\" data-end=\"1694\"><strong data-start=\"1645\" data-end=\"1685\">Motor + Saildrive (con h\u00e9lice):<\/strong> \u20ac2,850<\/p>\n<\/li>\n<\/ul>\n<hr data-start=\"1696\" data-end=\"1699\">\n<h3 data-start=\"1701\" data-end=\"1724\">Informaci\u00f3n de pedido<\/h3>\n<p data-start=\"1725\" data-end=\"1860\">\ud83d\udce9 <strong data-start=\"1728\" data-end=\"1749\">Ponte en contacto con nosotros para comprar<\/strong> este paquete Volvo Penta 2002.<br data-start=\"1780\" data-end=\"1783\">Estaremos encantados de proporcionarte m\u00e1s detalles, opciones de env\u00edo y disponibilidad.<\/p>\n","protected":false},"excerpt":{"rendered":"<p>Motor diesel marino Volvo Penta 2002 con salpicadero y Saildrive El Volvo Penta 2002 es un motor diesel marino de 2 cilindros compacto y fiable, dise\u00f1ado para yates, veleros y embarcaciones peque\u00f1as que requieren una propulsi\u00f3n fiable. Esta unidad de segunda mano, que se ofrece con salpicadero, saildrive y h\u00e9lice, est\u00e1 totalmente revisada y probada, [&hellip;]<\/p>\n","protected":false},"featured_media":38823,"comment_status":"open","ping_status":"closed","template":"","meta":[],"product_brand":[4229],"product_cat":[4486,4495,2493,4469,4302,4462],"product_tag":[],"class_list":{"0":"post-38822","1":"product","2":"type-product","3":"status-publish","4":"has-post-thumbnail","6":"product_brand-volvo-penta","7":"product_cat-necesitas-piezas-volvo-penta","8":"product_cat-comprar-recambios-usados-volvo-penta","9":"product_cat-motores","10":"product_cat-recambios-volvo-penta-2002","11":"product_cat-volvo-penta","12":"product_cat-volvo-penta-serie-2000","13":"product_shipping_class-motor-es","14":"pa_condition-usado","15":"pa_model-3112","16":"pa_oem-or-aftermarket-oem","18":"first","19":"outofstock","20":"taxable","21":"shipping-taxable","22":"purchasable","23":"product-type-simple"},"supplier_id":null,"supplier_sku":"","barcode":null,"atum_controlled":true,"out_stock_date":"2025-11-04 10:44:06","out_stock_threshold":null,"inheritable":false,"inbound_stock":0,"stock_on_hold":0,"sold_today":0,"sales_last_days":0,"reserved_stock":0,"customer_returns":0,"warehouse_damage":0,"lost_in_post":0,"other_logs":0,"out_stock_days":136,"lost_sales":0,"has_location":false,"update_date":"2026-03-20T11:16:33","atum_locations":[],"atum_stock_status":"outofstock","restock_status":false,"low_stock_amount":1,"sales_update_date":"2026-03-20T11:16:33","calc_backorders":null,"_links":{"self":[{"href":"https:\/\/mps.digital-monkey.in\/es\/wp-json\/wp\/v2\/product\/38822","targetHints":{"allow":["GET"]}}],"collection":[{"href":"https:\/\/mps.digital-monkey.in\/es\/wp-json\/wp\/v2\/product"}],"about":[{"href":"https:\/\/mps.digital-monkey.in\/es\/wp-json\/wp\/v2\/types\/product"}],"replies":[{"embeddable":true,"href":"https:\/\/mps.digital-monkey.in\/es\/wp-json\/wp\/v2\/comments?post=38822"}],"wp:featuredmedia":[{"embeddable":true,"href":"https:\/\/mps.digital-monkey.in\/es\/wp-json\/wp\/v2\/media\/38823"}],"wp:attachment":[{"href":"https:\/\/mps.digital-monkey.in\/es\/wp-json\/wp\/v2\/media?parent=38822"}],"wp:term":[{"taxonomy":"product_brand","embeddable":true,"href":"https:\/\/mps.digital-monkey.in\/es\/wp-json\/wp\/v2\/product_brand?post=38822"},{"taxonomy":"product_cat","embeddable":true,"href":"https:\/\/mps.digital-monkey.in\/es\/wp-json\/wp\/v2\/product_cat?post=38822"},{"taxonomy":"product_tag","embeddable":true,"href":"https:\/\/mps.digital-monkey.in\/es\/wp-json\/wp\/v2\/product_tag?post=38822"}],"curies":[{"name":"wp","href":"https:\/\/api.w.org\/{rel}","templated":true}]}}