{"id":39003,"date":"2025-10-06T09:55:34","date_gmt":"2025-10-06T09:55:34","guid":{"rendered":"https:\/\/mps.digital-monkey.in\/product\/manguera-de-combustible-diesel-marino-8-mm-resistente-al-fuego-iso-7840-a1-linea-de-combustible-de-alta-calidad\/"},"modified":"2025-10-10T11:47:50","modified_gmt":"2025-10-10T11:47:50","slug":"manguera-de-combustible-diesel-marino-8-mm-resistente-al-fuego-iso-7840-a1-linea-de-combustible-de-alta-calidad","status":"publish","type":"product","link":"https:\/\/mps.digital-monkey.in\/es\/product\/manguera-de-combustible-diesel-marino-8-mm-resistente-al-fuego-iso-7840-a1-linea-de-combustible-de-alta-calidad\/","title":{"rendered":"Manguera de combustible diesel marino 8 mm &#8211; Resistente al fuego ISO 7840 A1 | L\u00ednea de combustible de alta calidad"},"content":{"rendered":"<h3 data-start=\"88\" data-end=\"170\"><strong data-start=\"92\" data-end=\"170\">Manguera de combustible diesel marino 8 mm &#8211; L\u00ednea de combustible ign\u00edfuga, certificada ISO 7840<\/strong><\/h3>\n<p data-start=\"172\" data-end=\"554\">La <strong data-start=\"176\" data-end=\"207\">manguera de combustible di\u00e9sel marina de 8 mm<\/strong> es una <strong data-start=\"213\" data-end=\"261\">manguera de combustible ign\u00edfuga de calidad profesional,<\/strong> dise\u00f1ada para <strong data-start=\"275\" data-end=\"301\">motores intraborda marinos<\/strong> y <strong data-start=\"306\" data-end=\"338\">sistemas de transferencia de combustible di\u00e9sel<\/strong>. Certificada conforme a las <strong data-start=\"356\" data-end=\"376\">normas ISO 7840:2021 A1<\/strong> y <strong data-start=\"381\" data-end=\"407\">SAE J1527:2011 USCG A1<\/strong>, cumple las <strong data-start=\"422\" data-end=\"471\">m\u00e1s estrictas normas internacionales de seguridad marina<\/strong>, por lo que es ideal para <strong data-start=\"517\" data-end=\"551\">embarcaciones<\/strong> <strong data-start=\"498\" data-end=\"512\">comerciales<\/strong> y <strong data-start=\"517\" data-end=\"551\">de recreo de hasta 24 metros<\/strong>. <\/p>\n<p data-start=\"556\" data-end=\"863\">Dise\u00f1ada para <strong data-start=\"571\" data-end=\"619\">un suministro de combustible seguro, eficiente y sin fugas<\/strong>, esta manguera admite <strong data-start=\"640\" data-end=\"681\">combustibles di\u00e9sel, biodi\u00e9sel y sin plomo<\/strong>, garantizando un rendimiento fiable en las duras condiciones del agua salada. Est\u00e1 <strong data-start=\"750\" data-end=\"788\">homologada por RINA y Lloyd&#8217;s Register<\/strong>, lo que garantiza calidad de primer nivel, resistencia a las llamas y larga vida \u00fatil. <\/p>\n<h3 data-start=\"1413\" data-end=\"1446\"><strong data-start=\"1417\" data-end=\"1446\">Especificaciones t\u00e9cnicas:<\/strong><\/h3>\n<ul data-start=\"1447\" data-end=\"1771\">\n<li data-start=\"1447\" data-end=\"1475\">\n<p data-start=\"1449\" data-end=\"1475\"><strong data-start=\"1449\" data-end=\"1468\">Di\u00e1metro interior:<\/strong> 8 mm<\/p>\n<\/li>\n<li data-start=\"1476\" data-end=\"1505\">\n<p data-start=\"1478\" data-end=\"1505\"><strong data-start=\"1478\" data-end=\"1497\">Di\u00e1metro exterior:<\/strong> 15 mm<\/p>\n<\/li>\n<li data-start=\"1506\" data-end=\"1550\">\n<p data-start=\"1508\" data-end=\"1550\"><strong data-start=\"1508\" data-end=\"1517\">Se adapta a<\/strong> Boquillas y racores de dep\u00f3sito de 8 mm<\/p>\n<\/li>\n<li data-start=\"1551\" data-end=\"1580\">\n<p data-start=\"1553\" data-end=\"1580\"><strong data-start=\"1553\" data-end=\"1572\">Radio de curvatura:<\/strong> 60 mm<\/p>\n<\/li>\n<li data-start=\"1581\" data-end=\"1613\">\n<p data-start=\"1583\" data-end=\"1613\"><strong data-start=\"1583\" data-end=\"1604\">Presi\u00f3n de trabajo:<\/strong> 14 Bar<\/p>\n<\/li>\n<li data-start=\"1614\" data-end=\"1667\">\n<p data-start=\"1616\" data-end=\"1667\"><strong data-start=\"1616\" data-end=\"1635\">Presi\u00f3n de rotura:<\/strong> 30 Bar (Categor\u00eda Muy Fuerte)<\/p>\n<\/li>\n<li data-start=\"1668\" data-end=\"1709\">\n<p data-start=\"1670\" data-end=\"1709\"><strong data-start=\"1670\" data-end=\"1692\">Rango de temperatura:<\/strong> -20\u00b0C a +80\u00b0C<\/p>\n<\/li>\n<li data-start=\"1710\" data-end=\"1771\">\n<p data-start=\"1712\" data-end=\"1771\"><strong data-start=\"1712\" data-end=\"1723\">Longitud:<\/strong> Se vende por metro (longitudes continuas disponibles)<\/p>\n<\/li>\n<\/ul>\n<h3 data-start=\"1773\" data-end=\"1802\"><strong data-start=\"1777\" data-end=\"1802\">Detalles de construcci\u00f3n:<\/strong><\/h3>\n<ul data-start=\"1803\" data-end=\"2508\">\n<li data-start=\"1803\" data-end=\"1993\">\n<p data-start=\"1805\" data-end=\"1993\"><strong data-start=\"1805\" data-end=\"1814\">Tubo:<\/strong> Caucho NBR negro liso resistente a productos derivados del petr\u00f3leo con hasta un 50% de contenido arom\u00e1tico. Compatible con biodi\u00e9sel y combustibles sin plomo que contengan hasta un 15% de compuestos oxigenados. <\/p>\n<\/li>\n<li data-start=\"1994\" data-end=\"2105\">\n<p data-start=\"1996\" data-end=\"2105\"><strong data-start=\"1996\" data-end=\"2014\">Refuerzo:<\/strong> L\u00e1minas textiles sint\u00e9ticas de alta resistencia para una excelente flexibilidad y resistencia a la presi\u00f3n.<\/p>\n<\/li>\n<li data-start=\"2106\" data-end=\"2268\">\n<p data-start=\"2108\" data-end=\"2268\"><strong data-start=\"2108\" data-end=\"2118\">Cubierta:<\/strong> Caucho CR\/NBR, resistente a la abrasi\u00f3n, el calor, el combustible, el ozono y los agentes ambientales marinos. Resistente al fuego y autoextinguible para m\u00e1xima seguridad. <\/p>\n<\/li>\n<li data-start=\"2269\" data-end=\"2344\">\n<p data-start=\"2271\" data-end=\"2344\"><strong data-start=\"2271\" data-end=\"2283\">Superficie:<\/strong> Capa exterior lisa y acabada en tela para facilitar la instalaci\u00f3n.<\/p>\n<\/li>\n<li data-start=\"2345\" data-end=\"2508\">\n<p data-start=\"2347\" data-end=\"2508\"><strong data-start=\"2347\" data-end=\"2360\">Marca:<\/strong> Letras en cinta de transferencia roja: \u00abt CARBOPOMP MARINE FUEL ISO 7840:2021 A1 E10\/B10 COMPATIBLE CE &#8211; SAE J1527:2021 USCG A1 &#8211; RINA &#8211; LLOYD&#8217;S REGISTER\u00bb.<\/p>\n<\/li>\n<\/ul>\n<h3 data-start=\"2510\" data-end=\"2542\"><strong data-start=\"2514\" data-end=\"2542\">Caracter\u00edsticas y ventajas principales:<\/strong><\/h3>\n<p data-start=\"2543\" data-end=\"2910\">\u2705 Resistente al fuego y autoextinguible para cumplir la normativa de seguridad marina<br data-start=\"2611\" data-end=\"2614\">\u2705 Dise\u00f1ado para sistemas de <strong data-start=\"2629\" data-end=\"2669\">combustible di\u00e9sel, biodi\u00e9sel y sin plomo<\/strong><br data-start=\"2677\" data-end=\"2680\">\u2705 Soporta entornos marinos severos (-20\u00b0C a +80\u00b0C)<br data-start=\"2735\" data-end=\"2738\">\u2705 Gran flexibilidad con un radio de curvatura de 60 mm<br data-start=\"2784\" data-end=\"2787\">\u2705 Resistente a la abrasi\u00f3n, el combustible, el ozono y el agua de mar<br data-start=\"2837\" data-end=\"2840\">\u2705 Certificado por RINA y Lloyd&#8217;s Register para uso marino profesional<\/p>\n<h3 data-start=\"2912\" data-end=\"2933\"><strong data-start=\"2916\" data-end=\"2933\">Aplicaciones:<\/strong><\/h3>\n<p data-start=\"2934\" data-end=\"2985\">La <strong data-start=\"2938\" data-end=\"2969\">manguera de combustible di\u00e9sel marino de 8 mm<\/strong> es ideal para:<\/p>\n<ul data-start=\"2986\" data-end=\"3183\">\n<li data-start=\"2986\" data-end=\"3033\">\n<p data-start=\"2988\" data-end=\"3033\">Motores marinos intraborda (embarcaciones de hasta 24 m)<\/p>\n<\/li>\n<li data-start=\"3034\" data-end=\"3078\">\n<p data-start=\"3036\" data-end=\"3078\">Conductos de suministro de combustible di\u00e9sel y biodi\u00e9sel<\/p>\n<\/li>\n<li data-start=\"3079\" data-end=\"3133\">\n<p data-start=\"3081\" data-end=\"3133\">Embarcaciones de recreo, yates y peque\u00f1as embarcaciones comerciales<\/p>\n<\/li>\n<li data-start=\"3134\" data-end=\"3183\">\n<p data-start=\"3136\" data-end=\"3183\">Sistemas de transferencia de combustible estacionarios y port\u00e1tiles<\/p>\n<\/li>\n<\/ul>\n<h3 data-start=\"3185\" data-end=\"3236\"><strong data-start=\"3189\" data-end=\"3236\">\u00bfPor qu\u00e9 elegir nuestra manguera para combustible diesel marino de 8 mm?<\/strong><\/h3>\n<p data-start=\"3237\" data-end=\"3570\">Esta manguera est\u00e1 dise\u00f1ada para <strong data-start=\"3265\" data-end=\"3294\">ofrecer longevidad y rendimiento<\/strong>, garantizando una transferencia de combustible sin fugas incluso bajo presi\u00f3n. Tanto si se utiliza para repostar como para instalaciones fijas a bordo, ofrece confianza y cumple las normas de seguridad mundiales. Su <strong data-start=\"3479\" data-end=\"3527\">construcci\u00f3n ign\u00edfuga y resistente a la intemperie<\/strong> garantiza la fiabilidad en cualquier entorno marino.  <\/p>\n","protected":false},"excerpt":{"rendered":"<p>Manguera de combustible diesel marino 8 mm &#8211; L\u00ednea de combustible ign\u00edfuga, certificada ISO 7840 La manguera de combustible di\u00e9sel marina de 8 mm es una manguera de combustible ign\u00edfuga de calidad profesional, dise\u00f1ada para motores intraborda marinos y sistemas de transferencia de combustible di\u00e9sel. Certificada conforme a las normas ISO 7840:2021 A1 y SAE [&hellip;]<\/p>\n","protected":false},"featured_media":39004,"comment_status":"open","ping_status":"closed","template":"","meta":[],"product_brand":[],"product_cat":[4111,3600,3599],"product_tag":[],"class_list":{"0":"post-39003","1":"product","2":"type-product","3":"status-publish","4":"has-post-thumbnail","6":"product_cat-alrededor-del-motor","7":"product_cat-mangueras-de-combustible","8":"product_cat-mangueras-y-racores","9":"pa_condition-nuevo","11":"first","12":"instock","13":"taxable","14":"shipping-taxable","15":"purchasable","16":"product-type-simple"},"supplier_id":7294,"supplier_sku":"GS35050","barcode":null,"atum_controlled":true,"out_stock_date":null,"out_stock_threshold":null,"inheritable":false,"inbound_stock":0,"stock_on_hold":25,"sold_today":25,"sales_last_days":25,"reserved_stock":0,"customer_returns":0,"warehouse_damage":0,"lost_in_post":0,"other_logs":0,"out_stock_days":0,"lost_sales":0,"has_location":false,"update_date":"2026-03-18T13:36:15","atum_locations":[],"atum_stock_status":"instock","restock_status":true,"low_stock_amount":1,"sales_update_date":"2026-03-18T13:36:15","calc_backorders":0,"_links":{"self":[{"href":"https:\/\/mps.digital-monkey.in\/es\/wp-json\/wp\/v2\/product\/39003","targetHints":{"allow":["GET"]}}],"collection":[{"href":"https:\/\/mps.digital-monkey.in\/es\/wp-json\/wp\/v2\/product"}],"about":[{"href":"https:\/\/mps.digital-monkey.in\/es\/wp-json\/wp\/v2\/types\/product"}],"replies":[{"embeddable":true,"href":"https:\/\/mps.digital-monkey.in\/es\/wp-json\/wp\/v2\/comments?post=39003"}],"wp:featuredmedia":[{"embeddable":true,"href":"https:\/\/mps.digital-monkey.in\/es\/wp-json\/wp\/v2\/media\/39004"}],"wp:attachment":[{"href":"https:\/\/mps.digital-monkey.in\/es\/wp-json\/wp\/v2\/media?parent=39003"}],"wp:term":[{"taxonomy":"product_brand","embeddable":true,"href":"https:\/\/mps.digital-monkey.in\/es\/wp-json\/wp\/v2\/product_brand?post=39003"},{"taxonomy":"product_cat","embeddable":true,"href":"https:\/\/mps.digital-monkey.in\/es\/wp-json\/wp\/v2\/product_cat?post=39003"},{"taxonomy":"product_tag","embeddable":true,"href":"https:\/\/mps.digital-monkey.in\/es\/wp-json\/wp\/v2\/product_tag?post=39003"}],"curies":[{"name":"wp","href":"https:\/\/api.w.org\/{rel}","templated":true}]}}